{"id":9707,"date":"2022-01-11T20:26:34","date_gmt":"2022-01-11T20:26:34","guid":{"rendered":"https:\/\/preprod2.sipearl.com\/?page_id=9707"},"modified":"2025-09-26T10:22:06","modified_gmt":"2025-09-26T09:22:06","slug":"anna-riverola","status":"publish","type":"page","link":"https:\/\/sipearl.com\/fr\/anna-riverola","title":{"rendered":"Anna Riverola"},"content":{"rendered":"<section class=\"l-section wpb_row height_medium color_footer-top with_img\"><div class=\"l-section-img\" role=\"img\" aria-label=\"Image\" data-img-width=\"1920\" data-img-height=\"680\" style=\"background-image: url(https:\/\/i0.wp.com\/sipearl.com\/wp-content\/uploads\/2024\/08\/fond-degrade.jpg?fit=1920%2C680&#038;ssl=1);background-position: bottom left;background-repeat: no-repeat;\"><\/div><div class=\"l-section-h i-cf\"><div class=\"g-cols vc_row via_flex valign_top type_default stacking_default\"><div class=\"vc_col-sm-12 wpb_column vc_column_container\"><div class=\"vc_column-inner\"><div class=\"wpb_wrapper\"><div class=\"g-cols wpb_row via_flex valign_top type_default stacking_default\"><div class=\"vc_col-sm-12 vc_col-md-offset-3 vc_col-md-6 wpb_column vc_column_container\"><div class=\"vc_column-inner\"><div class=\"wpb_wrapper\"><div class=\"w-separator size_custom\" style=\"height:2rem\"><\/div><\/div><\/div><\/div><\/div><div class=\"g-cols wpb_row via_flex valign_top type_default stacking_default\"><div class=\"vc_col-sm-4 wpb_column vc_column_container\"><div class=\"vc_column-inner us_custom_eaba8efb us_animate_this\"><div class=\"wpb_wrapper\"><div class=\"w-image align_center\"><div class=\"w-image-h\"><img decoding=\"async\" width=\"300\" height=\"300\" src=\"https:\/\/i0.wp.com\/sipearl.com\/wp-content\/uploads\/2023\/07\/Anna_Riverola_SiPearl_2023.jpg?fit=300%2C300&amp;ssl=1\" class=\"attachment-medium size-medium\" alt=\"\" loading=\"lazy\" srcset=\"https:\/\/i0.wp.com\/sipearl.com\/wp-content\/uploads\/2023\/07\/Anna_Riverola_SiPearl_2023.jpg?w=450&amp;ssl=1 450w, https:\/\/i0.wp.com\/sipearl.com\/wp-content\/uploads\/2023\/07\/Anna_Riverola_SiPearl_2023.jpg?resize=300%2C300&amp;ssl=1 300w, https:\/\/i0.wp.com\/sipearl.com\/wp-content\/uploads\/2023\/07\/Anna_Riverola_SiPearl_2023.jpg?resize=150%2C150&amp;ssl=1 150w\" sizes=\"auto, (max-width: 300px) 100vw, 300px\" \/><\/div><\/div><div class=\"w-separator size_custom\" style=\"height:2rem\"><\/div><div class=\"w-image align_center\"><a target=\"_blank\" rel=\"nofollow\" href=\"https:\/\/www.linkedin.com\/in\/anna-riverola-6b406182\/\" aria-label=\"icone_Linkedin_SiPearl\" class=\"w-image-h\"><img decoding=\"async\" width=\"48\" height=\"48\" src=\"https:\/\/i0.wp.com\/sipearl.com\/wp-content\/uploads\/2025\/09\/icons8-linkedin-48.png?fit=48%2C48&amp;ssl=1\" class=\"attachment-full size-full\" alt=\"\" loading=\"lazy\" \/><\/a><\/div><div class=\"w-separator size_custom\" style=\"height:1.5rem\"><\/div><\/div><\/div><\/div><div class=\"vc_col-sm-8 wpb_column vc_column_container\"><div class=\"vc_column-inner us_custom_03ba1afd us_animate_this\"><div class=\"wpb_wrapper\"><div class=\"wpb_text_column\"><div class=\"wpb_wrapper\"><h3><strong>Anna Riverola<\/strong><\/h3>\n<h4>International Development<br \/>\n&amp; Public Affairs Director<\/h4>\n<p>Anna Riverola est en charge du d\u00e9veloppement international et des Affaires Publiques. Elle est \u00e9galement \u00e0 la t\u00eate de la filiale espagnole qui est le p\u00f4le de recherche et d\u00e9veloppement de SiPearl d\u00e9di\u00e9 aux programmes collaboratifs men\u00e9s avec ses partenaires scientifiques et acad\u00e9miques.<\/p>\n<p>Avant de rejoindre SiPearl, Anna \u00e9tait Chef de projet strat\u00e9gique au Barcelona Supercomputing Center (BSC) o\u00f9 elle assurait la gestion globale du projet du consortium European Processor Initiative (EPI). Dans ces fonctions, elle travaillait d\u00e9j\u00e0 en \u00e9troite collaboration avec Philippe Notton.<\/p>\n<p><span>Elle est membre du Comit\u00e9 de Direction.<\/span><\/p>\n<p>Elle est titulaire d&rsquo;un Master of Science en t\u00e9l\u00e9d\u00e9tection par satellite et syst\u00e8me d&rsquo;information g\u00e9ographique de l&rsquo;Universit\u00e9 autonome de Barcelone.<\/p>\n<\/div><\/div><div class=\"w-separator size_custom\" style=\"height:1.8rem\"><\/div><div class=\"w-btn-wrapper align_left\"><a class=\"w-btn us-btn-style_29\" href=\"https:\/\/sipearl.com\/fr\/direction-sipearl\"><span class=\"w-btn-label\">Revenir page \u00e9quipe<\/span><\/a><\/div><\/div><\/div><\/div><\/div><\/div><\/div><\/div><\/div><\/div><\/section>\n","protected":false},"excerpt":{"rendered":"Anna Riverola International Development &amp; Public Affairs Director Anna Riverola est en charge du d\u00e9veloppement international et des Affaires Publiques. Elle est \u00e9galement \u00e0 la t\u00eate de la filiale espagnole qui est le p\u00f4le de recherche et d\u00e9veloppement de SiPearl d\u00e9di\u00e9 aux programmes collaboratifs men\u00e9s avec ses partenaires scientifiques et acad\u00e9miques. Avant de rejoindre SiPearl,...","protected":false},"author":1,"featured_media":0,"parent":0,"menu_order":0,"comment_status":"closed","ping_status":"closed","template":"","meta":{"footnotes":""},"class_list":["post-9707","page","type-page","status-publish","hentry"],"yoast_head":"<!-- This site is optimized with the Yoast SEO plugin v27.3 - https:\/\/yoast.com\/product\/yoast-seo-wordpress\/ -->\n<title>Anna Riverola - International Dev. &amp; Public Affairs Directors<\/title>\n<meta name=\"description\" content=\"Anna Riverola est Directrice du D\u00e9veloppement International et des Affaires Publiques de SIPearl. Pr\u00e9c\u00e9demment, elle travaillait au BSC.\" \/>\n<meta name=\"robots\" content=\"index, follow, max-snippet:-1, max-image-preview:large, max-video-preview:-1\" \/>\n<link rel=\"canonical\" href=\"https:\/\/sipearl.com\/fr\/anna-riverola\" \/>\n<meta property=\"og:locale\" content=\"fr_FR\" \/>\n<meta property=\"og:type\" content=\"article\" \/>\n<meta property=\"og:title\" content=\"Anna Riverola - International Dev. &amp; Public Affairs Directors\" \/>\n<meta property=\"og:description\" content=\"Anna Riverola est Directrice du D\u00e9veloppement International et des Affaires Publiques de SIPearl. Pr\u00e9c\u00e9demment, elle travaillait au BSC.\" \/>\n<meta property=\"og:url\" content=\"https:\/\/sipearl.com\/fr\/anna-riverola\" \/>\n<meta property=\"og:site_name\" content=\"SiPearl\" \/>\n<meta property=\"article:modified_time\" content=\"2025-09-26T09:22:06+00:00\" \/>\n<meta name=\"twitter:card\" content=\"summary_large_image\" \/>\n<meta name=\"twitter:site\" content=\"@SIPEARL_SAS\" \/>\n<meta name=\"twitter:label1\" content=\"Dur\u00e9e de lecture estim\u00e9e\" \/>\n\t<meta name=\"twitter:data1\" content=\"1 minute\" \/>\n<script type=\"application\/ld+json\" class=\"yoast-schema-graph\">{\"@context\":\"https:\\\/\\\/schema.org\",\"@graph\":[{\"@type\":\"WebPage\",\"@id\":\"https:\\\/\\\/sipearl.com\\\/fr\\\/anna-riverola\",\"url\":\"https:\\\/\\\/sipearl.com\\\/fr\\\/anna-riverola\",\"name\":\"Anna Riverola - International Dev. & Public Affairs Directors\",\"isPartOf\":{\"@id\":\"https:\\\/\\\/sipearl.com\\\/fr#website\"},\"datePublished\":\"2022-01-11T20:26:34+00:00\",\"dateModified\":\"2025-09-26T09:22:06+00:00\",\"description\":\"Anna Riverola est Directrice du D\u00e9veloppement International et des Affaires Publiques de SIPearl. Pr\u00e9c\u00e9demment, elle travaillait au BSC.\",\"breadcrumb\":{\"@id\":\"https:\\\/\\\/sipearl.com\\\/fr\\\/anna-riverola#breadcrumb\"},\"inLanguage\":\"fr-FR\",\"potentialAction\":[{\"@type\":\"ReadAction\",\"target\":[\"https:\\\/\\\/sipearl.com\\\/fr\\\/anna-riverola\"]}]},{\"@type\":\"BreadcrumbList\",\"@id\":\"https:\\\/\\\/sipearl.com\\\/fr\\\/anna-riverola#breadcrumb\",\"itemListElement\":[{\"@type\":\"ListItem\",\"position\":1,\"name\":\"Accueil\",\"item\":\"https:\\\/\\\/sipearl.com\\\/fr\"},{\"@type\":\"ListItem\",\"position\":2,\"name\":\"Anna Riverola\"}]},{\"@type\":\"WebSite\",\"@id\":\"https:\\\/\\\/sipearl.com\\\/fr#website\",\"url\":\"https:\\\/\\\/sipearl.com\\\/fr\",\"name\":\"SiPearl\",\"description\":\"le microprocesseur europ\u00e9en\",\"publisher\":{\"@id\":\"https:\\\/\\\/sipearl.com\\\/fr#organization\"},\"potentialAction\":[{\"@type\":\"SearchAction\",\"target\":{\"@type\":\"EntryPoint\",\"urlTemplate\":\"https:\\\/\\\/sipearl.com\\\/fr?s={search_term_string}\"},\"query-input\":{\"@type\":\"PropertyValueSpecification\",\"valueRequired\":true,\"valueName\":\"search_term_string\"}}],\"inLanguage\":\"fr-FR\"},{\"@type\":\"Organization\",\"@id\":\"https:\\\/\\\/sipearl.com\\\/fr#organization\",\"name\":\"SiPearl\",\"url\":\"https:\\\/\\\/sipearl.com\\\/fr\",\"logo\":{\"@type\":\"ImageObject\",\"inLanguage\":\"fr-FR\",\"@id\":\"https:\\\/\\\/sipearl.com\\\/fr#\\\/schema\\\/logo\\\/image\\\/\",\"url\":\"https:\\\/\\\/sipearl.com\\\/wp-content\\\/uploads\\\/2021\\\/08\\\/logo_SIPEARL.png\",\"contentUrl\":\"https:\\\/\\\/sipearl.com\\\/wp-content\\\/uploads\\\/2021\\\/08\\\/logo_SIPEARL.png\",\"width\":1146,\"height\":396,\"caption\":\"SiPearl\"},\"image\":{\"@id\":\"https:\\\/\\\/sipearl.com\\\/fr#\\\/schema\\\/logo\\\/image\\\/\"},\"sameAs\":[\"https:\\\/\\\/x.com\\\/SIPEARL_SAS\",\"https:\\\/\\\/www.linkedin.com\\\/company\\\/sipearl\\\/\"]}]}<\/script>\n<!-- \/ Yoast SEO plugin. -->","yoast_head_json":{"title":"Anna Riverola - International Dev. & Public Affairs Directors","description":"Anna Riverola est Directrice du D\u00e9veloppement International et des Affaires Publiques de SIPearl. Pr\u00e9c\u00e9demment, elle travaillait au BSC.","robots":{"index":"index","follow":"follow","max-snippet":"max-snippet:-1","max-image-preview":"max-image-preview:large","max-video-preview":"max-video-preview:-1"},"canonical":"https:\/\/sipearl.com\/fr\/anna-riverola","og_locale":"fr_FR","og_type":"article","og_title":"Anna Riverola - International Dev. & Public Affairs Directors","og_description":"Anna Riverola est Directrice du D\u00e9veloppement International et des Affaires Publiques de SIPearl. Pr\u00e9c\u00e9demment, elle travaillait au BSC.","og_url":"https:\/\/sipearl.com\/fr\/anna-riverola","og_site_name":"SiPearl","article_modified_time":"2025-09-26T09:22:06+00:00","twitter_card":"summary_large_image","twitter_site":"@SIPEARL_SAS","twitter_misc":{"Dur\u00e9e de lecture estim\u00e9e":"1 minute"},"schema":{"@context":"https:\/\/schema.org","@graph":[{"@type":"WebPage","@id":"https:\/\/sipearl.com\/fr\/anna-riverola","url":"https:\/\/sipearl.com\/fr\/anna-riverola","name":"Anna Riverola - International Dev. & Public Affairs Directors","isPartOf":{"@id":"https:\/\/sipearl.com\/fr#website"},"datePublished":"2022-01-11T20:26:34+00:00","dateModified":"2025-09-26T09:22:06+00:00","description":"Anna Riverola est Directrice du D\u00e9veloppement International et des Affaires Publiques de SIPearl. Pr\u00e9c\u00e9demment, elle travaillait au BSC.","breadcrumb":{"@id":"https:\/\/sipearl.com\/fr\/anna-riverola#breadcrumb"},"inLanguage":"fr-FR","potentialAction":[{"@type":"ReadAction","target":["https:\/\/sipearl.com\/fr\/anna-riverola"]}]},{"@type":"BreadcrumbList","@id":"https:\/\/sipearl.com\/fr\/anna-riverola#breadcrumb","itemListElement":[{"@type":"ListItem","position":1,"name":"Accueil","item":"https:\/\/sipearl.com\/fr"},{"@type":"ListItem","position":2,"name":"Anna Riverola"}]},{"@type":"WebSite","@id":"https:\/\/sipearl.com\/fr#website","url":"https:\/\/sipearl.com\/fr","name":"SiPearl","description":"le microprocesseur europ\u00e9en","publisher":{"@id":"https:\/\/sipearl.com\/fr#organization"},"potentialAction":[{"@type":"SearchAction","target":{"@type":"EntryPoint","urlTemplate":"https:\/\/sipearl.com\/fr?s={search_term_string}"},"query-input":{"@type":"PropertyValueSpecification","valueRequired":true,"valueName":"search_term_string"}}],"inLanguage":"fr-FR"},{"@type":"Organization","@id":"https:\/\/sipearl.com\/fr#organization","name":"SiPearl","url":"https:\/\/sipearl.com\/fr","logo":{"@type":"ImageObject","inLanguage":"fr-FR","@id":"https:\/\/sipearl.com\/fr#\/schema\/logo\/image\/","url":"https:\/\/sipearl.com\/wp-content\/uploads\/2021\/08\/logo_SIPEARL.png","contentUrl":"https:\/\/sipearl.com\/wp-content\/uploads\/2021\/08\/logo_SIPEARL.png","width":1146,"height":396,"caption":"SiPearl"},"image":{"@id":"https:\/\/sipearl.com\/fr#\/schema\/logo\/image\/"},"sameAs":["https:\/\/x.com\/SIPEARL_SAS","https:\/\/www.linkedin.com\/company\/sipearl\/"]}]}},"jetpack_sharing_enabled":true,"_links":{"self":[{"href":"https:\/\/sipearl.com\/fr\/wp-json\/wp\/v2\/pages\/9707","targetHints":{"allow":["GET"]}}],"collection":[{"href":"https:\/\/sipearl.com\/fr\/wp-json\/wp\/v2\/pages"}],"about":[{"href":"https:\/\/sipearl.com\/fr\/wp-json\/wp\/v2\/types\/page"}],"author":[{"embeddable":true,"href":"https:\/\/sipearl.com\/fr\/wp-json\/wp\/v2\/users\/1"}],"replies":[{"embeddable":true,"href":"https:\/\/sipearl.com\/fr\/wp-json\/wp\/v2\/comments?post=9707"}],"version-history":[{"count":26,"href":"https:\/\/sipearl.com\/fr\/wp-json\/wp\/v2\/pages\/9707\/revisions"}],"predecessor-version":[{"id":22273,"href":"https:\/\/sipearl.com\/fr\/wp-json\/wp\/v2\/pages\/9707\/revisions\/22273"}],"wp:attachment":[{"href":"https:\/\/sipearl.com\/fr\/wp-json\/wp\/v2\/media?parent=9707"}],"curies":[{"name":"wp","href":"https:\/\/api.w.org\/{rel}","templated":true}]}}