{"id":9011,"date":"2021-09-25T08:50:34","date_gmt":"2021-09-25T08:50:34","guid":{"rendered":"https:\/\/jiloutou.fr\/?page_id=9011"},"modified":"2022-02-10T14:35:53","modified_gmt":"2022-02-10T14:35:53","slug":"cookies-sipearl","status":"publish","type":"page","link":"https:\/\/sipearl.com\/fr\/cookies-sipearl","title":{"rendered":"Politique de cookies SiPearl"},"content":{"rendered":"<section class=\"l-section wpb_row height_medium full_height valign_center width_full color_primary with_img parallax_ver\"><div class=\"l-section-img\" role=\"img\" aria-label=\"microprocesseur SiPearl\" data-img-width=\"1024\" data-img-height=\"544\" style=\"background-image: url(https:\/\/i0.wp.com\/sipearl.com\/wp-content\/uploads\/2021\/08\/SiPearl_microprocesseur_haute_performance_HPC.jpg?fit=1024%2C544&#038;ssl=1);background-repeat: no-repeat;\"><\/div><div class=\"l-section-overlay\" style=\"background:rgba(0,0,0,0.40)\"><\/div><div class=\"l-section-h i-cf\"><div class=\"g-cols vc_row via_flex valign_top type_default stacking_default\"><div class=\"vc_col-sm-2 wpb_column vc_column_container\"><div class=\"vc_column-inner\"><div class=\"wpb_wrapper\"><\/div><\/div><\/div><div class=\"vc_col-sm-8 wpb_column vc_column_container us_animate_afc\" style=\"animation-delay:0.4s\"><div class=\"vc_column-inner\"><div class=\"wpb_wrapper\"><div class=\"g-cols wpb_row via_flex valign_middle type_default stacking_default\"><div class=\"vc_col-sm-12 wpb_column vc_column_container\"><div class=\"vc_column-inner\"><div class=\"wpb_wrapper\"><div class=\"w-separator size_custom\" style=\"height:1.5rem\"><\/div><div class=\"wpb_text_column\"><div class=\"wpb_wrapper\"><h1 style=\"text-align: center;\"><strong>Politique de cookies<br \/>\n<\/strong><strong>SiPearl<\/strong><\/h1>\n<\/div><\/div><div class=\"w-separator size_custom\" style=\"height:3rem\"><\/div><\/div><\/div><\/div><\/div><\/div><\/div><\/div><div class=\"vc_col-sm-2 wpb_column vc_column_container\"><div class=\"vc_column-inner\"><div class=\"wpb_wrapper\"><\/div><\/div><\/div><\/div><\/div><\/section><section class=\"l-section wpb_row height_small\"><div class=\"l-section-h i-cf\"><div class=\"g-cols vc_row via_flex valign_top type_default stacking_default\"><div class=\"vc_col-sm-12 wpb_column vc_column_container\"><div class=\"vc_column-inner\"><div class=\"wpb_wrapper\"><div class=\"w-separator size_medium\"><\/div><div class=\"wpb_text_column\"><div class=\"wpb_wrapper\"><h3><strong>1. Qu&rsquo;est-ce qu&rsquo;un cookie ?<br \/>\n<\/strong><\/h3>\n<\/div><\/div><div class=\"w-separator size_custom\" style=\"height:1rem\"><\/div><div class=\"wpb_text_column\"><div class=\"wpb_wrapper\"><p>Un cookie est un petit fichier de donn\u00e9es envoy\u00e9 par le serveur internet de notre site au fichier cookie du navigateur situ\u00e9 sur le disque dur de votre appareil. Pour une dur\u00e9e d\u00e9termin\u00e9e, votre navigateur conservera ce cookie et le renverra au serveur de notre site Internet lorsque vous vous y connecterez \u00e0 nouveau. Les cookies peuvent avoir plusieurs usages : m\u00e9moriser vos identifiants afin de faciliter la connexion \u00e0 votre compte, tracer vos sessions et votre navigation \u00e0 des fin de statistiques, ou encore identifier vos centres d&rsquo;int\u00e9r\u00eats pour vous proposer du contenu pertinent.<\/p>\n<p style=\"font-style: inherit; font-weight: inherit;\">Le fichier cookie permet \u00e0 son \u00e9metteur d\u2019identifier le terminal dans lequel il est enregistr\u00e9 pendant la dur\u00e9e de validit\u00e9 ou d\u2019enregistrement du cookie concern\u00e9. Cependant, il ne permet pas de remonter \u00e0 une personne physique.<\/p>\n<p>Sur notre site, nous utilisons\u00a0:<\/p>\n<ul>\n<li>des cookies strictement n\u00e9cessaires au bon fonctionnement de notre site\u00a0;<\/li>\n<li>et des cookies de performance du site.<\/li>\n<\/ul>\n<\/div><\/div><div class=\"w-separator size_custom\" style=\"height:1.5rem\"><\/div><\/div><\/div><\/div><\/div><\/div><\/section><section class=\"l-section wpb_row height_small\"><div class=\"l-section-h i-cf\"><div class=\"g-cols vc_row via_flex valign_top type_default stacking_default\"><div class=\"vc_col-sm-12 wpb_column vc_column_container\"><div class=\"vc_column-inner\"><div class=\"wpb_wrapper\"><div class=\"wpb_text_column\"><div class=\"wpb_wrapper\"><h3><strong>2. Cookies strictement n\u00e9cessaires<\/strong><\/h3>\n<\/div><\/div><div class=\"w-separator size_custom\" style=\"height:1rem\"><\/div><div class=\"wpb_text_column\"><div class=\"wpb_wrapper\"><p>Ces cookies sont n\u00e9cessaires au bon fonctionnement du site SiPearl et permettent de vous garantir une exp\u00e9rience optimale. Ils sont automatiquement effac\u00e9s lorsque vous quittez notre site Internet ou, pour les cookies d&rsquo;autorisation de d\u00e9p\u00f4ts de cookies, pour une dur\u00e9e de 12 mois. Ils ne recueillent pas d&rsquo;informations sur l&rsquo;utilisateur et son activit\u00e9 ni aucune autre information qui pourrait \u00eatre utilis\u00e9e pour des raisons de marketing ou de ciblage.<\/p>\n<\/div><\/div><div class=\"w-separator size_custom\" style=\"height:1.5rem\"><\/div><\/div><\/div><\/div><\/div><\/div><\/section><section class=\"l-section wpb_row height_small\"><div class=\"l-section-h i-cf\"><div class=\"g-cols vc_row via_flex valign_top type_default stacking_default\"><div class=\"vc_col-sm-12 wpb_column vc_column_container\"><div class=\"vc_column-inner\"><div class=\"wpb_wrapper\"><div class=\"wpb_text_column\"><div class=\"wpb_wrapper\"><h3><strong>3. Cookies de performance<br \/>\n<\/strong><\/h3>\n<\/div><\/div><div class=\"w-separator size_custom\" style=\"height:1rem\"><\/div><div class=\"wpb_text_column\"><div class=\"wpb_wrapper\"><p>Ces cookies collectent des informations sur la fa\u00e7on dont vous utilisez le site sipearl.com. Par exemple, les pages que vous visitez le plus et \u00e0 quelle fr\u00e9quence. Ces donn\u00e9es peuvent \u00eatre utilis\u00e9es pour aider \u00e0 optimiser notre site Internet et vous faciliter la navigation. Ces cookies ne collectent pas d&rsquo;informations permettant de vous identifier. Toutes les informations collect\u00e9es par ces cookies sont agr\u00e9g\u00e9es et donc anonymes.<\/p>\n<p>Ces cookies appel\u00e9s \u00abde suivi\u00bb ne sont pas automatiquement effac\u00e9s lorsque vous quittez notre site Internet. Ils ne sont d\u00e9pos\u00e9s que si vous les acceptez et leur dur\u00e9e de vie est de 13 mois au maximum.<\/p>\n<\/div><\/div><div class=\"w-separator size_custom\" style=\"height:1.5rem\"><\/div><\/div><\/div><\/div><\/div><\/div><\/section><section class=\"l-section wpb_row height_small\"><div class=\"l-section-h i-cf\"><div class=\"g-cols vc_row via_flex valign_top type_default stacking_default\"><div class=\"vc_col-sm-12 wpb_column vc_column_container\"><div class=\"vc_column-inner\"><div class=\"wpb_wrapper\"><div class=\"wpb_text_column\"><div class=\"wpb_wrapper\"><h3><strong>4. Cookies analytiques anonymes<br \/>\n<\/strong><\/h3>\n<\/div><\/div><div class=\"w-separator size_custom\" style=\"height:1rem\"><\/div><div class=\"wpb_text_column\"><div class=\"wpb_wrapper\"><p>Chaque fois qu&rsquo;un internaute visite le site sipearl.com, Google g\u00e9n\u00e8re un cookie d&rsquo;analyse anonyme. Ces cookies peuvent nous dire si vous avez d\u00e9j\u00e0 visit\u00e9 le site ou non. Votre navigateur nous dira si vous avez ces cookies et, si ce n&rsquo;est pas le cas, nous en g\u00e9n\u00e9rons de nouveaux.<\/p>\n<p>Cela nous permet de suivre le nombre de nos utilisateurs individuels et la fr\u00e9quence \u00e0 laquelle ils visitent le site. Nous utilisons ces cookies pour recueillir des statistiques, par exemple, le nombre de visites sur une page. Si vous \u00eates connect\u00e9, nous conna\u00eetrons \u00e9galement les informations que vous nous avez fournies \u00e0 cet effet, telles que votre nom d&rsquo;utilisateur et votre adresse e-mail.<\/p>\n<\/div><\/div><div class=\"w-separator size_custom\" style=\"height:1.5rem\"><\/div><\/div><\/div><\/div><\/div><\/div><\/section><section class=\"l-section wpb_row height_small\"><div class=\"l-section-h i-cf\"><div class=\"g-cols vc_row via_flex valign_top type_default stacking_default\"><div class=\"vc_col-sm-12 wpb_column vc_column_container\"><div class=\"vc_column-inner\"><div class=\"wpb_wrapper\"><div class=\"wpb_text_column\"><div class=\"wpb_wrapper\"><h3><strong>5. Gestion des cookies<br \/>\n<\/strong><\/h3>\n<\/div><\/div><div class=\"w-separator size_custom\" style=\"height:1rem\"><\/div><div class=\"wpb_text_column\"><div class=\"wpb_wrapper\"><p>Nous utilisons des cookies pour assurer un fonctionnement optimal du site Internet SiPearl et pour vous en faciliter l&rsquo;acc\u00e8s en collectant des informations sur votre appareil et vos pr\u00e9f\u00e9rences (par exemple votre appareil et votre navigateur).<\/p>\n<p>Ainsi, si vous souhaitez utiliser le site Internet SiPearl de mani\u00e8re compl\u00e8te et optimale, nous vous recommandons d&rsquo;accepter ces cookies.<\/p>\n<\/div><\/div><\/div><\/div><\/div><\/div><\/div><\/section><section class=\"l-section wpb_row height_medium\"><div class=\"l-section-h i-cf\"><div class=\"g-cols vc_row via_flex valign_top type_default stacking_default\"><div class=\"vc_col-sm-12 wpb_column vc_column_container\"><div class=\"vc_column-inner\"><div class=\"wpb_wrapper\"><div class=\"w-separator size_large\"><\/div><\/div><\/div><\/div><\/div><\/div><\/section>\n","protected":false},"excerpt":{"rendered":"Politique de cookies SiPearl 1. Qu&rsquo;est-ce qu&rsquo;un cookie ? Un cookie est un petit fichier de donn\u00e9es envoy\u00e9 par le serveur internet de notre site au fichier cookie du navigateur situ\u00e9 sur le disque dur de votre appareil. Pour une dur\u00e9e d\u00e9termin\u00e9e, votre navigateur conservera ce cookie et le renverra au serveur de notre site...","protected":false},"author":1,"featured_media":0,"parent":0,"menu_order":0,"comment_status":"closed","ping_status":"closed","template":"","meta":{"footnotes":""},"class_list":["post-9011","page","type-page","status-publish","hentry"],"yoast_head":"<!-- This site is optimized with the Yoast SEO plugin v27.4 - https:\/\/yoast.com\/product\/yoast-seo-wordpress\/ -->\n<title>Politique de cookies SiPearl<\/title>\n<meta name=\"description\" content=\"Cookies sur sipearl.com : nous utilisons uniquement des cookies n\u00e9cessaires au bon fonctionnement du site et des cookies de performance.\" \/>\n<meta name=\"robots\" content=\"index, follow, max-snippet:-1, max-image-preview:large, max-video-preview:-1\" \/>\n<link rel=\"canonical\" href=\"https:\/\/sipearl.com\/fr\/cookies-sipearl\" \/>\n<meta property=\"og:locale\" content=\"fr_FR\" \/>\n<meta property=\"og:type\" content=\"article\" \/>\n<meta property=\"og:title\" content=\"Politique de cookies SiPearl\" \/>\n<meta property=\"og:description\" content=\"Cookies sur sipearl.com : nous utilisons uniquement des cookies n\u00e9cessaires au bon fonctionnement du site et des cookies de performance.\" \/>\n<meta property=\"og:url\" content=\"https:\/\/sipearl.com\/fr\/cookies-sipearl\" \/>\n<meta property=\"og:site_name\" content=\"SiPearl\" \/>\n<meta property=\"article:modified_time\" content=\"2022-02-10T14:35:53+00:00\" \/>\n<meta name=\"twitter:card\" content=\"summary_large_image\" \/>\n<meta name=\"twitter:site\" content=\"@SIPEARL_SAS\" \/>\n<meta name=\"twitter:label1\" content=\"Dur\u00e9e de lecture estim\u00e9e\" \/>\n\t<meta name=\"twitter:data1\" content=\"3 minutes\" \/>\n<script type=\"application\/ld+json\" class=\"yoast-schema-graph\">{\"@context\":\"https:\\\/\\\/schema.org\",\"@graph\":[{\"@type\":\"WebPage\",\"@id\":\"https:\\\/\\\/sipearl.com\\\/fr\\\/cookies-sipearl\",\"url\":\"https:\\\/\\\/sipearl.com\\\/fr\\\/cookies-sipearl\",\"name\":\"Politique de cookies SiPearl\",\"isPartOf\":{\"@id\":\"https:\\\/\\\/sipearl.com\\\/fr#website\"},\"datePublished\":\"2021-09-25T08:50:34+00:00\",\"dateModified\":\"2022-02-10T14:35:53+00:00\",\"description\":\"Cookies sur sipearl.com : nous utilisons uniquement des cookies n\u00e9cessaires au bon fonctionnement du site et des cookies de performance.\",\"breadcrumb\":{\"@id\":\"https:\\\/\\\/sipearl.com\\\/fr\\\/cookies-sipearl#breadcrumb\"},\"inLanguage\":\"fr-FR\",\"potentialAction\":[{\"@type\":\"ReadAction\",\"target\":[\"https:\\\/\\\/sipearl.com\\\/fr\\\/cookies-sipearl\"]}]},{\"@type\":\"BreadcrumbList\",\"@id\":\"https:\\\/\\\/sipearl.com\\\/fr\\\/cookies-sipearl#breadcrumb\",\"itemListElement\":[{\"@type\":\"ListItem\",\"position\":1,\"name\":\"Accueil\",\"item\":\"https:\\\/\\\/sipearl.com\\\/fr\"},{\"@type\":\"ListItem\",\"position\":2,\"name\":\"Politique de cookies SiPearl\"}]},{\"@type\":\"WebSite\",\"@id\":\"https:\\\/\\\/sipearl.com\\\/fr#website\",\"url\":\"https:\\\/\\\/sipearl.com\\\/fr\",\"name\":\"SiPearl\",\"description\":\"le microprocesseur europ\u00e9en\",\"publisher\":{\"@id\":\"https:\\\/\\\/sipearl.com\\\/fr#organization\"},\"potentialAction\":[{\"@type\":\"SearchAction\",\"target\":{\"@type\":\"EntryPoint\",\"urlTemplate\":\"https:\\\/\\\/sipearl.com\\\/fr?s={search_term_string}\"},\"query-input\":{\"@type\":\"PropertyValueSpecification\",\"valueRequired\":true,\"valueName\":\"search_term_string\"}}],\"inLanguage\":\"fr-FR\"},{\"@type\":\"Organization\",\"@id\":\"https:\\\/\\\/sipearl.com\\\/fr#organization\",\"name\":\"SiPearl\",\"url\":\"https:\\\/\\\/sipearl.com\\\/fr\",\"logo\":{\"@type\":\"ImageObject\",\"inLanguage\":\"fr-FR\",\"@id\":\"https:\\\/\\\/sipearl.com\\\/fr#\\\/schema\\\/logo\\\/image\\\/\",\"url\":\"https:\\\/\\\/sipearl.com\\\/wp-content\\\/uploads\\\/2021\\\/08\\\/logo_SIPEARL.png\",\"contentUrl\":\"https:\\\/\\\/sipearl.com\\\/wp-content\\\/uploads\\\/2021\\\/08\\\/logo_SIPEARL.png\",\"width\":1146,\"height\":396,\"caption\":\"SiPearl\"},\"image\":{\"@id\":\"https:\\\/\\\/sipearl.com\\\/fr#\\\/schema\\\/logo\\\/image\\\/\"},\"sameAs\":[\"https:\\\/\\\/x.com\\\/SIPEARL_SAS\",\"https:\\\/\\\/www.linkedin.com\\\/company\\\/sipearl\\\/\"]}]}<\/script>\n<!-- \/ Yoast SEO plugin. -->","yoast_head_json":{"title":"Politique de cookies SiPearl","description":"Cookies sur sipearl.com : nous utilisons uniquement des cookies n\u00e9cessaires au bon fonctionnement du site et des cookies de performance.","robots":{"index":"index","follow":"follow","max-snippet":"max-snippet:-1","max-image-preview":"max-image-preview:large","max-video-preview":"max-video-preview:-1"},"canonical":"https:\/\/sipearl.com\/fr\/cookies-sipearl","og_locale":"fr_FR","og_type":"article","og_title":"Politique de cookies SiPearl","og_description":"Cookies sur sipearl.com : nous utilisons uniquement des cookies n\u00e9cessaires au bon fonctionnement du site et des cookies de performance.","og_url":"https:\/\/sipearl.com\/fr\/cookies-sipearl","og_site_name":"SiPearl","article_modified_time":"2022-02-10T14:35:53+00:00","twitter_card":"summary_large_image","twitter_site":"@SIPEARL_SAS","twitter_misc":{"Dur\u00e9e de lecture estim\u00e9e":"3 minutes"},"schema":{"@context":"https:\/\/schema.org","@graph":[{"@type":"WebPage","@id":"https:\/\/sipearl.com\/fr\/cookies-sipearl","url":"https:\/\/sipearl.com\/fr\/cookies-sipearl","name":"Politique de cookies SiPearl","isPartOf":{"@id":"https:\/\/sipearl.com\/fr#website"},"datePublished":"2021-09-25T08:50:34+00:00","dateModified":"2022-02-10T14:35:53+00:00","description":"Cookies sur sipearl.com : nous utilisons uniquement des cookies n\u00e9cessaires au bon fonctionnement du site et des cookies de performance.","breadcrumb":{"@id":"https:\/\/sipearl.com\/fr\/cookies-sipearl#breadcrumb"},"inLanguage":"fr-FR","potentialAction":[{"@type":"ReadAction","target":["https:\/\/sipearl.com\/fr\/cookies-sipearl"]}]},{"@type":"BreadcrumbList","@id":"https:\/\/sipearl.com\/fr\/cookies-sipearl#breadcrumb","itemListElement":[{"@type":"ListItem","position":1,"name":"Accueil","item":"https:\/\/sipearl.com\/fr"},{"@type":"ListItem","position":2,"name":"Politique de cookies SiPearl"}]},{"@type":"WebSite","@id":"https:\/\/sipearl.com\/fr#website","url":"https:\/\/sipearl.com\/fr","name":"SiPearl","description":"le microprocesseur europ\u00e9en","publisher":{"@id":"https:\/\/sipearl.com\/fr#organization"},"potentialAction":[{"@type":"SearchAction","target":{"@type":"EntryPoint","urlTemplate":"https:\/\/sipearl.com\/fr?s={search_term_string}"},"query-input":{"@type":"PropertyValueSpecification","valueRequired":true,"valueName":"search_term_string"}}],"inLanguage":"fr-FR"},{"@type":"Organization","@id":"https:\/\/sipearl.com\/fr#organization","name":"SiPearl","url":"https:\/\/sipearl.com\/fr","logo":{"@type":"ImageObject","inLanguage":"fr-FR","@id":"https:\/\/sipearl.com\/fr#\/schema\/logo\/image\/","url":"https:\/\/sipearl.com\/wp-content\/uploads\/2021\/08\/logo_SIPEARL.png","contentUrl":"https:\/\/sipearl.com\/wp-content\/uploads\/2021\/08\/logo_SIPEARL.png","width":1146,"height":396,"caption":"SiPearl"},"image":{"@id":"https:\/\/sipearl.com\/fr#\/schema\/logo\/image\/"},"sameAs":["https:\/\/x.com\/SIPEARL_SAS","https:\/\/www.linkedin.com\/company\/sipearl\/"]}]}},"jetpack_sharing_enabled":true,"_links":{"self":[{"href":"https:\/\/sipearl.com\/fr\/wp-json\/wp\/v2\/pages\/9011","targetHints":{"allow":["GET"]}}],"collection":[{"href":"https:\/\/sipearl.com\/fr\/wp-json\/wp\/v2\/pages"}],"about":[{"href":"https:\/\/sipearl.com\/fr\/wp-json\/wp\/v2\/types\/page"}],"author":[{"embeddable":true,"href":"https:\/\/sipearl.com\/fr\/wp-json\/wp\/v2\/users\/1"}],"replies":[{"embeddable":true,"href":"https:\/\/sipearl.com\/fr\/wp-json\/wp\/v2\/comments?post=9011"}],"version-history":[{"count":17,"href":"https:\/\/sipearl.com\/fr\/wp-json\/wp\/v2\/pages\/9011\/revisions"}],"predecessor-version":[{"id":9068,"href":"https:\/\/sipearl.com\/fr\/wp-json\/wp\/v2\/pages\/9011\/revisions\/9068"}],"wp:attachment":[{"href":"https:\/\/sipearl.com\/fr\/wp-json\/wp\/v2\/media?parent=9011"}],"curies":[{"name":"wp","href":"https:\/\/api.w.org\/{rel}","templated":true}]}}