{"id":8697,"date":"2021-09-14T12:11:00","date_gmt":"2021-09-14T12:11:00","guid":{"rendered":"https:\/\/jiloutou.fr\/?page_id=8697"},"modified":"2026-02-27T12:05:42","modified_gmt":"2026-02-27T11:05:42","slug":"sipearl-maisons-laffitte","status":"publish","type":"page","link":"https:\/\/sipearl.com\/fr\/sipearl-maisons-laffitte","title":{"rendered":"SiPearl Maisons-Laffitte"},"content":{"rendered":"<section class=\"l-section wpb_row height_medium with_img parallax_ver parallax_xpos_left\"><div class=\"l-section-img\" role=\"img\" aria-label=\"Image\" data-img-width=\"1440\" data-img-height=\"741\" style=\"background-image: url(https:\/\/i0.wp.com\/sipearl.com\/wp-content\/uploads\/2024\/02\/fond-pages-secondaires_SiPearl.jpg?fit=1440%2C741&#038;ssl=1);background-position: bottom left;background-repeat: no-repeat;\"><\/div><div class=\"l-section-h i-cf\"><div class=\"g-cols vc_row via_flex valign_top type_default stacking_default\"><div class=\"vc_col-sm-12 wpb_column vc_column_container\"><div class=\"vc_column-inner\"><div class=\"wpb_wrapper\"><div class=\"g-cols wpb_row via_flex valign_top type_default stacking_default\" style=\"--additional-gap:3px;\"><div class=\"vc_col-sm-12 wpb_column vc_column_container\"><div class=\"vc_column-inner\"><div class=\"wpb_wrapper\"><div class=\"w-separator hide_on_tablets hide_on_mobiles size_custom\" style=\"height:0.5rem\"><\/div><div class=\"wpb_text_column\"><div class=\"wpb_wrapper\"><h1 style=\"text-align: left;\">Nos implantations<\/h1>\n<\/div><\/div><div class=\"w-separator size_custom\" style=\"height:1.5rem\"><\/div><div class=\"wpb_text_column\"><div class=\"wpb_wrapper\"><h3><span style=\"color: #009fe3;\">Maisons-Laffitte<\/span><\/h3>\n<\/div><\/div><\/div><\/div><\/div><\/div><div class=\"g-cols wpb_row via_flex valign_top type_default stacking_default\"><div class=\"vc_col-sm-12 vc_col-md-offset-3 vc_col-md-6 wpb_column vc_column_container\"><div class=\"vc_column-inner\"><div class=\"wpb_wrapper\"><div class=\"w-separator size_large\"><\/div><\/div><\/div><\/div><\/div><div class=\"g-cols wpb_row via_flex valign_top type_default stacking_default\"><div class=\"vc_col-sm-6 wpb_column vc_column_container\"><div class=\"vc_column-inner\"><div class=\"wpb_wrapper\"><div class=\"w-btn-wrapper align_none\"><a class=\"w-btn us-btn-style_2 icon_atleft\" href=\"https:\/\/sipearl.com\/fr\/contact\"><i class=\"fas fa-arrow-left\"><\/i><span class=\"w-btn-label\">Revenir \u00e0 la page Contact<\/span><\/a><\/div><div class=\"w-separator size_custom\" style=\"height:0.5rem\"><\/div><div class=\"w-image align_center\"><div class=\"w-image-h\"><img decoding=\"async\" width=\"900\" height=\"600\" src=\"https:\/\/i0.wp.com\/sipearl.com\/wp-content\/uploads\/2024\/06\/SiPearl_Maisons-Laffitte_78_HQ.jpg?fit=900%2C600&amp;ssl=1\" class=\"attachment-full size-full\" alt=\"\" loading=\"lazy\" srcset=\"https:\/\/i0.wp.com\/sipearl.com\/wp-content\/uploads\/2024\/06\/SiPearl_Maisons-Laffitte_78_HQ.jpg?w=900&amp;ssl=1 900w, https:\/\/i0.wp.com\/sipearl.com\/wp-content\/uploads\/2024\/06\/SiPearl_Maisons-Laffitte_78_HQ.jpg?resize=300%2C200&amp;ssl=1 300w\" sizes=\"auto, (max-width: 900px) 100vw, 900px\" \/><\/div><\/div><\/div><\/div><\/div><div class=\"vc_col-sm-6 wpb_column vc_column_container\"><div class=\"vc_column-inner\"><div class=\"wpb_wrapper\"><div class=\"w-separator size_medium\"><\/div><div class=\"wpb_text_column us_custom_8b3d6790 has_text_color\"><div class=\"wpb_wrapper\"><h3><strong>SiPearl \u00e0 Maisons-Laffitte<\/strong><\/h3>\n<h4>Si\u00e8ge social<\/h4>\n<p>38\/44 rue Jean Mermoz<br \/>\n78600 Maisons-Laffitte, France<br \/>\n+ 33 1 80 83 54 90<\/p>\n<\/div><\/div><div class=\"w-separator size_medium\"><\/div><div class=\"w-image align_center\"><div class=\"w-image-h\"><img decoding=\"async\" width=\"900\" height=\"600\" src=\"https:\/\/i0.wp.com\/sipearl.com\/wp-content\/uploads\/2024\/06\/SiPearl_Maisons_Laffitte_2024.jpg?fit=900%2C600&amp;ssl=1\" class=\"attachment-full size-full\" alt=\"\" loading=\"lazy\" srcset=\"https:\/\/i0.wp.com\/sipearl.com\/wp-content\/uploads\/2024\/06\/SiPearl_Maisons_Laffitte_2024.jpg?w=900&amp;ssl=1 900w, https:\/\/i0.wp.com\/sipearl.com\/wp-content\/uploads\/2024\/06\/SiPearl_Maisons_Laffitte_2024.jpg?resize=300%2C200&amp;ssl=1 300w\" sizes=\"auto, (max-width: 900px) 100vw, 900px\" \/><\/div><\/div><\/div><\/div><\/div><\/div><div class=\"w-separator size_custom\" style=\"height:2rem\"><\/div><div class=\"g-cols wpb_row via_flex valign_top type_default stacking_default\"><div class=\"vc_col-sm-12 wpb_column vc_column_container\"><div class=\"vc_column-inner\"><div class=\"wpb_wrapper\"><div class=\"w-separator size_custom\" style=\"height:2rem\"><\/div>[vc_raw_html]JTNDaWZyYW1lJTIwc3JjJTNEJTIyaHR0cHMlM0ElMkYlMkZ3d3cuZ29vZ2xlLmNvbSUyRm1hcHMlMkZlbWJlZCUzRnBiJTNEJTIxMW0xOCUyMTFtMTIlMjExbTMlMjExZDI2MjAuMzA3OTIxNDQwNTQwNyUyMTJkMi4xNDIxNDkyMTQwOTI3Mzc2JTIxM2Q0OC45NDc2MjIzNzkzNTIzMyUyMTJtMyUyMTFmMCUyMTJmMCUyMTNmMCUyMTNtMiUyMTFpMTAyNCUyMTJpNzY4JTIxNGYxMy4xJTIxM20zJTIxMW0yJTIxMXMweDQ3ZTY2MTg0NmI3ZDRkNjclMjUzQTB4OWIxZDZkZWExYzA1ODgzOCUyMTJzMzglMjUyMFJ1ZSUyNTIwSmVhbiUyNTIwTWVybW96JTI1MkMlMjUyMDc4NjAwJTI1MjBNYWlzb25zLUxhZmZpdHRlJTIxNWUwJTIxM20yJTIxMXNmciUyMTJzZnIlMjE0djE3MTc1OTI1MDAzNTMlMjE1bTIlMjExc2ZyJTIxMnNmciUyMiUyMHdpZHRoJTNEJTIyMTg1MCUyMiUyMGhlaWdodCUzRCUyMjQ1MCUyMiUyMHN0eWxlJTNEJTIyYm9yZGVyJTNBMCUzQiUyMiUyMGFsbG93ZnVsbHNjcmVlbiUzRCUyMiUyMiUyMGxvYWRpbmclM0QlMjJsYXp5JTIyJTIwcmVmZXJyZXJwb2xpY3klM0QlMjJuby1yZWZlcnJlci13aGVuLWRvd25ncmFkZSUyMiUzRSUzQyUyRmlmcmFtZSUzRQ==[\/vc_raw_html]<\/div><\/div><\/div><\/div><\/div><\/div><\/div><\/div><\/div><\/section>\n","protected":false},"excerpt":{"rendered":"Nos implantations Maisons-Laffitte Revenir \u00e0 la page ContactSiPearl \u00e0 Maisons-Laffitte Si\u00e8ge social 38\/44 rue Jean Mermoz 78600 Maisons-Laffitte, France + 33 1 80 83 54 90 [vc_raw_html]JTNDaWZyYW1lJTIwc3JjJTNEJTIyaHR0cHMlM0ElMkYlMkZ3d3cuZ29vZ2xlLmNvbSUyRm1hcHMlMkZlbWJlZCUzRnBiJTNEJTIxMW0xOCUyMTFtMTIlMjExbTMlMjExZDI2MjAuMzA3OTIxNDQwNTQwNyUyMTJkMi4xNDIxNDkyMTQwOTI3Mzc2JTIxM2Q0OC45NDc2MjIzNzkzNTIzMyUyMTJtMyUyMTFmMCUyMTJmMCUyMTNmMCUyMTNtMiUyMTFpMTAyNCUyMTJpNzY4JTIxNGYxMy4xJTIxM20zJTIxMW0yJTIxMXMweDQ3ZTY2MTg0NmI3ZDRkNjclMjUzQTB4OWIxZDZkZWExYzA1ODgzOCUyMTJzMzglMjUyMFJ1ZSUyNTIwSmVhbiUyNTIwTWVybW96JTI1MkMlMjUyMDc4NjAwJTI1MjBNYWlzb25zLUxhZmZpdHRlJTIxNWUwJTIxM20yJTIxMXNmciUyMTJzZnIlMjE0djE3MTc1OTI1MDAzNTMlMjE1bTIlMjExc2ZyJTIxMnNmciUyMiUyMHdpZHRoJTNEJTIyMTg1MCUyMiUyMGhlaWdodCUzRCUyMjQ1MCUyMiUyMHN0eWxlJTNEJTIyYm9yZGVyJTNBMCUzQiUyMiUyMGFsbG93ZnVsbHNjcmVlbiUzRCUyMiUyMiUyMGxvYWRpbmclM0QlMjJsYXp5JTIyJTIwcmVmZXJyZXJwb2xpY3klM0QlMjJuby1yZWZlcnJlci13aGVuLWRvd25ncmFkZSUyMiUzRSUzQyUyRmlmcmFtZSUzRQ==[\/vc_raw_html]","protected":false},"author":1,"featured_media":0,"parent":0,"menu_order":0,"comment_status":"closed","ping_status":"closed","template":"","meta":{"footnotes":""},"class_list":["post-8697","page","type-page","status-publish","hentry"],"yoast_head":"<!-- This site is optimized with the Yoast SEO plugin v27.3 - https:\/\/yoast.com\/product\/yoast-seo-wordpress\/ -->\n<title>SiPearl Maisons-Laffitte - si\u00e8ge social de SiPearl<\/title>\n<meta name=\"description\" content=\"SiPearl Maisons-Laffitte : le si\u00e8ge social de SiPearl est install\u00e9 au 38\/44 rue Jean Mermoz \u00e0 5 minutes \u00e0 pied de la gare.\" \/>\n<meta name=\"robots\" content=\"index, follow, max-snippet:-1, max-image-preview:large, max-video-preview:-1\" \/>\n<link rel=\"canonical\" href=\"https:\/\/sipearl.com\/fr\/sipearl-maisons-laffitte\" \/>\n<meta property=\"og:locale\" content=\"fr_FR\" \/>\n<meta property=\"og:type\" content=\"article\" \/>\n<meta property=\"og:title\" content=\"SiPearl Maisons-Laffitte - si\u00e8ge social de SiPearl\" \/>\n<meta property=\"og:description\" content=\"SiPearl Maisons-Laffitte : le si\u00e8ge social de SiPearl est install\u00e9 au 38\/44 rue Jean Mermoz \u00e0 5 minutes \u00e0 pied de la gare.\" \/>\n<meta property=\"og:url\" content=\"https:\/\/sipearl.com\/fr\/sipearl-maisons-laffitte\" \/>\n<meta property=\"og:site_name\" content=\"SiPearl\" \/>\n<meta property=\"article:modified_time\" content=\"2026-02-27T11:05:42+00:00\" \/>\n<meta name=\"twitter:card\" content=\"summary_large_image\" \/>\n<meta name=\"twitter:site\" content=\"@SIPEARL_SAS\" \/>\n<meta name=\"twitter:label1\" content=\"Dur\u00e9e de lecture estim\u00e9e\" \/>\n\t<meta name=\"twitter:data1\" content=\"1 minute\" \/>\n<script type=\"application\/ld+json\" class=\"yoast-schema-graph\">{\"@context\":\"https:\\\/\\\/schema.org\",\"@graph\":[{\"@type\":\"WebPage\",\"@id\":\"https:\\\/\\\/sipearl.com\\\/fr\\\/sipearl-maisons-laffitte\",\"url\":\"https:\\\/\\\/sipearl.com\\\/fr\\\/sipearl-maisons-laffitte\",\"name\":\"SiPearl Maisons-Laffitte - si\u00e8ge social de SiPearl\",\"isPartOf\":{\"@id\":\"https:\\\/\\\/sipearl.com\\\/fr#website\"},\"datePublished\":\"2021-09-14T12:11:00+00:00\",\"dateModified\":\"2026-02-27T11:05:42+00:00\",\"description\":\"SiPearl Maisons-Laffitte : le si\u00e8ge social de SiPearl est install\u00e9 au 38\\\/44 rue Jean Mermoz \u00e0 5 minutes \u00e0 pied de la gare.\",\"breadcrumb\":{\"@id\":\"https:\\\/\\\/sipearl.com\\\/fr\\\/sipearl-maisons-laffitte#breadcrumb\"},\"inLanguage\":\"fr-FR\",\"potentialAction\":[{\"@type\":\"ReadAction\",\"target\":[\"https:\\\/\\\/sipearl.com\\\/fr\\\/sipearl-maisons-laffitte\"]}]},{\"@type\":\"BreadcrumbList\",\"@id\":\"https:\\\/\\\/sipearl.com\\\/fr\\\/sipearl-maisons-laffitte#breadcrumb\",\"itemListElement\":[{\"@type\":\"ListItem\",\"position\":1,\"name\":\"Accueil\",\"item\":\"https:\\\/\\\/sipearl.com\\\/fr\"},{\"@type\":\"ListItem\",\"position\":2,\"name\":\"SiPearl Maisons-Laffitte\"}]},{\"@type\":\"WebSite\",\"@id\":\"https:\\\/\\\/sipearl.com\\\/fr#website\",\"url\":\"https:\\\/\\\/sipearl.com\\\/fr\",\"name\":\"SiPearl\",\"description\":\"le microprocesseur europ\u00e9en\",\"publisher\":{\"@id\":\"https:\\\/\\\/sipearl.com\\\/fr#organization\"},\"potentialAction\":[{\"@type\":\"SearchAction\",\"target\":{\"@type\":\"EntryPoint\",\"urlTemplate\":\"https:\\\/\\\/sipearl.com\\\/fr?s={search_term_string}\"},\"query-input\":{\"@type\":\"PropertyValueSpecification\",\"valueRequired\":true,\"valueName\":\"search_term_string\"}}],\"inLanguage\":\"fr-FR\"},{\"@type\":\"Organization\",\"@id\":\"https:\\\/\\\/sipearl.com\\\/fr#organization\",\"name\":\"SiPearl\",\"url\":\"https:\\\/\\\/sipearl.com\\\/fr\",\"logo\":{\"@type\":\"ImageObject\",\"inLanguage\":\"fr-FR\",\"@id\":\"https:\\\/\\\/sipearl.com\\\/fr#\\\/schema\\\/logo\\\/image\\\/\",\"url\":\"https:\\\/\\\/sipearl.com\\\/wp-content\\\/uploads\\\/2021\\\/08\\\/logo_SIPEARL.png\",\"contentUrl\":\"https:\\\/\\\/sipearl.com\\\/wp-content\\\/uploads\\\/2021\\\/08\\\/logo_SIPEARL.png\",\"width\":1146,\"height\":396,\"caption\":\"SiPearl\"},\"image\":{\"@id\":\"https:\\\/\\\/sipearl.com\\\/fr#\\\/schema\\\/logo\\\/image\\\/\"},\"sameAs\":[\"https:\\\/\\\/x.com\\\/SIPEARL_SAS\",\"https:\\\/\\\/www.linkedin.com\\\/company\\\/sipearl\\\/\"]}]}<\/script>\n<!-- \/ Yoast SEO plugin. -->","yoast_head_json":{"title":"SiPearl Maisons-Laffitte - si\u00e8ge social de SiPearl","description":"SiPearl Maisons-Laffitte : le si\u00e8ge social de SiPearl est install\u00e9 au 38\/44 rue Jean Mermoz \u00e0 5 minutes \u00e0 pied de la gare.","robots":{"index":"index","follow":"follow","max-snippet":"max-snippet:-1","max-image-preview":"max-image-preview:large","max-video-preview":"max-video-preview:-1"},"canonical":"https:\/\/sipearl.com\/fr\/sipearl-maisons-laffitte","og_locale":"fr_FR","og_type":"article","og_title":"SiPearl Maisons-Laffitte - si\u00e8ge social de SiPearl","og_description":"SiPearl Maisons-Laffitte : le si\u00e8ge social de SiPearl est install\u00e9 au 38\/44 rue Jean Mermoz \u00e0 5 minutes \u00e0 pied de la gare.","og_url":"https:\/\/sipearl.com\/fr\/sipearl-maisons-laffitte","og_site_name":"SiPearl","article_modified_time":"2026-02-27T11:05:42+00:00","twitter_card":"summary_large_image","twitter_site":"@SIPEARL_SAS","twitter_misc":{"Dur\u00e9e de lecture estim\u00e9e":"1 minute"},"schema":{"@context":"https:\/\/schema.org","@graph":[{"@type":"WebPage","@id":"https:\/\/sipearl.com\/fr\/sipearl-maisons-laffitte","url":"https:\/\/sipearl.com\/fr\/sipearl-maisons-laffitte","name":"SiPearl Maisons-Laffitte - si\u00e8ge social de SiPearl","isPartOf":{"@id":"https:\/\/sipearl.com\/fr#website"},"datePublished":"2021-09-14T12:11:00+00:00","dateModified":"2026-02-27T11:05:42+00:00","description":"SiPearl Maisons-Laffitte : le si\u00e8ge social de SiPearl est install\u00e9 au 38\/44 rue Jean Mermoz \u00e0 5 minutes \u00e0 pied de la gare.","breadcrumb":{"@id":"https:\/\/sipearl.com\/fr\/sipearl-maisons-laffitte#breadcrumb"},"inLanguage":"fr-FR","potentialAction":[{"@type":"ReadAction","target":["https:\/\/sipearl.com\/fr\/sipearl-maisons-laffitte"]}]},{"@type":"BreadcrumbList","@id":"https:\/\/sipearl.com\/fr\/sipearl-maisons-laffitte#breadcrumb","itemListElement":[{"@type":"ListItem","position":1,"name":"Accueil","item":"https:\/\/sipearl.com\/fr"},{"@type":"ListItem","position":2,"name":"SiPearl Maisons-Laffitte"}]},{"@type":"WebSite","@id":"https:\/\/sipearl.com\/fr#website","url":"https:\/\/sipearl.com\/fr","name":"SiPearl","description":"le microprocesseur europ\u00e9en","publisher":{"@id":"https:\/\/sipearl.com\/fr#organization"},"potentialAction":[{"@type":"SearchAction","target":{"@type":"EntryPoint","urlTemplate":"https:\/\/sipearl.com\/fr?s={search_term_string}"},"query-input":{"@type":"PropertyValueSpecification","valueRequired":true,"valueName":"search_term_string"}}],"inLanguage":"fr-FR"},{"@type":"Organization","@id":"https:\/\/sipearl.com\/fr#organization","name":"SiPearl","url":"https:\/\/sipearl.com\/fr","logo":{"@type":"ImageObject","inLanguage":"fr-FR","@id":"https:\/\/sipearl.com\/fr#\/schema\/logo\/image\/","url":"https:\/\/sipearl.com\/wp-content\/uploads\/2021\/08\/logo_SIPEARL.png","contentUrl":"https:\/\/sipearl.com\/wp-content\/uploads\/2021\/08\/logo_SIPEARL.png","width":1146,"height":396,"caption":"SiPearl"},"image":{"@id":"https:\/\/sipearl.com\/fr#\/schema\/logo\/image\/"},"sameAs":["https:\/\/x.com\/SIPEARL_SAS","https:\/\/www.linkedin.com\/company\/sipearl\/"]}]}},"jetpack_sharing_enabled":true,"_links":{"self":[{"href":"https:\/\/sipearl.com\/fr\/wp-json\/wp\/v2\/pages\/8697","targetHints":{"allow":["GET"]}}],"collection":[{"href":"https:\/\/sipearl.com\/fr\/wp-json\/wp\/v2\/pages"}],"about":[{"href":"https:\/\/sipearl.com\/fr\/wp-json\/wp\/v2\/types\/page"}],"author":[{"embeddable":true,"href":"https:\/\/sipearl.com\/fr\/wp-json\/wp\/v2\/users\/1"}],"replies":[{"embeddable":true,"href":"https:\/\/sipearl.com\/fr\/wp-json\/wp\/v2\/comments?post=8697"}],"version-history":[{"count":49,"href":"https:\/\/sipearl.com\/fr\/wp-json\/wp\/v2\/pages\/8697\/revisions"}],"predecessor-version":[{"id":24598,"href":"https:\/\/sipearl.com\/fr\/wp-json\/wp\/v2\/pages\/8697\/revisions\/24598"}],"wp:attachment":[{"href":"https:\/\/sipearl.com\/fr\/wp-json\/wp\/v2\/media?parent=8697"}],"curies":[{"name":"wp","href":"https:\/\/api.w.org\/{rel}","templated":true}]}}