{"id":8126,"date":"2021-08-09T15:40:04","date_gmt":"2021-08-09T15:40:04","guid":{"rendered":"https:\/\/jiloutou.fr\/?page_id=8126"},"modified":"2025-10-09T14:37:41","modified_gmt":"2025-10-09T13:37:41","slug":"vincent-casillas","status":"publish","type":"page","link":"https:\/\/sipearl.com\/fr\/vincent-casillas","title":{"rendered":"Vincent Casillas"},"content":{"rendered":"<section class=\"l-section wpb_row height_medium color_footer-top with_img\"><div class=\"l-section-img\" role=\"img\" aria-label=\"Image\" data-img-width=\"1920\" data-img-height=\"680\" style=\"background-image: url(https:\/\/i0.wp.com\/sipearl.com\/wp-content\/uploads\/2024\/08\/fond-degrade.jpg?fit=1920%2C680&#038;ssl=1);background-position: bottom left;background-repeat: no-repeat;\"><\/div><div class=\"l-section-h i-cf\"><div class=\"g-cols vc_row via_flex valign_top type_default stacking_default\"><div class=\"vc_col-sm-12 wpb_column vc_column_container\"><div class=\"vc_column-inner\"><div class=\"wpb_wrapper\"><div class=\"g-cols wpb_row via_flex valign_top type_default stacking_default\"><div class=\"vc_col-sm-12 vc_col-md-offset-3 vc_col-md-6 wpb_column vc_column_container\"><div class=\"vc_column-inner\"><div class=\"wpb_wrapper\"><div class=\"w-separator size_custom\" style=\"height:2rem\"><\/div><\/div><\/div><\/div><\/div><div class=\"g-cols wpb_row via_flex valign_top type_default stacking_default\"><div class=\"vc_col-sm-4 wpb_column vc_column_container\"><div class=\"vc_column-inner us_custom_eaba8efb us_animate_this\"><div class=\"wpb_wrapper\"><div class=\"w-image align_center\"><div class=\"w-image-h\"><img decoding=\"async\" width=\"300\" height=\"300\" src=\"https:\/\/i0.wp.com\/sipearl.com\/wp-content\/uploads\/2023\/07\/Vincent_Casillas_SiPearl_2023.jpg?fit=300%2C300&amp;ssl=1\" class=\"attachment-medium size-medium\" alt=\"\" loading=\"lazy\" srcset=\"https:\/\/i0.wp.com\/sipearl.com\/wp-content\/uploads\/2023\/07\/Vincent_Casillas_SiPearl_2023.jpg?w=450&amp;ssl=1 450w, https:\/\/i0.wp.com\/sipearl.com\/wp-content\/uploads\/2023\/07\/Vincent_Casillas_SiPearl_2023.jpg?resize=300%2C300&amp;ssl=1 300w, https:\/\/i0.wp.com\/sipearl.com\/wp-content\/uploads\/2023\/07\/Vincent_Casillas_SiPearl_2023.jpg?resize=150%2C150&amp;ssl=1 150w\" sizes=\"auto, (max-width: 300px) 100vw, 300px\" \/><\/div><\/div><div class=\"w-separator size_custom\" style=\"height:2rem\"><\/div><div class=\"w-image align_center\"><a target=\"_blank\" rel=\"nofollow\" href=\"https:\/\/www.linkedin.com\/in\/vincent-casillas-5b95822\/\" aria-label=\"icone_Linkedin_SiPearl\" class=\"w-image-h\"><img decoding=\"async\" width=\"48\" height=\"48\" src=\"https:\/\/i0.wp.com\/sipearl.com\/wp-content\/uploads\/2025\/09\/icons8-linkedin-48.png?fit=48%2C48&amp;ssl=1\" class=\"attachment-full size-full\" alt=\"\" loading=\"lazy\" \/><\/a><\/div><div class=\"w-separator size_custom\" style=\"height:1.5rem\"><\/div><\/div><\/div><\/div><div class=\"vc_col-sm-8 wpb_column vc_column_container\"><div class=\"vc_column-inner us_custom_03ba1afd us_animate_this\"><div class=\"wpb_wrapper\"><div class=\"wpb_text_column\"><div class=\"wpb_wrapper\"><h3><strong>Vincent Casillas<\/strong><\/h3>\n<h4>Chief Technology Officer<\/h4>\n<p>Expert de la conception logicielle, Vincent Casillas a toujours travaill\u00e9 en relation \u00e9troite avec les \u00e9quipes en charge de l&rsquo;architecture mat\u00e9rielle, notamment dans le cadre de projets multim\u00e9dia innovants men\u00e9s chez Valeo, STMicroelectronics et pour le compte des grands clients d\u2019Ateme.<\/p>\n<p>Proche collaborateur de Philippe Notton au sein de la division grand public de STMicroelectronics dont il g\u00e9rait les \u00e9quipes de recherche et d\u00e9veloppement, Vincent apporte \u00e0 SiPearl son savoir-faire dans la gestion de projets de d\u00e9veloppement.<\/p>\n<p>Avant de rejoindre SiPearl, il \u00e9tait en charge des activit\u00e9s logiciels de la division solutions de connectivit\u00e9 pour v\u00e9hicules du groupe Valeo.<\/p>\n<p><span>Il est membre du Comit\u00e9 Ex\u00e9cutif.<\/span><\/p>\n<p>Vincent est ing\u00e9nieur ISIMA sp\u00e9cialis\u00e9 en Architectures mat\u00e9rielles et conception de circuits.<\/p>\n<\/div><\/div><div class=\"w-separator size_custom\" style=\"height:1.8rem\"><\/div><div class=\"w-btn-wrapper align_left\"><a class=\"w-btn us-btn-style_29\" href=\"https:\/\/sipearl.com\/fr\/direction-sipearl\"><span class=\"w-btn-label\">Revenir page \u00e9quipe<\/span><\/a><\/div><\/div><\/div><\/div><\/div><\/div><\/div><\/div><\/div><\/div><\/section>\n","protected":false},"excerpt":{"rendered":"Vincent Casillas Chief Technology Officer Expert de la conception logicielle, Vincent Casillas a toujours travaill\u00e9 en relation \u00e9troite avec les \u00e9quipes en charge de l&rsquo;architecture mat\u00e9rielle, notamment dans le cadre de projets multim\u00e9dia innovants men\u00e9s chez Valeo, STMicroelectronics et pour le compte des grands clients d\u2019Ateme. Proche collaborateur de Philippe Notton au sein de la...","protected":false},"author":1,"featured_media":0,"parent":0,"menu_order":0,"comment_status":"closed","ping_status":"closed","template":"","meta":{"footnotes":""},"class_list":["post-8126","page","type-page","status-publish","hentry"],"yoast_head":"<!-- This site is optimized with the Yoast SEO plugin v27.3 - https:\/\/yoast.com\/product\/yoast-seo-wordpress\/ -->\n<title>Vincent Casillas - Chief Technology Officer SiPearl<\/title>\n<meta name=\"description\" content=\"Vincent Casillas est Chief Technology Officer de SiPearl. Pr\u00e9c\u00e9demment, il a travaill\u00e9 chez Valeo et ST Microelectronics.\" \/>\n<meta name=\"robots\" content=\"index, follow, max-snippet:-1, max-image-preview:large, max-video-preview:-1\" \/>\n<link rel=\"canonical\" href=\"https:\/\/sipearl.com\/fr\/vincent-casillas\" \/>\n<meta property=\"og:locale\" content=\"fr_FR\" \/>\n<meta property=\"og:type\" content=\"article\" \/>\n<meta property=\"og:title\" content=\"Vincent Casillas - Chief Technology Officer SiPearl\" \/>\n<meta property=\"og:description\" content=\"Vincent Casillas est Chief Technology Officer de SiPearl. Pr\u00e9c\u00e9demment, il a travaill\u00e9 chez Valeo et ST Microelectronics.\" \/>\n<meta property=\"og:url\" content=\"https:\/\/sipearl.com\/fr\/vincent-casillas\" \/>\n<meta property=\"og:site_name\" content=\"SiPearl\" \/>\n<meta property=\"article:modified_time\" content=\"2025-10-09T13:37:41+00:00\" \/>\n<meta name=\"twitter:card\" content=\"summary_large_image\" \/>\n<meta name=\"twitter:site\" content=\"@SIPEARL_SAS\" \/>\n<meta name=\"twitter:label1\" content=\"Dur\u00e9e de lecture estim\u00e9e\" \/>\n\t<meta name=\"twitter:data1\" content=\"1 minute\" \/>\n<script type=\"application\/ld+json\" class=\"yoast-schema-graph\">{\"@context\":\"https:\\\/\\\/schema.org\",\"@graph\":[{\"@type\":\"WebPage\",\"@id\":\"https:\\\/\\\/sipearl.com\\\/fr\\\/vincent-casillas\",\"url\":\"https:\\\/\\\/sipearl.com\\\/fr\\\/vincent-casillas\",\"name\":\"Vincent Casillas - Chief Technology Officer SiPearl\",\"isPartOf\":{\"@id\":\"https:\\\/\\\/sipearl.com\\\/fr#website\"},\"datePublished\":\"2021-08-09T15:40:04+00:00\",\"dateModified\":\"2025-10-09T13:37:41+00:00\",\"description\":\"Vincent Casillas est Chief Technology Officer de SiPearl. Pr\u00e9c\u00e9demment, il a travaill\u00e9 chez Valeo et ST Microelectronics.\",\"breadcrumb\":{\"@id\":\"https:\\\/\\\/sipearl.com\\\/fr\\\/vincent-casillas#breadcrumb\"},\"inLanguage\":\"fr-FR\",\"potentialAction\":[{\"@type\":\"ReadAction\",\"target\":[\"https:\\\/\\\/sipearl.com\\\/fr\\\/vincent-casillas\"]}]},{\"@type\":\"BreadcrumbList\",\"@id\":\"https:\\\/\\\/sipearl.com\\\/fr\\\/vincent-casillas#breadcrumb\",\"itemListElement\":[{\"@type\":\"ListItem\",\"position\":1,\"name\":\"Accueil\",\"item\":\"https:\\\/\\\/sipearl.com\\\/fr\"},{\"@type\":\"ListItem\",\"position\":2,\"name\":\"Vincent Casillas\"}]},{\"@type\":\"WebSite\",\"@id\":\"https:\\\/\\\/sipearl.com\\\/fr#website\",\"url\":\"https:\\\/\\\/sipearl.com\\\/fr\",\"name\":\"SiPearl\",\"description\":\"le microprocesseur europ\u00e9en\",\"publisher\":{\"@id\":\"https:\\\/\\\/sipearl.com\\\/fr#organization\"},\"potentialAction\":[{\"@type\":\"SearchAction\",\"target\":{\"@type\":\"EntryPoint\",\"urlTemplate\":\"https:\\\/\\\/sipearl.com\\\/fr?s={search_term_string}\"},\"query-input\":{\"@type\":\"PropertyValueSpecification\",\"valueRequired\":true,\"valueName\":\"search_term_string\"}}],\"inLanguage\":\"fr-FR\"},{\"@type\":\"Organization\",\"@id\":\"https:\\\/\\\/sipearl.com\\\/fr#organization\",\"name\":\"SiPearl\",\"url\":\"https:\\\/\\\/sipearl.com\\\/fr\",\"logo\":{\"@type\":\"ImageObject\",\"inLanguage\":\"fr-FR\",\"@id\":\"https:\\\/\\\/sipearl.com\\\/fr#\\\/schema\\\/logo\\\/image\\\/\",\"url\":\"https:\\\/\\\/sipearl.com\\\/wp-content\\\/uploads\\\/2021\\\/08\\\/logo_SIPEARL.png\",\"contentUrl\":\"https:\\\/\\\/sipearl.com\\\/wp-content\\\/uploads\\\/2021\\\/08\\\/logo_SIPEARL.png\",\"width\":1146,\"height\":396,\"caption\":\"SiPearl\"},\"image\":{\"@id\":\"https:\\\/\\\/sipearl.com\\\/fr#\\\/schema\\\/logo\\\/image\\\/\"},\"sameAs\":[\"https:\\\/\\\/x.com\\\/SIPEARL_SAS\",\"https:\\\/\\\/www.linkedin.com\\\/company\\\/sipearl\\\/\"]}]}<\/script>\n<!-- \/ Yoast SEO plugin. -->","yoast_head_json":{"title":"Vincent Casillas - Chief Technology Officer SiPearl","description":"Vincent Casillas est Chief Technology Officer de SiPearl. Pr\u00e9c\u00e9demment, il a travaill\u00e9 chez Valeo et ST Microelectronics.","robots":{"index":"index","follow":"follow","max-snippet":"max-snippet:-1","max-image-preview":"max-image-preview:large","max-video-preview":"max-video-preview:-1"},"canonical":"https:\/\/sipearl.com\/fr\/vincent-casillas","og_locale":"fr_FR","og_type":"article","og_title":"Vincent Casillas - Chief Technology Officer SiPearl","og_description":"Vincent Casillas est Chief Technology Officer de SiPearl. Pr\u00e9c\u00e9demment, il a travaill\u00e9 chez Valeo et ST Microelectronics.","og_url":"https:\/\/sipearl.com\/fr\/vincent-casillas","og_site_name":"SiPearl","article_modified_time":"2025-10-09T13:37:41+00:00","twitter_card":"summary_large_image","twitter_site":"@SIPEARL_SAS","twitter_misc":{"Dur\u00e9e de lecture estim\u00e9e":"1 minute"},"schema":{"@context":"https:\/\/schema.org","@graph":[{"@type":"WebPage","@id":"https:\/\/sipearl.com\/fr\/vincent-casillas","url":"https:\/\/sipearl.com\/fr\/vincent-casillas","name":"Vincent Casillas - Chief Technology Officer SiPearl","isPartOf":{"@id":"https:\/\/sipearl.com\/fr#website"},"datePublished":"2021-08-09T15:40:04+00:00","dateModified":"2025-10-09T13:37:41+00:00","description":"Vincent Casillas est Chief Technology Officer de SiPearl. Pr\u00e9c\u00e9demment, il a travaill\u00e9 chez Valeo et ST Microelectronics.","breadcrumb":{"@id":"https:\/\/sipearl.com\/fr\/vincent-casillas#breadcrumb"},"inLanguage":"fr-FR","potentialAction":[{"@type":"ReadAction","target":["https:\/\/sipearl.com\/fr\/vincent-casillas"]}]},{"@type":"BreadcrumbList","@id":"https:\/\/sipearl.com\/fr\/vincent-casillas#breadcrumb","itemListElement":[{"@type":"ListItem","position":1,"name":"Accueil","item":"https:\/\/sipearl.com\/fr"},{"@type":"ListItem","position":2,"name":"Vincent Casillas"}]},{"@type":"WebSite","@id":"https:\/\/sipearl.com\/fr#website","url":"https:\/\/sipearl.com\/fr","name":"SiPearl","description":"le microprocesseur europ\u00e9en","publisher":{"@id":"https:\/\/sipearl.com\/fr#organization"},"potentialAction":[{"@type":"SearchAction","target":{"@type":"EntryPoint","urlTemplate":"https:\/\/sipearl.com\/fr?s={search_term_string}"},"query-input":{"@type":"PropertyValueSpecification","valueRequired":true,"valueName":"search_term_string"}}],"inLanguage":"fr-FR"},{"@type":"Organization","@id":"https:\/\/sipearl.com\/fr#organization","name":"SiPearl","url":"https:\/\/sipearl.com\/fr","logo":{"@type":"ImageObject","inLanguage":"fr-FR","@id":"https:\/\/sipearl.com\/fr#\/schema\/logo\/image\/","url":"https:\/\/sipearl.com\/wp-content\/uploads\/2021\/08\/logo_SIPEARL.png","contentUrl":"https:\/\/sipearl.com\/wp-content\/uploads\/2021\/08\/logo_SIPEARL.png","width":1146,"height":396,"caption":"SiPearl"},"image":{"@id":"https:\/\/sipearl.com\/fr#\/schema\/logo\/image\/"},"sameAs":["https:\/\/x.com\/SIPEARL_SAS","https:\/\/www.linkedin.com\/company\/sipearl\/"]}]}},"jetpack_sharing_enabled":true,"_links":{"self":[{"href":"https:\/\/sipearl.com\/fr\/wp-json\/wp\/v2\/pages\/8126","targetHints":{"allow":["GET"]}}],"collection":[{"href":"https:\/\/sipearl.com\/fr\/wp-json\/wp\/v2\/pages"}],"about":[{"href":"https:\/\/sipearl.com\/fr\/wp-json\/wp\/v2\/types\/page"}],"author":[{"embeddable":true,"href":"https:\/\/sipearl.com\/fr\/wp-json\/wp\/v2\/users\/1"}],"replies":[{"embeddable":true,"href":"https:\/\/sipearl.com\/fr\/wp-json\/wp\/v2\/comments?post=8126"}],"version-history":[{"count":25,"href":"https:\/\/sipearl.com\/fr\/wp-json\/wp\/v2\/pages\/8126\/revisions"}],"predecessor-version":[{"id":22863,"href":"https:\/\/sipearl.com\/fr\/wp-json\/wp\/v2\/pages\/8126\/revisions\/22863"}],"wp:attachment":[{"href":"https:\/\/sipearl.com\/fr\/wp-json\/wp\/v2\/media?parent=8126"}],"curies":[{"name":"wp","href":"https:\/\/api.w.org\/{rel}","templated":true}]}}