{"id":8120,"date":"2021-08-09T15:17:32","date_gmt":"2021-08-09T15:17:32","guid":{"rendered":"https:\/\/jiloutou.fr\/?page_id=8120"},"modified":"2025-09-26T10:27:15","modified_gmt":"2025-09-26T09:27:15","slug":"craig-prunty","status":"publish","type":"page","link":"https:\/\/sipearl.com\/fr\/craig-prunty","title":{"rendered":"Craig Prunty"},"content":{"rendered":"<section class=\"l-section wpb_row height_medium color_footer-top with_img\"><div class=\"l-section-img\" role=\"img\" aria-label=\"Image\" data-img-width=\"1920\" data-img-height=\"680\" style=\"background-image: url(https:\/\/i0.wp.com\/sipearl.com\/wp-content\/uploads\/2024\/08\/fond-degrade.jpg?fit=1920%2C680&#038;ssl=1);background-position: bottom left;background-repeat: no-repeat;\"><\/div><div class=\"l-section-h i-cf\"><div class=\"g-cols vc_row via_flex valign_top type_default stacking_default\"><div class=\"vc_col-sm-12 wpb_column vc_column_container\"><div class=\"vc_column-inner\"><div class=\"wpb_wrapper\"><div class=\"g-cols wpb_row via_flex valign_top type_default stacking_default\"><div class=\"vc_col-sm-12 vc_col-md-offset-3 vc_col-md-6 wpb_column vc_column_container\"><div class=\"vc_column-inner\"><div class=\"wpb_wrapper\"><div class=\"w-separator size_custom\" style=\"height:2rem\"><\/div><\/div><\/div><\/div><\/div><div class=\"g-cols wpb_row via_flex valign_top type_default stacking_default\"><div class=\"vc_col-sm-4 wpb_column vc_column_container\"><div class=\"vc_column-inner us_custom_eaba8efb us_animate_this\"><div class=\"wpb_wrapper\"><div class=\"w-image align_center\"><div class=\"w-image-h\"><img decoding=\"async\" width=\"300\" height=\"300\" src=\"https:\/\/i0.wp.com\/sipearl.com\/wp-content\/uploads\/2023\/07\/photo_Craig_Prunty_SiPearl_2023.jpg?fit=300%2C300&amp;ssl=1\" class=\"attachment-medium size-medium\" alt=\"\" loading=\"lazy\" srcset=\"https:\/\/i0.wp.com\/sipearl.com\/wp-content\/uploads\/2023\/07\/photo_Craig_Prunty_SiPearl_2023.jpg?w=450&amp;ssl=1 450w, https:\/\/i0.wp.com\/sipearl.com\/wp-content\/uploads\/2023\/07\/photo_Craig_Prunty_SiPearl_2023.jpg?resize=300%2C300&amp;ssl=1 300w, https:\/\/i0.wp.com\/sipearl.com\/wp-content\/uploads\/2023\/07\/photo_Craig_Prunty_SiPearl_2023.jpg?resize=150%2C150&amp;ssl=1 150w\" sizes=\"auto, (max-width: 300px) 100vw, 300px\" \/><\/div><\/div><div class=\"w-separator size_custom\" style=\"height:2rem\"><\/div><div class=\"w-image align_center\"><a target=\"_blank\" rel=\"nofollow\" href=\"https:\/\/www.linkedin.com\/in\/craig-prunty-3058a56\/?originalSubdomain=fr\" aria-label=\"icone_Linkedin_SiPearl\" class=\"w-image-h\"><img decoding=\"async\" width=\"48\" height=\"48\" src=\"https:\/\/i0.wp.com\/sipearl.com\/wp-content\/uploads\/2025\/09\/icons8-linkedin-48.png?fit=48%2C48&amp;ssl=1\" class=\"attachment-full size-full\" alt=\"\" loading=\"lazy\" \/><\/a><\/div><div class=\"w-separator size_custom\" style=\"height:1.5rem\"><\/div><\/div><\/div><\/div><div class=\"vc_col-sm-8 wpb_column vc_column_container\"><div class=\"vc_column-inner us_custom_03ba1afd us_animate_this\"><div class=\"wpb_wrapper\"><div class=\"wpb_text_column\"><div class=\"wpb_wrapper\"><h3><strong>Craig Prunty<\/strong><\/h3>\n<h4>Vice-President Marketing &amp; Business Development<\/h4>\n<p>Expert du marketing produit sur le march\u00e9 mondial du calcul haute performance (HPC), Craig Prunty a men\u00e9 l\u2019essentiel de sa carri\u00e8re en France et en Californie au sein de sp\u00e9cialistes des semi-conducteurs (Marvell Semiconductor, Cavium, AppliedMicro) o\u00f9 il a contribu\u00e9 au succ\u00e8s commercial de plusieurs lignes de produits. Dans ses fonctions successives, il s\u2019est impliqu\u00e9 dans des consortiums industriels et s\u2019est construit un r\u00e9seau mondial de partenaires.<\/p>\n<p>Avant de rejoindre SiPearl, Craig \u00e9tait Directeur Marketing de la division processeurs pour serveurs de Marvell Semiconductor o\u00f9 il s\u2019\u00e9tait illustr\u00e9 par la conqu\u00eate de nouveaux march\u00e9s, dont celui du HPC sur la base de la technologie Arm.<\/p>\n<p>Il est membre du Comit\u00e9 Ex\u00e9cutif.<\/p>\n<p>Binational franco-am\u00e9ricain, Craig est titulaire d\u2019un Master en ing\u00e9nierie de l\u2019\u00e9lectronique de l\u2019Universit\u00e9 de San Diego.<\/p>\n<\/div><\/div><div class=\"w-separator size_custom\" style=\"height:1.8rem\"><\/div><div class=\"w-btn-wrapper align_left\"><a class=\"w-btn us-btn-style_29\" href=\"https:\/\/sipearl.com\/fr\/direction-sipearl\"><span class=\"w-btn-label\">Revenir page \u00e9quipe<\/span><\/a><\/div><\/div><\/div><\/div><\/div><\/div><\/div><\/div><\/div><\/div><\/section>\n","protected":false},"excerpt":{"rendered":"Craig Prunty Vice-President Marketing &amp; Business Development Expert du marketing produit sur le march\u00e9 mondial du calcul haute performance (HPC), Craig Prunty a men\u00e9 l\u2019essentiel de sa carri\u00e8re en France et en Californie au sein de sp\u00e9cialistes des semi-conducteurs (Marvell Semiconductor, Cavium, AppliedMicro) o\u00f9 il a contribu\u00e9 au succ\u00e8s commercial de plusieurs lignes de produits....","protected":false},"author":1,"featured_media":0,"parent":0,"menu_order":0,"comment_status":"closed","ping_status":"closed","template":"","meta":{"footnotes":""},"class_list":["post-8120","page","type-page","status-publish","hentry"],"yoast_head":"<!-- This site is optimized with the Yoast SEO plugin v27.3 - https:\/\/yoast.com\/product\/yoast-seo-wordpress\/ -->\n<title>Craig Prunty - Vice-President Marketing &amp; Business DevelopmentSiPearl<\/title>\n<meta name=\"description\" content=\"Craig Prunty est Vice-President Marketing &amp; Business Development de SiPearl. Il \u00e9tait auparavant chez Marvell Semiconductor.\" \/>\n<meta name=\"robots\" content=\"index, follow, max-snippet:-1, max-image-preview:large, max-video-preview:-1\" \/>\n<link rel=\"canonical\" href=\"https:\/\/sipearl.com\/fr\/craig-prunty\" \/>\n<meta property=\"og:locale\" content=\"fr_FR\" \/>\n<meta property=\"og:type\" content=\"article\" \/>\n<meta property=\"og:title\" content=\"Craig Prunty - Vice-President Marketing &amp; Business DevelopmentSiPearl\" \/>\n<meta property=\"og:description\" content=\"Craig Prunty est Vice-President Marketing &amp; Business Development de SiPearl. Il \u00e9tait auparavant chez Marvell Semiconductor.\" \/>\n<meta property=\"og:url\" content=\"https:\/\/sipearl.com\/fr\/craig-prunty\" \/>\n<meta property=\"og:site_name\" content=\"SiPearl\" \/>\n<meta property=\"article:modified_time\" content=\"2025-09-26T09:27:15+00:00\" \/>\n<meta name=\"twitter:card\" content=\"summary_large_image\" \/>\n<meta name=\"twitter:site\" content=\"@SIPEARL_SAS\" \/>\n<meta name=\"twitter:label1\" content=\"Dur\u00e9e de lecture estim\u00e9e\" \/>\n\t<meta name=\"twitter:data1\" content=\"1 minute\" \/>\n<script type=\"application\/ld+json\" class=\"yoast-schema-graph\">{\"@context\":\"https:\\\/\\\/schema.org\",\"@graph\":[{\"@type\":\"WebPage\",\"@id\":\"https:\\\/\\\/sipearl.com\\\/fr\\\/craig-prunty\",\"url\":\"https:\\\/\\\/sipearl.com\\\/fr\\\/craig-prunty\",\"name\":\"Craig Prunty - Vice-President Marketing & Business DevelopmentSiPearl\",\"isPartOf\":{\"@id\":\"https:\\\/\\\/sipearl.com\\\/fr#website\"},\"datePublished\":\"2021-08-09T15:17:32+00:00\",\"dateModified\":\"2025-09-26T09:27:15+00:00\",\"description\":\"Craig Prunty est Vice-President Marketing & Business Development de SiPearl. Il \u00e9tait auparavant chez Marvell Semiconductor.\",\"breadcrumb\":{\"@id\":\"https:\\\/\\\/sipearl.com\\\/fr\\\/craig-prunty#breadcrumb\"},\"inLanguage\":\"fr-FR\",\"potentialAction\":[{\"@type\":\"ReadAction\",\"target\":[\"https:\\\/\\\/sipearl.com\\\/fr\\\/craig-prunty\"]}]},{\"@type\":\"BreadcrumbList\",\"@id\":\"https:\\\/\\\/sipearl.com\\\/fr\\\/craig-prunty#breadcrumb\",\"itemListElement\":[{\"@type\":\"ListItem\",\"position\":1,\"name\":\"Accueil\",\"item\":\"https:\\\/\\\/sipearl.com\\\/fr\"},{\"@type\":\"ListItem\",\"position\":2,\"name\":\"Craig Prunty\"}]},{\"@type\":\"WebSite\",\"@id\":\"https:\\\/\\\/sipearl.com\\\/fr#website\",\"url\":\"https:\\\/\\\/sipearl.com\\\/fr\",\"name\":\"SiPearl\",\"description\":\"le microprocesseur europ\u00e9en\",\"publisher\":{\"@id\":\"https:\\\/\\\/sipearl.com\\\/fr#organization\"},\"potentialAction\":[{\"@type\":\"SearchAction\",\"target\":{\"@type\":\"EntryPoint\",\"urlTemplate\":\"https:\\\/\\\/sipearl.com\\\/fr?s={search_term_string}\"},\"query-input\":{\"@type\":\"PropertyValueSpecification\",\"valueRequired\":true,\"valueName\":\"search_term_string\"}}],\"inLanguage\":\"fr-FR\"},{\"@type\":\"Organization\",\"@id\":\"https:\\\/\\\/sipearl.com\\\/fr#organization\",\"name\":\"SiPearl\",\"url\":\"https:\\\/\\\/sipearl.com\\\/fr\",\"logo\":{\"@type\":\"ImageObject\",\"inLanguage\":\"fr-FR\",\"@id\":\"https:\\\/\\\/sipearl.com\\\/fr#\\\/schema\\\/logo\\\/image\\\/\",\"url\":\"https:\\\/\\\/sipearl.com\\\/wp-content\\\/uploads\\\/2021\\\/08\\\/logo_SIPEARL.png\",\"contentUrl\":\"https:\\\/\\\/sipearl.com\\\/wp-content\\\/uploads\\\/2021\\\/08\\\/logo_SIPEARL.png\",\"width\":1146,\"height\":396,\"caption\":\"SiPearl\"},\"image\":{\"@id\":\"https:\\\/\\\/sipearl.com\\\/fr#\\\/schema\\\/logo\\\/image\\\/\"},\"sameAs\":[\"https:\\\/\\\/x.com\\\/SIPEARL_SAS\",\"https:\\\/\\\/www.linkedin.com\\\/company\\\/sipearl\\\/\"]}]}<\/script>\n<!-- \/ Yoast SEO plugin. -->","yoast_head_json":{"title":"Craig Prunty - Vice-President Marketing & Business DevelopmentSiPearl","description":"Craig Prunty est Vice-President Marketing & Business Development de SiPearl. Il \u00e9tait auparavant chez Marvell Semiconductor.","robots":{"index":"index","follow":"follow","max-snippet":"max-snippet:-1","max-image-preview":"max-image-preview:large","max-video-preview":"max-video-preview:-1"},"canonical":"https:\/\/sipearl.com\/fr\/craig-prunty","og_locale":"fr_FR","og_type":"article","og_title":"Craig Prunty - Vice-President Marketing & Business DevelopmentSiPearl","og_description":"Craig Prunty est Vice-President Marketing & Business Development de SiPearl. Il \u00e9tait auparavant chez Marvell Semiconductor.","og_url":"https:\/\/sipearl.com\/fr\/craig-prunty","og_site_name":"SiPearl","article_modified_time":"2025-09-26T09:27:15+00:00","twitter_card":"summary_large_image","twitter_site":"@SIPEARL_SAS","twitter_misc":{"Dur\u00e9e de lecture estim\u00e9e":"1 minute"},"schema":{"@context":"https:\/\/schema.org","@graph":[{"@type":"WebPage","@id":"https:\/\/sipearl.com\/fr\/craig-prunty","url":"https:\/\/sipearl.com\/fr\/craig-prunty","name":"Craig Prunty - Vice-President Marketing & Business DevelopmentSiPearl","isPartOf":{"@id":"https:\/\/sipearl.com\/fr#website"},"datePublished":"2021-08-09T15:17:32+00:00","dateModified":"2025-09-26T09:27:15+00:00","description":"Craig Prunty est Vice-President Marketing & Business Development de SiPearl. Il \u00e9tait auparavant chez Marvell Semiconductor.","breadcrumb":{"@id":"https:\/\/sipearl.com\/fr\/craig-prunty#breadcrumb"},"inLanguage":"fr-FR","potentialAction":[{"@type":"ReadAction","target":["https:\/\/sipearl.com\/fr\/craig-prunty"]}]},{"@type":"BreadcrumbList","@id":"https:\/\/sipearl.com\/fr\/craig-prunty#breadcrumb","itemListElement":[{"@type":"ListItem","position":1,"name":"Accueil","item":"https:\/\/sipearl.com\/fr"},{"@type":"ListItem","position":2,"name":"Craig Prunty"}]},{"@type":"WebSite","@id":"https:\/\/sipearl.com\/fr#website","url":"https:\/\/sipearl.com\/fr","name":"SiPearl","description":"le microprocesseur europ\u00e9en","publisher":{"@id":"https:\/\/sipearl.com\/fr#organization"},"potentialAction":[{"@type":"SearchAction","target":{"@type":"EntryPoint","urlTemplate":"https:\/\/sipearl.com\/fr?s={search_term_string}"},"query-input":{"@type":"PropertyValueSpecification","valueRequired":true,"valueName":"search_term_string"}}],"inLanguage":"fr-FR"},{"@type":"Organization","@id":"https:\/\/sipearl.com\/fr#organization","name":"SiPearl","url":"https:\/\/sipearl.com\/fr","logo":{"@type":"ImageObject","inLanguage":"fr-FR","@id":"https:\/\/sipearl.com\/fr#\/schema\/logo\/image\/","url":"https:\/\/sipearl.com\/wp-content\/uploads\/2021\/08\/logo_SIPEARL.png","contentUrl":"https:\/\/sipearl.com\/wp-content\/uploads\/2021\/08\/logo_SIPEARL.png","width":1146,"height":396,"caption":"SiPearl"},"image":{"@id":"https:\/\/sipearl.com\/fr#\/schema\/logo\/image\/"},"sameAs":["https:\/\/x.com\/SIPEARL_SAS","https:\/\/www.linkedin.com\/company\/sipearl\/"]}]}},"jetpack_sharing_enabled":true,"_links":{"self":[{"href":"https:\/\/sipearl.com\/fr\/wp-json\/wp\/v2\/pages\/8120","targetHints":{"allow":["GET"]}}],"collection":[{"href":"https:\/\/sipearl.com\/fr\/wp-json\/wp\/v2\/pages"}],"about":[{"href":"https:\/\/sipearl.com\/fr\/wp-json\/wp\/v2\/types\/page"}],"author":[{"embeddable":true,"href":"https:\/\/sipearl.com\/fr\/wp-json\/wp\/v2\/users\/1"}],"replies":[{"embeddable":true,"href":"https:\/\/sipearl.com\/fr\/wp-json\/wp\/v2\/comments?post=8120"}],"version-history":[{"count":31,"href":"https:\/\/sipearl.com\/fr\/wp-json\/wp\/v2\/pages\/8120\/revisions"}],"predecessor-version":[{"id":22276,"href":"https:\/\/sipearl.com\/fr\/wp-json\/wp\/v2\/pages\/8120\/revisions\/22276"}],"wp:attachment":[{"href":"https:\/\/sipearl.com\/fr\/wp-json\/wp\/v2\/media?parent=8120"}],"curies":[{"name":"wp","href":"https:\/\/api.w.org\/{rel}","templated":true}]}}