{"id":7924,"date":"2021-08-04T17:04:34","date_gmt":"2021-08-04T17:04:34","guid":{"rendered":"https:\/\/jiloutou.fr\/?page_id=7924"},"modified":"2026-04-02T15:03:52","modified_gmt":"2026-04-02T14:03:52","slug":"contact-sipearl","status":"publish","type":"page","link":"https:\/\/sipearl.com\/fr\/contact-sipearl","title":{"rendered":"Contact SiPearl"},"content":{"rendered":"<section class=\"l-section wpb_row height_medium with_img parallax_ver parallax_xpos_left\"><div class=\"l-section-img\" role=\"img\" aria-label=\"Image\" data-img-width=\"1440\" data-img-height=\"741\" style=\"background-image: url(https:\/\/i0.wp.com\/sipearl.com\/wp-content\/uploads\/2024\/02\/fond-pages-secondaires_SiPearl.jpg?fit=1440%2C741&#038;ssl=1);background-position: bottom left;background-repeat: no-repeat;\"><\/div><div class=\"l-section-h i-cf\"><div class=\"g-cols vc_row via_flex valign_top type_default stacking_default\"><div class=\"vc_col-sm-12 wpb_column vc_column_container us_animate_afc\" style=\"animation-delay:0.4s\"><div class=\"vc_column-inner\"><div class=\"wpb_wrapper\"><div class=\"g-cols wpb_row via_flex valign_top type_default stacking_default\"><div class=\"vc_col-sm-12 wpb_column vc_column_container\"><div class=\"vc_column-inner\"><div class=\"wpb_wrapper\"><div class=\"wpb_text_column\"><div class=\"wpb_wrapper\"><h1 style=\"text-align: left;\">Nous contacter<\/h1>\n<\/div><\/div><\/div><\/div><\/div><\/div><\/div><\/div><\/div><\/div><\/div><\/section><section class=\"l-section wpb_row height_medium with_img\"><div class=\"l-section-img\" role=\"img\" aria-label=\"Image\" data-img-width=\"1440\" data-img-height=\"741\" style=\"background-image: url(https:\/\/i0.wp.com\/sipearl.com\/wp-content\/uploads\/2024\/02\/fond-pages-secondaires_SiPearl.jpg?fit=1440%2C741&#038;ssl=1);background-position: bottom left;background-repeat: no-repeat;\"><\/div><div class=\"l-section-h i-cf\"><div class=\"g-cols vc_row via_flex valign_top type_default stacking_default\"><div class=\"vc_col-sm-8 wpb_column vc_column_container\"><div class=\"vc_column-inner\"><div class=\"wpb_wrapper\"><div class=\"g-cols wpb_row via_flex valign_top type_default stacking_default\"><div class=\"vc_col-sm-10 wpb_column vc_column_container\"><div class=\"vc_column-inner\"><div class=\"wpb_wrapper\"><div class=\"wpb_text_column\"><div class=\"wpb_wrapper\"><h3><span style=\"color: #009fe3;\"><strong>Nous \u00e9crire<\/strong><\/span><\/h3>\n<\/div><\/div><div class=\"w-separator size_custom\" style=\"height:1.8rem\"><\/div><div class=\"wpb_text_column us_custom_8b3d6790 has_text_color\"><div class=\"wpb_wrapper\"><p>Si vous souhaitez avoir plus d&rsquo;informations sur SiPearl ou parler \u00e0 un membre de l&rsquo;\u00e9quipe, merci de compl\u00e9ter ce formulaire.<\/p>\n<p><em>Les champs marqu\u00e9s d&rsquo;une ast\u00e9risque sont obligatoires.<\/em><\/p>\n<\/div><\/div><div class=\"w-separator size_custom\" style=\"height:1.8rem\"><\/div><\/div><\/div><\/div><\/div><div class=\"g-cols wpb_row us_custom_8b3d6790 has_text_color via_flex valign_top type_default stacking_default\"><div class=\"vc_col-sm-10 wpb_column vc_column_container\"><div class=\"vc_column-inner\"><div class=\"wpb_wrapper\">\n<div class=\"wpcf7 no-js us_custom_8b3d6790 has_text_color\" id=\"wpcf7-f6-o1\" lang=\"fr-FR\" dir=\"ltr\" data-wpcf7-id=\"6\">\n<div class=\"screen-reader-response\"><p role=\"status\" aria-live=\"polite\" aria-atomic=\"true\"><\/p> <ul><\/ul><\/div>\n<form action=\"\/fr\/wp-json\/wp\/v2\/pages\/7924#wpcf7-f6-o1\" method=\"post\" class=\"wpcf7-form init\" aria-label=\"Formulaire de contact\" novalidate=\"novalidate\" data-status=\"init\">\n<fieldset class=\"hidden-fields-container\"><input type=\"hidden\" name=\"_wpcf7\" value=\"6\" \/><input type=\"hidden\" name=\"_wpcf7_version\" value=\"6.1.5\" \/><input type=\"hidden\" name=\"_wpcf7_locale\" value=\"fr_FR\" \/><input type=\"hidden\" name=\"_wpcf7_unit_tag\" value=\"wpcf7-f6-o1\" \/><input type=\"hidden\" name=\"_wpcf7_container_post\" value=\"0\" \/><input type=\"hidden\" name=\"_wpcf7_posted_data_hash\" value=\"\" \/>\n<\/fieldset>\n<div class=\"wpcf7-turnstile cf-turnstile\" data-sitekey=\"0x4AAAAAACMCPRVfjOnYNlhS\" data-response-field-name=\"_wpcf7_turnstile_response\"><\/div>\n\n<p><span class=\"wpcf7-form-control-wrap\" data-name=\"your-surname\"><input size=\"40\" maxlength=\"400\" class=\"wpcf7-form-control wpcf7-text\" aria-invalid=\"false\" placeholder=\"Pr\u00e9nom\" value=\"\" type=\"text\" name=\"your-surname\" \/><\/span>\n<\/p>\n<p><span class=\"wpcf7-form-control-wrap\" data-name=\"your-last-name\"><input size=\"40\" maxlength=\"400\" class=\"wpcf7-form-control wpcf7-text wpcf7-validates-as-required\" aria-required=\"true\" aria-invalid=\"false\" placeholder=\"Nom*\" value=\"\" type=\"text\" name=\"your-last-name\" \/><\/span>\n<\/p>\n<p><span class=\"wpcf7-form-control-wrap\" data-name=\"company\"><input size=\"40\" maxlength=\"400\" class=\"wpcf7-form-control wpcf7-text\" aria-invalid=\"false\" placeholder=\"Soci\u00e9t\u00e9\" value=\"\" type=\"text\" name=\"company\" \/><\/span>\n<\/p>\n<p><span class=\"wpcf7-form-control-wrap\" data-name=\"email-131\"><input size=\"40\" maxlength=\"400\" class=\"wpcf7-form-control wpcf7-email wpcf7-validates-as-required wpcf7-text wpcf7-validates-as-email\" aria-required=\"true\" aria-invalid=\"false\" placeholder=\"E-mail*\" value=\"\" type=\"email\" name=\"email-131\" \/><\/span>\n<\/p>\n<p><span class=\"wpcf7-form-control-wrap\" data-name=\"tel-646\"><input size=\"40\" maxlength=\"400\" class=\"wpcf7-form-control wpcf7-tel wpcf7-text wpcf7-validates-as-tel\" aria-invalid=\"false\" placeholder=\"T\u00e9l\u00e9phone\" value=\"\" type=\"tel\" name=\"tel-646\" \/><\/span>\n<\/p>\n<p><span class=\"wpcf7-form-control-wrap\" data-name=\"your-message\"><textarea cols=\"40\" rows=\"10\" maxlength=\"2000\" class=\"wpcf7-form-control wpcf7-textarea wpcf7-validates-as-required\" aria-required=\"true\" aria-invalid=\"false\" placeholder=\"Message*\" name=\"your-message\"><\/textarea><\/span>\n<\/p>\n<div class=\"cf7-cf-turnstile\" style=\"margin-top: 0px; margin-bottom: -15px;\"> <div id=\"cf-turnstile-cf7-4094213091\" class=\"cf-turnstile\" data-callback=\"turnstileCF7Callback\" data-sitekey=\"0x4AAAAAACMCPRVfjOnYNlhS\" data-theme=\"dark\" data-language=\"auto\" data-size=\"normal\" data-retry=\"auto\" data-retry-interval=\"1000\" data-refresh-expired=\"auto\" data-action=\"contact-form-7\" data-appearance=\"always\"><\/div> <style>.wpcf7-submit { pointer-events: none; opacity: 0.5; }<\/style> <script>document.addEventListener(\"DOMContentLoaded\", function() { setTimeout(function(){ var e=document.getElementById(\"cf-turnstile-cf7-4094213091\"); e&&!e.innerHTML.trim()&&(turnstile.remove(\"#cf-turnstile-cf7-4094213091\"), turnstile.render(\"#cf-turnstile-cf7-4094213091\", {sitekey:\"0x4AAAAAACMCPRVfjOnYNlhS\"})); }, 100); });<\/script> <br class=\"cf-turnstile-br cf-turnstile-br-cf7-4094213091\"> <style>#cf-turnstile-cf7-4094213091 { margin-left: -15px; }<\/style> <script>document.addEventListener(\"DOMContentLoaded\",function(){document.querySelectorAll('.wpcf7-form').forEach(function(e){e.addEventListener('submit',function(){if(document.getElementById('cf-turnstile-cf7-4094213091')){setTimeout(function(){turnstile.reset('#cf-turnstile-cf7-4094213091');},1000)}})})});<\/script> <\/div>\n<p><input class=\"wpcf7-form-control wpcf7-submit has-spinner\" type=\"submit\" value=\"Envoyer\" \/>\n<\/p><div class=\"wpcf7-response-output\" aria-hidden=\"true\"><\/div>\n<\/form>\n<\/div>\n<\/div><\/div><\/div><div class=\"vc_col-sm-2 wpb_column vc_column_container\"><div class=\"vc_column-inner\"><div class=\"wpb_wrapper\"><\/div><\/div><\/div><\/div><\/div><\/div><\/div><div class=\"vc_col-sm-4 wpb_column vc_column_container\"><div class=\"vc_column-inner\"><div class=\"wpb_wrapper\"><div class=\"g-cols wpb_row via_flex valign_top type_default stacking_default\"><div class=\"vc_col-sm-12 wpb_column vc_column_container\"><div class=\"vc_column-inner\"><div class=\"wpb_wrapper\"><div class=\"wpb_text_column us_custom_c0bda154 has_text_color\"><div class=\"wpb_wrapper\"><h3 style=\"text-align: right; font-size: 1.6rem; color: #009fe3; margin-bottom: 0px;\"><strong>Si\u00e8ge social<\/strong><\/h3>\n<p style=\"text-align: right; font-size: 1.2 rem;\">38\/44 rue Jean Mermoz<br \/>\n78600 Maisons-Laffitte, France<\/p>\n<\/div><\/div><div class=\"w-btn-wrapper align_right\"><a class=\"w-btn us-btn-style_2\" href=\"https:\/\/sipearl.com\/fr\/sipearl-maisons-laffitte\"><span class=\"w-btn-label\">Voir plus &gt;<\/span><\/a><\/div><div class=\"w-separator size_custom\" style=\"height:1rem\"><\/div><div class=\"wpb_text_column us_custom_c0bda154 has_text_color\"><div class=\"wpb_wrapper\"><h3 style=\"text-align: right; font-size: 1.6rem; color: #009fe3; margin-bottom: 0px;\"><strong>Barcelone<\/strong><\/h3>\n<p style=\"text-align: right; font-size: 1.2 rem;\">Office 201-202, Parc UPC-RDIT<br \/>\nParc Mediterrani de la Tecnologia<br \/>\nEsteve Terradas, 1<br \/>\n08860 Castelldefels, Barcelone, Espagne<\/p>\n<\/div><\/div><div class=\"w-btn-wrapper align_right\"><a class=\"w-btn us-btn-style_2\" href=\"https:\/\/sipearl.com\/fr\/sipearl-barcelone\"><span class=\"w-btn-label\">Voir plus &gt;<\/span><\/a><\/div><div class=\"w-separator size_custom\" style=\"height:1rem\"><\/div><div class=\"wpb_text_column us_custom_c0bda154 has_text_color\"><div class=\"wpb_wrapper\"><h3 style=\"text-align: right; font-size: 1.6rem; color: #009fe3; margin-bottom: 0px;\"><strong>Sophia Antipolis<\/strong><\/h3>\n<p style=\"text-align: right; font-size: 1.2 rem;\">Ecoryzon<br \/>\n505 route des Lucioles<br \/>\n06560 Valbonne, France<\/p>\n<\/div><\/div><div class=\"w-btn-wrapper align_right\"><a class=\"w-btn us-btn-style_2\" href=\"https:\/\/sipearl.com\/fr\/sipearl-sophia-antipolis\"><span class=\"w-btn-label\">Voir plus &gt;<\/span><\/a><\/div><div class=\"w-separator size_custom\" style=\"height:1rem\"><\/div><div class=\"wpb_text_column us_custom_c0bda154 has_text_color\"><div class=\"wpb_wrapper\"><h3 style=\"text-align: right; font-size: 1.6rem; color: #009fe3; margin-bottom: 0px;\"><strong>Grenoble<\/strong><\/h3>\n<p style=\"text-align: right; font-size: 1.2 rem;\">4 Place Robert Schuman<br \/>\n38000 Grenoble, France<\/p>\n<\/div><\/div><div class=\"w-btn-wrapper align_right\"><a class=\"w-btn us-btn-style_2\" href=\"https:\/\/sipearl.com\/fr\/sipearl-grenoble\"><span class=\"w-btn-label\">Voir plus &gt;<\/span><\/a><\/div><div class=\"w-separator size_custom\" style=\"height:1rem\"><\/div><div class=\"wpb_text_column us_custom_c0bda154 has_text_color\"><div class=\"wpb_wrapper\"><h3 style=\"text-align: right; font-size: 1.6rem; color: #009fe3; margin-bottom: 0px;\"><strong>Massy<\/strong><\/h3>\n<p style=\"text-align: right; font-size: 1.2 rem;\">Immeuble Carnot Plaza<br \/>\n14 avenue Carnot<br \/>\n91300 Massy, France<\/p>\n<\/div><\/div><div class=\"w-btn-wrapper align_right\"><a class=\"w-btn us-btn-style_2\" href=\"https:\/\/sipearl.com\/fr\/sipearl-massy\"><span class=\"w-btn-label\">Voir plus &gt;<\/span><\/a><\/div><div class=\"w-separator size_custom\" style=\"height:1rem\"><\/div><div class=\"wpb_text_column us_custom_c0bda154 has_text_color\"><div class=\"wpb_wrapper\"><h3 style=\"text-align: right; font-size: 1.6rem; color: #009fe3; margin-bottom: 0px;\"><strong>Bologne<\/strong><\/h3>\n<p style=\"text-align: right; font-size: 1.2 rem;\">Glerria Ugo Bassi 1,<br \/>\n(Presso Crea System)<br \/>\n40121 Bologna, Italie<\/p>\n<\/div><\/div><div class=\"w-btn-wrapper align_right\"><a class=\"w-btn us-btn-style_2\" href=\"https:\/\/sipearl.com\/fr\/sipearl-bologne\"><span class=\"w-btn-label\">Voir plus &gt;<\/span><\/a><\/div><\/div><\/div><\/div><\/div><div class=\"w-separator size_custom\" style=\"height:1rem\"><\/div><\/div><\/div><\/div><\/div><\/div><\/section><section class=\"l-section wpb_row height_medium with_img\"><div class=\"l-section-img\" role=\"img\" aria-label=\"Image\" data-img-width=\"1440\" data-img-height=\"741\" style=\"background-image: url(https:\/\/i0.wp.com\/sipearl.com\/wp-content\/uploads\/2024\/02\/fond-pages-secondaires_SiPearl.jpg?fit=1440%2C741&#038;ssl=1);background-position: bottom left;background-repeat: no-repeat;\"><\/div><div class=\"l-section-h i-cf\"><div class=\"g-cols vc_row via_flex valign_top type_default stacking_default\"><div class=\"vc_col-sm-12 wpb_column vc_column_container\"><div class=\"vc_column-inner\"><div class=\"wpb_wrapper\"><div class=\"wpb_text_column\"><div class=\"wpb_wrapper\"><h3><span style=\"color: #009fe3;\">Nous trouver \u00e0 Maisons-Laffitte<\/span><\/h3>\n<\/div><\/div><div class=\"w-separator size_custom\" style=\"height:2.8rem\"><\/div>[vc_raw_html]JTNDaWZyYW1lJTIwc3JjJTNEJTIyaHR0cHMlM0ElMkYlMkZ3d3cuZ29vZ2xlLmNvbSUyRm1hcHMlMkZlbWJlZCUzRnBiJTNEJTIxMW0xOCUyMTFtMTIlMjExbTMlMjExZDI2MjAuMzA3OTIxNDQwNTQwNyUyMTJkMi4xNDIxNDkyMTQwOTI3Mzc2JTIxM2Q0OC45NDc2MjIzNzkzNTIzMyUyMTJtMyUyMTFmMCUyMTJmMCUyMTNmMCUyMTNtMiUyMTFpMTAyNCUyMTJpNzY4JTIxNGYxMy4xJTIxM20zJTIxMW0yJTIxMXMweDQ3ZTY2MTg0NmI3ZDRkNjclMjUzQTB4OWIxZDZkZWExYzA1ODgzOCUyMTJzMzglMjUyMFJ1ZSUyNTIwSmVhbiUyNTIwTWVybW96JTI1MkMlMjUyMDc4NjAwJTI1MjBNYWlzb25zLUxhZmZpdHRlJTIxNWUwJTIxM20yJTIxMXNmciUyMTJzZnIlMjE0djE3MTc1OTI1MDAzNTMlMjE1bTIlMjExc2ZyJTIxMnNmciUyMiUyMHdpZHRoJTNEJTIyMTg1MCUyMiUyMGhlaWdodCUzRCUyMjQ1MCUyMiUyMHN0eWxlJTNEJTIyYm9yZGVyJTNBMCUzQiUyMiUyMGFsbG93ZnVsbHNjcmVlbiUzRCUyMiUyMiUyMGxvYWRpbmclM0QlMjJsYXp5JTIyJTIwcmVmZXJyZXJwb2xpY3klM0QlMjJuby1yZWZlcnJlci13aGVuLWRvd25ncmFkZSUyMiUzRSUzQyUyRmlmcmFtZSUzRQ==[\/vc_raw_html]<\/div><\/div><\/div><\/div><\/div><\/section>\n","protected":false},"excerpt":{"rendered":"Nous contacter Nous \u00e9crire Si vous souhaitez avoir plus d&rsquo;informations sur SiPearl ou parler \u00e0 un membre de l&rsquo;\u00e9quipe, merci de compl\u00e9ter ce formulaire. Les champs marqu\u00e9s d&rsquo;une ast\u00e9risque sont obligatoires. Si\u00e8ge social 38\/44 rue Jean Mermoz 78600 Maisons-Laffitte, France Voir plus &gt;Barcelone Office 201-202, Parc UPC-RDIT Parc Mediterrani de la Tecnologia Esteve Terradas, 1...","protected":false},"author":1,"featured_media":0,"parent":0,"menu_order":0,"comment_status":"closed","ping_status":"closed","template":"","meta":{"footnotes":""},"class_list":["post-7924","page","type-page","status-publish","hentry"],"yoast_head":"<!-- This site is optimized with the Yoast SEO plugin v27.3 - https:\/\/yoast.com\/product\/yoast-seo-wordpress\/ -->\n<title>Contact SiPearl - Formulaire et adresses<\/title>\n<meta name=\"description\" content=\"Contact SiPearl : toutes les informations utiles pour nous \u00e9crire ou venir nous voir dans nos implantations en France et en Europe.\" \/>\n<meta name=\"robots\" content=\"index, follow, max-snippet:-1, max-image-preview:large, max-video-preview:-1\" \/>\n<link rel=\"canonical\" href=\"https:\/\/sipearl.com\/fr\/contact-sipearl\" \/>\n<meta property=\"og:locale\" content=\"fr_FR\" \/>\n<meta property=\"og:type\" content=\"article\" \/>\n<meta property=\"og:title\" content=\"Contact SiPearl - Formulaire et adresses\" \/>\n<meta property=\"og:description\" content=\"Contact SiPearl : toutes les informations utiles pour nous \u00e9crire ou venir nous voir dans nos implantations en France et en Europe.\" \/>\n<meta property=\"og:url\" content=\"https:\/\/sipearl.com\/fr\/contact-sipearl\" \/>\n<meta property=\"og:site_name\" content=\"SiPearl\" \/>\n<meta property=\"article:modified_time\" content=\"2026-04-02T14:03:52+00:00\" \/>\n<meta name=\"twitter:card\" content=\"summary_large_image\" \/>\n<meta name=\"twitter:site\" content=\"@SIPEARL_SAS\" \/>\n<meta name=\"twitter:label1\" content=\"Dur\u00e9e de lecture estim\u00e9e\" \/>\n\t<meta name=\"twitter:data1\" content=\"1 minute\" \/>\n<script type=\"application\/ld+json\" class=\"yoast-schema-graph\">{\"@context\":\"https:\\\/\\\/schema.org\",\"@graph\":[{\"@type\":\"WebPage\",\"@id\":\"https:\\\/\\\/sipearl.com\\\/fr\\\/contact-sipearl\",\"url\":\"https:\\\/\\\/sipearl.com\\\/fr\\\/contact-sipearl\",\"name\":\"Contact SiPearl - Formulaire et adresses\",\"isPartOf\":{\"@id\":\"https:\\\/\\\/sipearl.com\\\/fr#website\"},\"datePublished\":\"2021-08-04T17:04:34+00:00\",\"dateModified\":\"2026-04-02T14:03:52+00:00\",\"description\":\"Contact SiPearl : toutes les informations utiles pour nous \u00e9crire ou venir nous voir dans nos implantations en France et en Europe.\",\"breadcrumb\":{\"@id\":\"https:\\\/\\\/sipearl.com\\\/fr\\\/contact-sipearl#breadcrumb\"},\"inLanguage\":\"fr-FR\",\"potentialAction\":[{\"@type\":\"ReadAction\",\"target\":[\"https:\\\/\\\/sipearl.com\\\/fr\\\/contact-sipearl\"]}]},{\"@type\":\"BreadcrumbList\",\"@id\":\"https:\\\/\\\/sipearl.com\\\/fr\\\/contact-sipearl#breadcrumb\",\"itemListElement\":[{\"@type\":\"ListItem\",\"position\":1,\"name\":\"Accueil\",\"item\":\"https:\\\/\\\/sipearl.com\\\/fr\"},{\"@type\":\"ListItem\",\"position\":2,\"name\":\"Contact SiPearl\"}]},{\"@type\":\"WebSite\",\"@id\":\"https:\\\/\\\/sipearl.com\\\/fr#website\",\"url\":\"https:\\\/\\\/sipearl.com\\\/fr\",\"name\":\"SiPearl\",\"description\":\"le microprocesseur europ\u00e9en\",\"publisher\":{\"@id\":\"https:\\\/\\\/sipearl.com\\\/fr#organization\"},\"potentialAction\":[{\"@type\":\"SearchAction\",\"target\":{\"@type\":\"EntryPoint\",\"urlTemplate\":\"https:\\\/\\\/sipearl.com\\\/fr?s={search_term_string}\"},\"query-input\":{\"@type\":\"PropertyValueSpecification\",\"valueRequired\":true,\"valueName\":\"search_term_string\"}}],\"inLanguage\":\"fr-FR\"},{\"@type\":\"Organization\",\"@id\":\"https:\\\/\\\/sipearl.com\\\/fr#organization\",\"name\":\"SiPearl\",\"url\":\"https:\\\/\\\/sipearl.com\\\/fr\",\"logo\":{\"@type\":\"ImageObject\",\"inLanguage\":\"fr-FR\",\"@id\":\"https:\\\/\\\/sipearl.com\\\/fr#\\\/schema\\\/logo\\\/image\\\/\",\"url\":\"https:\\\/\\\/sipearl.com\\\/wp-content\\\/uploads\\\/2021\\\/08\\\/logo_SIPEARL.png\",\"contentUrl\":\"https:\\\/\\\/sipearl.com\\\/wp-content\\\/uploads\\\/2021\\\/08\\\/logo_SIPEARL.png\",\"width\":1146,\"height\":396,\"caption\":\"SiPearl\"},\"image\":{\"@id\":\"https:\\\/\\\/sipearl.com\\\/fr#\\\/schema\\\/logo\\\/image\\\/\"},\"sameAs\":[\"https:\\\/\\\/x.com\\\/SIPEARL_SAS\",\"https:\\\/\\\/www.linkedin.com\\\/company\\\/sipearl\\\/\"]}]}<\/script>\n<!-- \/ Yoast SEO plugin. -->","yoast_head_json":{"title":"Contact SiPearl - Formulaire et adresses","description":"Contact SiPearl : toutes les informations utiles pour nous \u00e9crire ou venir nous voir dans nos implantations en France et en Europe.","robots":{"index":"index","follow":"follow","max-snippet":"max-snippet:-1","max-image-preview":"max-image-preview:large","max-video-preview":"max-video-preview:-1"},"canonical":"https:\/\/sipearl.com\/fr\/contact-sipearl","og_locale":"fr_FR","og_type":"article","og_title":"Contact SiPearl - Formulaire et adresses","og_description":"Contact SiPearl : toutes les informations utiles pour nous \u00e9crire ou venir nous voir dans nos implantations en France et en Europe.","og_url":"https:\/\/sipearl.com\/fr\/contact-sipearl","og_site_name":"SiPearl","article_modified_time":"2026-04-02T14:03:52+00:00","twitter_card":"summary_large_image","twitter_site":"@SIPEARL_SAS","twitter_misc":{"Dur\u00e9e de lecture estim\u00e9e":"1 minute"},"schema":{"@context":"https:\/\/schema.org","@graph":[{"@type":"WebPage","@id":"https:\/\/sipearl.com\/fr\/contact-sipearl","url":"https:\/\/sipearl.com\/fr\/contact-sipearl","name":"Contact SiPearl - Formulaire et adresses","isPartOf":{"@id":"https:\/\/sipearl.com\/fr#website"},"datePublished":"2021-08-04T17:04:34+00:00","dateModified":"2026-04-02T14:03:52+00:00","description":"Contact SiPearl : toutes les informations utiles pour nous \u00e9crire ou venir nous voir dans nos implantations en France et en Europe.","breadcrumb":{"@id":"https:\/\/sipearl.com\/fr\/contact-sipearl#breadcrumb"},"inLanguage":"fr-FR","potentialAction":[{"@type":"ReadAction","target":["https:\/\/sipearl.com\/fr\/contact-sipearl"]}]},{"@type":"BreadcrumbList","@id":"https:\/\/sipearl.com\/fr\/contact-sipearl#breadcrumb","itemListElement":[{"@type":"ListItem","position":1,"name":"Accueil","item":"https:\/\/sipearl.com\/fr"},{"@type":"ListItem","position":2,"name":"Contact SiPearl"}]},{"@type":"WebSite","@id":"https:\/\/sipearl.com\/fr#website","url":"https:\/\/sipearl.com\/fr","name":"SiPearl","description":"le microprocesseur europ\u00e9en","publisher":{"@id":"https:\/\/sipearl.com\/fr#organization"},"potentialAction":[{"@type":"SearchAction","target":{"@type":"EntryPoint","urlTemplate":"https:\/\/sipearl.com\/fr?s={search_term_string}"},"query-input":{"@type":"PropertyValueSpecification","valueRequired":true,"valueName":"search_term_string"}}],"inLanguage":"fr-FR"},{"@type":"Organization","@id":"https:\/\/sipearl.com\/fr#organization","name":"SiPearl","url":"https:\/\/sipearl.com\/fr","logo":{"@type":"ImageObject","inLanguage":"fr-FR","@id":"https:\/\/sipearl.com\/fr#\/schema\/logo\/image\/","url":"https:\/\/sipearl.com\/wp-content\/uploads\/2021\/08\/logo_SIPEARL.png","contentUrl":"https:\/\/sipearl.com\/wp-content\/uploads\/2021\/08\/logo_SIPEARL.png","width":1146,"height":396,"caption":"SiPearl"},"image":{"@id":"https:\/\/sipearl.com\/fr#\/schema\/logo\/image\/"},"sameAs":["https:\/\/x.com\/SIPEARL_SAS","https:\/\/www.linkedin.com\/company\/sipearl\/"]}]}},"jetpack_sharing_enabled":true,"_links":{"self":[{"href":"https:\/\/sipearl.com\/fr\/wp-json\/wp\/v2\/pages\/7924","targetHints":{"allow":["GET"]}}],"collection":[{"href":"https:\/\/sipearl.com\/fr\/wp-json\/wp\/v2\/pages"}],"about":[{"href":"https:\/\/sipearl.com\/fr\/wp-json\/wp\/v2\/types\/page"}],"author":[{"embeddable":true,"href":"https:\/\/sipearl.com\/fr\/wp-json\/wp\/v2\/users\/1"}],"replies":[{"embeddable":true,"href":"https:\/\/sipearl.com\/fr\/wp-json\/wp\/v2\/comments?post=7924"}],"version-history":[{"count":125,"href":"https:\/\/sipearl.com\/fr\/wp-json\/wp\/v2\/pages\/7924\/revisions"}],"predecessor-version":[{"id":24891,"href":"https:\/\/sipearl.com\/fr\/wp-json\/wp\/v2\/pages\/7924\/revisions\/24891"}],"wp:attachment":[{"href":"https:\/\/sipearl.com\/fr\/wp-json\/wp\/v2\/media?parent=7924"}],"curies":[{"name":"wp","href":"https:\/\/api.w.org\/{rel}","templated":true}]}}