{"id":5774,"date":"2017-01-31T14:57:35","date_gmt":"2017-01-31T14:57:35","guid":{"rendered":"http:\/\/impreza5.us-themes.net\/?page_id=5774"},"modified":"2024-04-08T11:22:34","modified_gmt":"2024-04-08T10:22:34","slug":"error-404","status":"publish","type":"page","link":"https:\/\/sipearl.com\/fr\/error-404","title":{"rendered":"404 Error"},"content":{"rendered":"<section class=\"l-section wpb_row height_medium full_height valign_center\"><div class=\"l-section-h i-cf\"><div class=\"g-cols vc_row via_flex valign_middle type_default stacking_default\"><div class=\"vc_col-sm-12 wpb_column vc_column_container\"><div class=\"vc_column-inner\"><div class=\"wpb_wrapper\"><div class=\"w-iconbox iconpos_top style_circle color_primary align_center\"><div class=\"w-iconbox-icon\" style=\"font-size:6rem;\"><i class=\"far fa-map-marked-alt\"><\/i><\/div><div class=\"w-iconbox-meta\"><h2 class=\"w-iconbox-title\">Erreur 404<\/h2><div class=\"w-iconbox-text\"><p style=\"text-align: center;\">Nous sommes d\u00e9sol\u00e9s, la page que vous demandez n&rsquo;existe pas.<\/p>\n<\/div><\/div><\/div><div class=\"w-separator size_small\"><\/div><div class=\"w-iconbox iconpos_right style_default color_primary align_center no_text\"><div class=\"w-iconbox-meta\"><h5 class=\"w-iconbox-title\"><a href=\"https:\/\/sipearl.com\" class=\"w-iconbox-link\" aria-label=\"Revenir \u00e0 la page d&rsquo;accueil\">Revenir \u00e0 la page d&rsquo;accueil<\/a><\/h5><\/div><a href=\"https:\/\/sipearl.com\" class=\"w-iconbox-link\" aria-label=\"Revenir \u00e0 la page d&rsquo;accueil\"><div class=\"w-iconbox-icon\" style=\"font-size:2rem;\"><i class=\"fas fa-chevron-right\"><\/i><\/div><\/a><\/div><\/div><\/div><\/div><\/div><\/div><\/section>\n","protected":false},"excerpt":{"rendered":"Erreur 404Nous sommes d\u00e9sol\u00e9s, la page que vous demandez n'existe pas. Revenir \u00e0 la page d&rsquo;accueil","protected":false},"author":1,"featured_media":0,"parent":0,"menu_order":0,"comment_status":"closed","ping_status":"closed","template":"","meta":{"footnotes":""},"class_list":["post-5774","page","type-page","status-publish","hentry"],"yoast_head":"<!-- This site is optimized with the Yoast SEO plugin v27.5 - https:\/\/yoast.com\/product\/yoast-seo-wordpress\/ -->\n<title>404 Error - SiPearl<\/title>\n<meta name=\"robots\" content=\"index, follow, max-snippet:-1, max-image-preview:large, max-video-preview:-1\" \/>\n<link rel=\"canonical\" href=\"https:\/\/sipearl.com\/fr\/error-404\" \/>\n<meta property=\"og:locale\" content=\"fr_FR\" \/>\n<meta property=\"og:type\" content=\"article\" \/>\n<meta property=\"og:title\" content=\"404 Error - SiPearl\" \/>\n<meta property=\"og:url\" content=\"https:\/\/sipearl.com\/fr\/error-404\" \/>\n<meta property=\"og:site_name\" content=\"SiPearl\" \/>\n<meta property=\"article:modified_time\" content=\"2024-04-08T10:22:34+00:00\" \/>\n<meta name=\"twitter:card\" content=\"summary_large_image\" \/>\n<meta name=\"twitter:site\" content=\"@SIPEARL_SAS\" \/>\n<meta name=\"twitter:label1\" content=\"Dur\u00e9e de lecture estim\u00e9e\" \/>\n\t<meta name=\"twitter:data1\" content=\"1 minute\" \/>\n<script type=\"application\/ld+json\" class=\"yoast-schema-graph\">{\"@context\":\"https:\\\/\\\/schema.org\",\"@graph\":[{\"@type\":\"WebPage\",\"@id\":\"https:\\\/\\\/sipearl.com\\\/fr\\\/error-404\",\"url\":\"https:\\\/\\\/sipearl.com\\\/fr\\\/error-404\",\"name\":\"404 Error - SiPearl\",\"isPartOf\":{\"@id\":\"https:\\\/\\\/sipearl.com\\\/fr#website\"},\"datePublished\":\"2017-01-31T14:57:35+00:00\",\"dateModified\":\"2024-04-08T10:22:34+00:00\",\"breadcrumb\":{\"@id\":\"https:\\\/\\\/sipearl.com\\\/fr\\\/error-404#breadcrumb\"},\"inLanguage\":\"fr-FR\",\"potentialAction\":[{\"@type\":\"ReadAction\",\"target\":[\"https:\\\/\\\/sipearl.com\\\/fr\\\/error-404\"]}]},{\"@type\":\"BreadcrumbList\",\"@id\":\"https:\\\/\\\/sipearl.com\\\/fr\\\/error-404#breadcrumb\",\"itemListElement\":[{\"@type\":\"ListItem\",\"position\":1,\"name\":\"Accueil\",\"item\":\"https:\\\/\\\/sipearl.com\\\/fr\"},{\"@type\":\"ListItem\",\"position\":2,\"name\":\"404 Error\"}]},{\"@type\":\"WebSite\",\"@id\":\"https:\\\/\\\/sipearl.com\\\/fr#website\",\"url\":\"https:\\\/\\\/sipearl.com\\\/fr\",\"name\":\"SiPearl\",\"description\":\"le microprocesseur europ\u00e9en\",\"publisher\":{\"@id\":\"https:\\\/\\\/sipearl.com\\\/fr#organization\"},\"potentialAction\":[{\"@type\":\"SearchAction\",\"target\":{\"@type\":\"EntryPoint\",\"urlTemplate\":\"https:\\\/\\\/sipearl.com\\\/fr?s={search_term_string}\"},\"query-input\":{\"@type\":\"PropertyValueSpecification\",\"valueRequired\":true,\"valueName\":\"search_term_string\"}}],\"inLanguage\":\"fr-FR\"},{\"@type\":\"Organization\",\"@id\":\"https:\\\/\\\/sipearl.com\\\/fr#organization\",\"name\":\"SiPearl\",\"url\":\"https:\\\/\\\/sipearl.com\\\/fr\",\"logo\":{\"@type\":\"ImageObject\",\"inLanguage\":\"fr-FR\",\"@id\":\"https:\\\/\\\/sipearl.com\\\/fr#\\\/schema\\\/logo\\\/image\\\/\",\"url\":\"https:\\\/\\\/sipearl.com\\\/wp-content\\\/uploads\\\/2021\\\/08\\\/logo_SIPEARL.png\",\"contentUrl\":\"https:\\\/\\\/sipearl.com\\\/wp-content\\\/uploads\\\/2021\\\/08\\\/logo_SIPEARL.png\",\"width\":1146,\"height\":396,\"caption\":\"SiPearl\"},\"image\":{\"@id\":\"https:\\\/\\\/sipearl.com\\\/fr#\\\/schema\\\/logo\\\/image\\\/\"},\"sameAs\":[\"https:\\\/\\\/x.com\\\/SIPEARL_SAS\",\"https:\\\/\\\/www.linkedin.com\\\/company\\\/sipearl\\\/\"]}]}<\/script>\n<!-- \/ Yoast SEO plugin. -->","yoast_head_json":{"title":"404 Error - SiPearl","robots":{"index":"index","follow":"follow","max-snippet":"max-snippet:-1","max-image-preview":"max-image-preview:large","max-video-preview":"max-video-preview:-1"},"canonical":"https:\/\/sipearl.com\/fr\/error-404","og_locale":"fr_FR","og_type":"article","og_title":"404 Error - SiPearl","og_url":"https:\/\/sipearl.com\/fr\/error-404","og_site_name":"SiPearl","article_modified_time":"2024-04-08T10:22:34+00:00","twitter_card":"summary_large_image","twitter_site":"@SIPEARL_SAS","twitter_misc":{"Dur\u00e9e de lecture estim\u00e9e":"1 minute"},"schema":{"@context":"https:\/\/schema.org","@graph":[{"@type":"WebPage","@id":"https:\/\/sipearl.com\/fr\/error-404","url":"https:\/\/sipearl.com\/fr\/error-404","name":"404 Error - SiPearl","isPartOf":{"@id":"https:\/\/sipearl.com\/fr#website"},"datePublished":"2017-01-31T14:57:35+00:00","dateModified":"2024-04-08T10:22:34+00:00","breadcrumb":{"@id":"https:\/\/sipearl.com\/fr\/error-404#breadcrumb"},"inLanguage":"fr-FR","potentialAction":[{"@type":"ReadAction","target":["https:\/\/sipearl.com\/fr\/error-404"]}]},{"@type":"BreadcrumbList","@id":"https:\/\/sipearl.com\/fr\/error-404#breadcrumb","itemListElement":[{"@type":"ListItem","position":1,"name":"Accueil","item":"https:\/\/sipearl.com\/fr"},{"@type":"ListItem","position":2,"name":"404 Error"}]},{"@type":"WebSite","@id":"https:\/\/sipearl.com\/fr#website","url":"https:\/\/sipearl.com\/fr","name":"SiPearl","description":"le microprocesseur europ\u00e9en","publisher":{"@id":"https:\/\/sipearl.com\/fr#organization"},"potentialAction":[{"@type":"SearchAction","target":{"@type":"EntryPoint","urlTemplate":"https:\/\/sipearl.com\/fr?s={search_term_string}"},"query-input":{"@type":"PropertyValueSpecification","valueRequired":true,"valueName":"search_term_string"}}],"inLanguage":"fr-FR"},{"@type":"Organization","@id":"https:\/\/sipearl.com\/fr#organization","name":"SiPearl","url":"https:\/\/sipearl.com\/fr","logo":{"@type":"ImageObject","inLanguage":"fr-FR","@id":"https:\/\/sipearl.com\/fr#\/schema\/logo\/image\/","url":"https:\/\/sipearl.com\/wp-content\/uploads\/2021\/08\/logo_SIPEARL.png","contentUrl":"https:\/\/sipearl.com\/wp-content\/uploads\/2021\/08\/logo_SIPEARL.png","width":1146,"height":396,"caption":"SiPearl"},"image":{"@id":"https:\/\/sipearl.com\/fr#\/schema\/logo\/image\/"},"sameAs":["https:\/\/x.com\/SIPEARL_SAS","https:\/\/www.linkedin.com\/company\/sipearl\/"]}]}},"jetpack_sharing_enabled":true,"_links":{"self":[{"href":"https:\/\/sipearl.com\/fr\/wp-json\/wp\/v2\/pages\/5774","targetHints":{"allow":["GET"]}}],"collection":[{"href":"https:\/\/sipearl.com\/fr\/wp-json\/wp\/v2\/pages"}],"about":[{"href":"https:\/\/sipearl.com\/fr\/wp-json\/wp\/v2\/types\/page"}],"author":[{"embeddable":true,"href":"https:\/\/sipearl.com\/fr\/wp-json\/wp\/v2\/users\/1"}],"replies":[{"embeddable":true,"href":"https:\/\/sipearl.com\/fr\/wp-json\/wp\/v2\/comments?post=5774"}],"version-history":[{"count":6,"href":"https:\/\/sipearl.com\/fr\/wp-json\/wp\/v2\/pages\/5774\/revisions"}],"predecessor-version":[{"id":16557,"href":"https:\/\/sipearl.com\/fr\/wp-json\/wp\/v2\/pages\/5774\/revisions\/16557"}],"wp:attachment":[{"href":"https:\/\/sipearl.com\/fr\/wp-json\/wp\/v2\/media?parent=5774"}],"curies":[{"name":"wp","href":"https:\/\/api.w.org\/{rel}","templated":true}]}}