{"id":20406,"date":"2025-03-18T11:39:35","date_gmt":"2025-03-18T10:39:35","guid":{"rendered":"https:\/\/sipearl.com\/?page_id=20406"},"modified":"2025-09-26T10:35:53","modified_gmt":"2025-09-26T09:35:53","slug":"gael-paul","status":"publish","type":"page","link":"https:\/\/sipearl.com\/fr\/gael-paul","title":{"rendered":"Gael Paul"},"content":{"rendered":"<section class=\"l-section wpb_row height_medium color_footer-top with_img\"><div class=\"l-section-img\" role=\"img\" aria-label=\"Image\" data-img-width=\"1920\" data-img-height=\"680\" style=\"background-image: url(https:\/\/i0.wp.com\/sipearl.com\/wp-content\/uploads\/2024\/08\/fond-degrade.jpg?fit=1920%2C680&#038;ssl=1);background-position: bottom left;background-repeat: no-repeat;\"><\/div><div class=\"l-section-h i-cf\"><div class=\"g-cols vc_row via_flex valign_top type_default stacking_default\"><div class=\"vc_col-sm-12 wpb_column vc_column_container\"><div class=\"vc_column-inner\"><div class=\"wpb_wrapper\"><div class=\"g-cols wpb_row via_flex valign_top type_default stacking_default\"><div class=\"vc_col-sm-12 vc_col-md-offset-3 vc_col-md-6 wpb_column vc_column_container\"><div class=\"vc_column-inner\"><div class=\"wpb_wrapper\"><div class=\"w-separator size_custom\" style=\"height:2rem\"><\/div><\/div><\/div><\/div><\/div><div class=\"g-cols wpb_row via_flex valign_top type_default stacking_default\"><div class=\"vc_col-sm-4 wpb_column vc_column_container\"><div class=\"vc_column-inner us_custom_eaba8efb us_animate_this\"><div class=\"wpb_wrapper\"><div class=\"w-image align_center\"><div class=\"w-image-h\"><img decoding=\"async\" width=\"300\" height=\"300\" src=\"https:\/\/i0.wp.com\/sipearl.com\/wp-content\/uploads\/2025\/03\/gael_paul_SiPearl.jpg?fit=300%2C300&amp;ssl=1\" class=\"attachment-medium size-medium\" alt=\"Gael Paul Senior VP Engineering SiPearl\" loading=\"lazy\" srcset=\"https:\/\/i0.wp.com\/sipearl.com\/wp-content\/uploads\/2025\/03\/gael_paul_SiPearl.jpg?w=300&amp;ssl=1 300w, https:\/\/i0.wp.com\/sipearl.com\/wp-content\/uploads\/2025\/03\/gael_paul_SiPearl.jpg?resize=150%2C150&amp;ssl=1 150w\" sizes=\"auto, (max-width: 300px) 100vw, 300px\" \/><\/div><\/div><div class=\"w-separator size_custom\" style=\"height:2rem\"><\/div><div class=\"w-image align_center\"><a target=\"_blank\" rel=\"nofollow\" href=\"https:\/\/www.linkedin.com\/in\/gaelpaul\/\" aria-label=\"icone_Linkedin_SiPearl\" class=\"w-image-h\"><img decoding=\"async\" width=\"48\" height=\"48\" src=\"https:\/\/i0.wp.com\/sipearl.com\/wp-content\/uploads\/2025\/09\/icons8-linkedin-48.png?fit=48%2C48&amp;ssl=1\" class=\"attachment-full size-full\" alt=\"\" loading=\"lazy\" \/><\/a><\/div><div class=\"w-separator size_custom\" style=\"height:1.5rem\"><\/div><\/div><\/div><\/div><div class=\"vc_col-sm-8 wpb_column vc_column_container\"><div class=\"vc_column-inner us_custom_03ba1afd us_animate_this\"><div class=\"wpb_wrapper\"><div class=\"wpb_text_column\"><div class=\"wpb_wrapper\"><h3><strong>Gael Paul<\/strong><\/h3>\n<h4>Senior Vice-President Engineering<\/h4>\n<p>Gael Paul est en charge des activit\u00e9s recherche &amp; d\u00e9veloppement ainsi que de la gestion de programmes de SiPearl, et dirige les \u00e9quipes concern\u00e9es. En collaboration avec le service marketing, il est \u00e9galement responsable du d\u00e9ploiement de la feuille de route des nouvelles g\u00e9n\u00e9rations de microprocesseurs.<\/p>\n<p><span>Fort de 29 ans d&rsquo;exp\u00e9rience dans les semi-conducteurs, l&rsquo;EDA et le cloud, Gael a men\u00e9 toute sa carri\u00e8re en Europe et aux \u00c9tats-Unis \u00e0 la t\u00eate d\u2019\u00e9quipes internationales et pluridisciplinaires pour mener \u00e0 bien le d\u00e9veloppement de projets complexes. C&rsquo;est un technologue reconnu qui combine de mani\u00e8re unique l&rsquo;architecture produits, la conception de puces, le d\u00e9veloppement de logiciels et le cloud computing. Il d\u00e9tient plus de 20 brevets et est notamment l&rsquo;inventeur de la norme IEEE 1735 HDL IP Encryption. <\/span><span>Avant de rejoindre SiPearl, Gael \u00e9tait Vice-Pr\u00e9sident de l&rsquo;Innovation d\u2019Enclustra, le leader des syst\u00e8mes sur module bas\u00e9s sur des FPGA. <\/span><\/p>\n<p>Il est membre du Comit\u00e9 Ex\u00e9cutif de SiPearl.<\/p>\n<p>Gael est titulaire d&rsquo;un Master en ing\u00e9nierie \u00e9lectrique (ESIEE et Universit\u00e9 du Texas \u00e0 Austin).<\/p>\n<\/div><\/div><div class=\"w-separator size_custom\" style=\"height:1.8rem\"><\/div><div class=\"w-btn-wrapper align_left\"><a class=\"w-btn us-btn-style_29\" href=\"https:\/\/sipearl.com\/fr\/direction-sipearl\"><span class=\"w-btn-label\">Revenir page \u00e9quipe<\/span><\/a><\/div><\/div><\/div><\/div><\/div><\/div><\/div><\/div><\/div><\/div><\/section>\n","protected":false},"excerpt":{"rendered":"Gael Paul Senior Vice-President Engineering Gael Paul est en charge des activit\u00e9s recherche &amp; d\u00e9veloppement ainsi que de la gestion de programmes de SiPearl, et dirige les \u00e9quipes concern\u00e9es. En collaboration avec le service marketing, il est \u00e9galement responsable du d\u00e9ploiement de la feuille de route des nouvelles g\u00e9n\u00e9rations de microprocesseurs. Fort de 29 ans...","protected":false},"author":1,"featured_media":0,"parent":0,"menu_order":0,"comment_status":"closed","ping_status":"closed","template":"","meta":{"footnotes":""},"class_list":["post-20406","page","type-page","status-publish","hentry"],"yoast_head":"<!-- This site is optimized with the Yoast SEO plugin v27.4 - https:\/\/yoast.com\/product\/yoast-seo-wordpress\/ -->\n<title>Gael Paul - SiPearl<\/title>\n<meta name=\"description\" content=\"Gael Paul est Senior Vice President Engineering de SiPearl en charge de la Recherche &amp; D\u00e9veloppement et de la gestion de programmes.\" \/>\n<meta name=\"robots\" content=\"index, follow, max-snippet:-1, max-image-preview:large, max-video-preview:-1\" \/>\n<link rel=\"canonical\" href=\"https:\/\/sipearl.com\/fr\/gael-paul\" \/>\n<meta property=\"og:locale\" content=\"fr_FR\" \/>\n<meta property=\"og:type\" content=\"article\" \/>\n<meta property=\"og:title\" content=\"Gael Paul - SiPearl\" \/>\n<meta property=\"og:description\" content=\"Gael Paul est Senior Vice President Engineering de SiPearl en charge de la Recherche &amp; D\u00e9veloppement et de la gestion de programmes.\" \/>\n<meta property=\"og:url\" content=\"https:\/\/sipearl.com\/fr\/gael-paul\" \/>\n<meta property=\"og:site_name\" content=\"SiPearl\" \/>\n<meta property=\"article:modified_time\" content=\"2025-09-26T09:35:53+00:00\" \/>\n<meta name=\"twitter:card\" content=\"summary_large_image\" \/>\n<meta name=\"twitter:site\" content=\"@SIPEARL_SAS\" \/>\n<meta name=\"twitter:label1\" content=\"Dur\u00e9e de lecture estim\u00e9e\" \/>\n\t<meta name=\"twitter:data1\" content=\"2 minutes\" \/>\n<script type=\"application\/ld+json\" class=\"yoast-schema-graph\">{\"@context\":\"https:\\\/\\\/schema.org\",\"@graph\":[{\"@type\":\"WebPage\",\"@id\":\"https:\\\/\\\/sipearl.com\\\/fr\\\/gael-paul\",\"url\":\"https:\\\/\\\/sipearl.com\\\/fr\\\/gael-paul\",\"name\":\"Gael Paul - SiPearl\",\"isPartOf\":{\"@id\":\"https:\\\/\\\/sipearl.com\\\/fr#website\"},\"datePublished\":\"2025-03-18T10:39:35+00:00\",\"dateModified\":\"2025-09-26T09:35:53+00:00\",\"description\":\"Gael Paul est Senior Vice President Engineering de SiPearl en charge de la Recherche & D\u00e9veloppement et de la gestion de programmes.\",\"breadcrumb\":{\"@id\":\"https:\\\/\\\/sipearl.com\\\/fr\\\/gael-paul#breadcrumb\"},\"inLanguage\":\"fr-FR\",\"potentialAction\":[{\"@type\":\"ReadAction\",\"target\":[\"https:\\\/\\\/sipearl.com\\\/fr\\\/gael-paul\"]}]},{\"@type\":\"BreadcrumbList\",\"@id\":\"https:\\\/\\\/sipearl.com\\\/fr\\\/gael-paul#breadcrumb\",\"itemListElement\":[{\"@type\":\"ListItem\",\"position\":1,\"name\":\"Accueil\",\"item\":\"https:\\\/\\\/sipearl.com\\\/fr\"},{\"@type\":\"ListItem\",\"position\":2,\"name\":\"Gael Paul\"}]},{\"@type\":\"WebSite\",\"@id\":\"https:\\\/\\\/sipearl.com\\\/fr#website\",\"url\":\"https:\\\/\\\/sipearl.com\\\/fr\",\"name\":\"SiPearl\",\"description\":\"le microprocesseur europ\u00e9en\",\"publisher\":{\"@id\":\"https:\\\/\\\/sipearl.com\\\/fr#organization\"},\"potentialAction\":[{\"@type\":\"SearchAction\",\"target\":{\"@type\":\"EntryPoint\",\"urlTemplate\":\"https:\\\/\\\/sipearl.com\\\/fr?s={search_term_string}\"},\"query-input\":{\"@type\":\"PropertyValueSpecification\",\"valueRequired\":true,\"valueName\":\"search_term_string\"}}],\"inLanguage\":\"fr-FR\"},{\"@type\":\"Organization\",\"@id\":\"https:\\\/\\\/sipearl.com\\\/fr#organization\",\"name\":\"SiPearl\",\"url\":\"https:\\\/\\\/sipearl.com\\\/fr\",\"logo\":{\"@type\":\"ImageObject\",\"inLanguage\":\"fr-FR\",\"@id\":\"https:\\\/\\\/sipearl.com\\\/fr#\\\/schema\\\/logo\\\/image\\\/\",\"url\":\"https:\\\/\\\/sipearl.com\\\/wp-content\\\/uploads\\\/2021\\\/08\\\/logo_SIPEARL.png\",\"contentUrl\":\"https:\\\/\\\/sipearl.com\\\/wp-content\\\/uploads\\\/2021\\\/08\\\/logo_SIPEARL.png\",\"width\":1146,\"height\":396,\"caption\":\"SiPearl\"},\"image\":{\"@id\":\"https:\\\/\\\/sipearl.com\\\/fr#\\\/schema\\\/logo\\\/image\\\/\"},\"sameAs\":[\"https:\\\/\\\/x.com\\\/SIPEARL_SAS\",\"https:\\\/\\\/www.linkedin.com\\\/company\\\/sipearl\\\/\"]}]}<\/script>\n<!-- \/ Yoast SEO plugin. -->","yoast_head_json":{"title":"Gael Paul - SiPearl","description":"Gael Paul est Senior Vice President Engineering de SiPearl en charge de la Recherche & D\u00e9veloppement et de la gestion de programmes.","robots":{"index":"index","follow":"follow","max-snippet":"max-snippet:-1","max-image-preview":"max-image-preview:large","max-video-preview":"max-video-preview:-1"},"canonical":"https:\/\/sipearl.com\/fr\/gael-paul","og_locale":"fr_FR","og_type":"article","og_title":"Gael Paul - SiPearl","og_description":"Gael Paul est Senior Vice President Engineering de SiPearl en charge de la Recherche & D\u00e9veloppement et de la gestion de programmes.","og_url":"https:\/\/sipearl.com\/fr\/gael-paul","og_site_name":"SiPearl","article_modified_time":"2025-09-26T09:35:53+00:00","twitter_card":"summary_large_image","twitter_site":"@SIPEARL_SAS","twitter_misc":{"Dur\u00e9e de lecture estim\u00e9e":"2 minutes"},"schema":{"@context":"https:\/\/schema.org","@graph":[{"@type":"WebPage","@id":"https:\/\/sipearl.com\/fr\/gael-paul","url":"https:\/\/sipearl.com\/fr\/gael-paul","name":"Gael Paul - SiPearl","isPartOf":{"@id":"https:\/\/sipearl.com\/fr#website"},"datePublished":"2025-03-18T10:39:35+00:00","dateModified":"2025-09-26T09:35:53+00:00","description":"Gael Paul est Senior Vice President Engineering de SiPearl en charge de la Recherche & D\u00e9veloppement et de la gestion de programmes.","breadcrumb":{"@id":"https:\/\/sipearl.com\/fr\/gael-paul#breadcrumb"},"inLanguage":"fr-FR","potentialAction":[{"@type":"ReadAction","target":["https:\/\/sipearl.com\/fr\/gael-paul"]}]},{"@type":"BreadcrumbList","@id":"https:\/\/sipearl.com\/fr\/gael-paul#breadcrumb","itemListElement":[{"@type":"ListItem","position":1,"name":"Accueil","item":"https:\/\/sipearl.com\/fr"},{"@type":"ListItem","position":2,"name":"Gael Paul"}]},{"@type":"WebSite","@id":"https:\/\/sipearl.com\/fr#website","url":"https:\/\/sipearl.com\/fr","name":"SiPearl","description":"le microprocesseur europ\u00e9en","publisher":{"@id":"https:\/\/sipearl.com\/fr#organization"},"potentialAction":[{"@type":"SearchAction","target":{"@type":"EntryPoint","urlTemplate":"https:\/\/sipearl.com\/fr?s={search_term_string}"},"query-input":{"@type":"PropertyValueSpecification","valueRequired":true,"valueName":"search_term_string"}}],"inLanguage":"fr-FR"},{"@type":"Organization","@id":"https:\/\/sipearl.com\/fr#organization","name":"SiPearl","url":"https:\/\/sipearl.com\/fr","logo":{"@type":"ImageObject","inLanguage":"fr-FR","@id":"https:\/\/sipearl.com\/fr#\/schema\/logo\/image\/","url":"https:\/\/sipearl.com\/wp-content\/uploads\/2021\/08\/logo_SIPEARL.png","contentUrl":"https:\/\/sipearl.com\/wp-content\/uploads\/2021\/08\/logo_SIPEARL.png","width":1146,"height":396,"caption":"SiPearl"},"image":{"@id":"https:\/\/sipearl.com\/fr#\/schema\/logo\/image\/"},"sameAs":["https:\/\/x.com\/SIPEARL_SAS","https:\/\/www.linkedin.com\/company\/sipearl\/"]}]}},"jetpack_sharing_enabled":true,"_links":{"self":[{"href":"https:\/\/sipearl.com\/fr\/wp-json\/wp\/v2\/pages\/20406","targetHints":{"allow":["GET"]}}],"collection":[{"href":"https:\/\/sipearl.com\/fr\/wp-json\/wp\/v2\/pages"}],"about":[{"href":"https:\/\/sipearl.com\/fr\/wp-json\/wp\/v2\/types\/page"}],"author":[{"embeddable":true,"href":"https:\/\/sipearl.com\/fr\/wp-json\/wp\/v2\/users\/1"}],"replies":[{"embeddable":true,"href":"https:\/\/sipearl.com\/fr\/wp-json\/wp\/v2\/comments?post=20406"}],"version-history":[{"count":5,"href":"https:\/\/sipearl.com\/fr\/wp-json\/wp\/v2\/pages\/20406\/revisions"}],"predecessor-version":[{"id":22283,"href":"https:\/\/sipearl.com\/fr\/wp-json\/wp\/v2\/pages\/20406\/revisions\/22283"}],"wp:attachment":[{"href":"https:\/\/sipearl.com\/fr\/wp-json\/wp\/v2\/media?parent=20406"}],"curies":[{"name":"wp","href":"https:\/\/api.w.org\/{rel}","templated":true}]}}