{"id":18860,"date":"2024-09-24T10:26:46","date_gmt":"2024-09-24T09:26:46","guid":{"rendered":"https:\/\/sipearl.com\/?page_id=18860"},"modified":"2025-10-24T16:35:15","modified_gmt":"2025-10-24T15:35:15","slug":"dermot-odriscoll","status":"publish","type":"page","link":"https:\/\/sipearl.com\/fr\/dermot-odriscoll","title":{"rendered":"Dermot O&rsquo;Driscoll"},"content":{"rendered":"<section class=\"l-section wpb_row height_medium color_footer-top with_img\"><div class=\"l-section-img\" role=\"img\" aria-label=\"Image\" data-img-width=\"1920\" data-img-height=\"680\" style=\"background-image: url(https:\/\/i0.wp.com\/sipearl.com\/wp-content\/uploads\/2024\/08\/fond-degrade.jpg?fit=1920%2C680&#038;ssl=1);background-position: bottom left;background-repeat: no-repeat;\"><\/div><div class=\"l-section-h i-cf\"><div class=\"g-cols vc_row via_flex valign_top type_default stacking_default\"><div class=\"vc_col-sm-12 wpb_column vc_column_container\"><div class=\"vc_column-inner\"><div class=\"wpb_wrapper\"><div class=\"g-cols wpb_row via_flex valign_top type_default stacking_default\"><div class=\"vc_col-sm-12 vc_col-md-offset-3 vc_col-md-6 wpb_column vc_column_container\"><div class=\"vc_column-inner\"><div class=\"wpb_wrapper\"><div class=\"w-separator size_custom\" style=\"height:2rem\"><\/div><\/div><\/div><\/div><\/div><div class=\"g-cols wpb_row via_flex valign_top type_default stacking_default\"><div class=\"vc_col-sm-4 wpb_column vc_column_container\"><div class=\"vc_column-inner us_custom_eaba8efb us_animate_this\"><div class=\"wpb_wrapper\"><div class=\"w-image align_center\"><div class=\"w-image-h\"><img decoding=\"async\" width=\"300\" height=\"300\" src=\"https:\/\/i0.wp.com\/sipearl.com\/wp-content\/uploads\/2024\/09\/Dermot-ODriscoll_arm_SiPearl.jpg?fit=300%2C300&amp;ssl=1\" class=\"attachment-medium size-medium\" alt=\"Dermot O&#039;Driscoll Arm representative\" loading=\"lazy\" srcset=\"https:\/\/i0.wp.com\/sipearl.com\/wp-content\/uploads\/2024\/09\/Dermot-ODriscoll_arm_SiPearl.jpg?w=450&amp;ssl=1 450w, https:\/\/i0.wp.com\/sipearl.com\/wp-content\/uploads\/2024\/09\/Dermot-ODriscoll_arm_SiPearl.jpg?resize=300%2C300&amp;ssl=1 300w, https:\/\/i0.wp.com\/sipearl.com\/wp-content\/uploads\/2024\/09\/Dermot-ODriscoll_arm_SiPearl.jpg?resize=150%2C150&amp;ssl=1 150w\" sizes=\"auto, (max-width: 300px) 100vw, 300px\" \/><\/div><\/div><div class=\"w-separator size_custom\" style=\"height:2rem\"><\/div><div class=\"w-image align_center\"><a target=\"_blank\" rel=\"nofollow\" href=\"https:\/\/www.linkedin.com\/in\/dermot-o-driscoll-52b189\/\" aria-label=\"icone_Linkedin_SiPearl\" class=\"w-image-h\"><img decoding=\"async\" width=\"48\" height=\"48\" src=\"https:\/\/i0.wp.com\/sipearl.com\/wp-content\/uploads\/2025\/09\/icons8-linkedin-48.png?fit=48%2C48&amp;ssl=1\" class=\"attachment-full size-full\" alt=\"\" loading=\"lazy\" \/><\/a><\/div><div class=\"w-separator size_custom\" style=\"height:1.5rem\"><\/div><\/div><\/div><\/div><div class=\"vc_col-sm-8 wpb_column vc_column_container\"><div class=\"vc_column-inner us_custom_03ba1afd us_animate_this\"><div class=\"wpb_wrapper\"><div class=\"wpb_text_column\"><div class=\"wpb_wrapper\"><h3><strong>Dermot O&rsquo;Driscoll<\/strong><\/h3>\n<h4>Observateur &#8211; Repr\u00e9sentant d&rsquo;Arm<\/h4>\n<p>Dermot O&rsquo;Driscoll est \u00e0 la t\u00eate des solutions produits pour l\u2019activit\u00e9 Infrastructure chez Arm. Ses responsabilit\u00e9s incluent la d\u00e9finition, la livraison et le d\u00e9ploiement de produits bas\u00e9s sur Arm au segment de client\u00e8le \u00ab\u00a0Infrastructure\u00a0\u00bb. Fort d\u2019une connaissance approfondie des applications pour les centres de donn\u00e9es et le r\u00e9seau, il dirige l&rsquo;\u00e9quipe en charge des technologies et logiciels d&rsquo;Arm sur ces march\u00e9s.<\/p>\n<p>Dermot travaille avec les sp\u00e9cialistes des semi-conducteurs partenaires d&rsquo;Arm pour accompagner le d\u00e9veloppement de leurs produits. Il est \u00e9galement en charge des clients finaux dans les secteurs du cloud et des t\u00e9l\u00e9communications afin de garantir le succ\u00e8s du d\u00e9ploiement de solutions efficaces bas\u00e9es sur les technologies Arm.<\/p>\n<p>Dermot a une longue exp\u00e9rience de l&rsquo;informatique, de l&rsquo;EDA, de la conception de microprocesseurs et de syst\u00e8mes sur puces (SoC) chez Arm o\u00f9 il travaille depuis plus de 20 ans occupant diff\u00e9rents postes d\u2019ing\u00e9nieur et de manager.<\/p>\n<p>Dermot O\u2019Driscoll est titulaire d&rsquo;une licence en ing\u00e9nierie \u00e9lectronique et d&rsquo;une ma\u00eetrise en micro\u00e9lectronique de l&rsquo;Universit\u00e9 d&rsquo;\u00c9dimbourg.<\/p>\n<\/div><\/div><div class=\"w-separator size_custom\" style=\"height:1.8rem\"><\/div><div class=\"w-btn-wrapper align_left\"><a class=\"w-btn us-btn-style_29\" href=\"https:\/\/sipearl.com\/fr\/conseil-administration-de-sipearl\"><span class=\"w-btn-label\">Revenir page Conseil d&rsquo;administration<\/span><\/a><\/div><\/div><\/div><\/div><\/div><\/div><\/div><\/div><\/div><\/div><\/section>\n","protected":false},"excerpt":{"rendered":"Dermot O&rsquo;Driscoll Observateur &#8211; Repr\u00e9sentant d&rsquo;Arm Dermot O&rsquo;Driscoll est \u00e0 la t\u00eate des solutions produits pour l\u2019activit\u00e9 Infrastructure chez Arm. Ses responsabilit\u00e9s incluent la d\u00e9finition, la livraison et le d\u00e9ploiement de produits bas\u00e9s sur Arm au segment de client\u00e8le \u00ab\u00a0Infrastructure\u00a0\u00bb. Fort d\u2019une connaissance approfondie des applications pour les centres de donn\u00e9es et le r\u00e9seau, il...","protected":false},"author":1,"featured_media":0,"parent":0,"menu_order":0,"comment_status":"closed","ping_status":"closed","template":"","meta":{"footnotes":""},"class_list":["post-18860","page","type-page","status-publish","hentry"],"yoast_head":"<!-- This site is optimized with the Yoast SEO plugin v27.5 - https:\/\/yoast.com\/product\/yoast-seo-wordpress\/ -->\n<title>Dermot O&#039;Driscoll - repr\u00e9sentant d&#039;Arm - SiPearl<\/title>\n<meta name=\"description\" content=\"Dermot O&#039;Driscoll, repr\u00e9sentant d&#039;Arm, si\u00e8ge au Conseil d&#039;administration de SiPearl ent tant qu&#039;observateur.\" \/>\n<meta name=\"robots\" content=\"index, follow, max-snippet:-1, max-image-preview:large, max-video-preview:-1\" \/>\n<link rel=\"canonical\" href=\"https:\/\/sipearl.com\/fr\/dermot-odriscoll\" \/>\n<meta property=\"og:locale\" content=\"fr_FR\" \/>\n<meta property=\"og:type\" content=\"article\" \/>\n<meta property=\"og:title\" content=\"Dermot O&#039;Driscoll - repr\u00e9sentant d&#039;Arm - SiPearl\" \/>\n<meta property=\"og:description\" content=\"Dermot O&#039;Driscoll, repr\u00e9sentant d&#039;Arm, si\u00e8ge au Conseil d&#039;administration de SiPearl ent tant qu&#039;observateur.\" \/>\n<meta property=\"og:url\" content=\"https:\/\/sipearl.com\/fr\/dermot-odriscoll\" \/>\n<meta property=\"og:site_name\" content=\"SiPearl\" \/>\n<meta property=\"article:modified_time\" content=\"2025-10-24T15:35:15+00:00\" \/>\n<meta name=\"twitter:card\" content=\"summary_large_image\" \/>\n<meta name=\"twitter:site\" content=\"@SIPEARL_SAS\" \/>\n<meta name=\"twitter:label1\" content=\"Dur\u00e9e de lecture estim\u00e9e\" \/>\n\t<meta name=\"twitter:data1\" content=\"2 minutes\" \/>\n<script type=\"application\/ld+json\" class=\"yoast-schema-graph\">{\"@context\":\"https:\\\/\\\/schema.org\",\"@graph\":[{\"@type\":\"WebPage\",\"@id\":\"https:\\\/\\\/sipearl.com\\\/fr\\\/dermot-odriscoll\",\"url\":\"https:\\\/\\\/sipearl.com\\\/fr\\\/dermot-odriscoll\",\"name\":\"Dermot O'Driscoll - repr\u00e9sentant d'Arm - SiPearl\",\"isPartOf\":{\"@id\":\"https:\\\/\\\/sipearl.com\\\/fr#website\"},\"datePublished\":\"2024-09-24T09:26:46+00:00\",\"dateModified\":\"2025-10-24T15:35:15+00:00\",\"description\":\"Dermot O'Driscoll, repr\u00e9sentant d'Arm, si\u00e8ge au Conseil d'administration de SiPearl ent tant qu'observateur.\",\"breadcrumb\":{\"@id\":\"https:\\\/\\\/sipearl.com\\\/fr\\\/dermot-odriscoll#breadcrumb\"},\"inLanguage\":\"fr-FR\",\"potentialAction\":[{\"@type\":\"ReadAction\",\"target\":[\"https:\\\/\\\/sipearl.com\\\/fr\\\/dermot-odriscoll\"]}]},{\"@type\":\"BreadcrumbList\",\"@id\":\"https:\\\/\\\/sipearl.com\\\/fr\\\/dermot-odriscoll#breadcrumb\",\"itemListElement\":[{\"@type\":\"ListItem\",\"position\":1,\"name\":\"Accueil\",\"item\":\"https:\\\/\\\/sipearl.com\\\/fr\"},{\"@type\":\"ListItem\",\"position\":2,\"name\":\"Dermot O&rsquo;Driscoll\"}]},{\"@type\":\"WebSite\",\"@id\":\"https:\\\/\\\/sipearl.com\\\/fr#website\",\"url\":\"https:\\\/\\\/sipearl.com\\\/fr\",\"name\":\"SiPearl\",\"description\":\"le microprocesseur europ\u00e9en\",\"publisher\":{\"@id\":\"https:\\\/\\\/sipearl.com\\\/fr#organization\"},\"potentialAction\":[{\"@type\":\"SearchAction\",\"target\":{\"@type\":\"EntryPoint\",\"urlTemplate\":\"https:\\\/\\\/sipearl.com\\\/fr?s={search_term_string}\"},\"query-input\":{\"@type\":\"PropertyValueSpecification\",\"valueRequired\":true,\"valueName\":\"search_term_string\"}}],\"inLanguage\":\"fr-FR\"},{\"@type\":\"Organization\",\"@id\":\"https:\\\/\\\/sipearl.com\\\/fr#organization\",\"name\":\"SiPearl\",\"url\":\"https:\\\/\\\/sipearl.com\\\/fr\",\"logo\":{\"@type\":\"ImageObject\",\"inLanguage\":\"fr-FR\",\"@id\":\"https:\\\/\\\/sipearl.com\\\/fr#\\\/schema\\\/logo\\\/image\\\/\",\"url\":\"https:\\\/\\\/sipearl.com\\\/wp-content\\\/uploads\\\/2021\\\/08\\\/logo_SIPEARL.png\",\"contentUrl\":\"https:\\\/\\\/sipearl.com\\\/wp-content\\\/uploads\\\/2021\\\/08\\\/logo_SIPEARL.png\",\"width\":1146,\"height\":396,\"caption\":\"SiPearl\"},\"image\":{\"@id\":\"https:\\\/\\\/sipearl.com\\\/fr#\\\/schema\\\/logo\\\/image\\\/\"},\"sameAs\":[\"https:\\\/\\\/x.com\\\/SIPEARL_SAS\",\"https:\\\/\\\/www.linkedin.com\\\/company\\\/sipearl\\\/\"]}]}<\/script>\n<!-- \/ Yoast SEO plugin. -->","yoast_head_json":{"title":"Dermot O'Driscoll - repr\u00e9sentant d'Arm - SiPearl","description":"Dermot O'Driscoll, repr\u00e9sentant d'Arm, si\u00e8ge au Conseil d'administration de SiPearl ent tant qu'observateur.","robots":{"index":"index","follow":"follow","max-snippet":"max-snippet:-1","max-image-preview":"max-image-preview:large","max-video-preview":"max-video-preview:-1"},"canonical":"https:\/\/sipearl.com\/fr\/dermot-odriscoll","og_locale":"fr_FR","og_type":"article","og_title":"Dermot O'Driscoll - repr\u00e9sentant d'Arm - SiPearl","og_description":"Dermot O'Driscoll, repr\u00e9sentant d'Arm, si\u00e8ge au Conseil d'administration de SiPearl ent tant qu'observateur.","og_url":"https:\/\/sipearl.com\/fr\/dermot-odriscoll","og_site_name":"SiPearl","article_modified_time":"2025-10-24T15:35:15+00:00","twitter_card":"summary_large_image","twitter_site":"@SIPEARL_SAS","twitter_misc":{"Dur\u00e9e de lecture estim\u00e9e":"2 minutes"},"schema":{"@context":"https:\/\/schema.org","@graph":[{"@type":"WebPage","@id":"https:\/\/sipearl.com\/fr\/dermot-odriscoll","url":"https:\/\/sipearl.com\/fr\/dermot-odriscoll","name":"Dermot O'Driscoll - repr\u00e9sentant d'Arm - SiPearl","isPartOf":{"@id":"https:\/\/sipearl.com\/fr#website"},"datePublished":"2024-09-24T09:26:46+00:00","dateModified":"2025-10-24T15:35:15+00:00","description":"Dermot O'Driscoll, repr\u00e9sentant d'Arm, si\u00e8ge au Conseil d'administration de SiPearl ent tant qu'observateur.","breadcrumb":{"@id":"https:\/\/sipearl.com\/fr\/dermot-odriscoll#breadcrumb"},"inLanguage":"fr-FR","potentialAction":[{"@type":"ReadAction","target":["https:\/\/sipearl.com\/fr\/dermot-odriscoll"]}]},{"@type":"BreadcrumbList","@id":"https:\/\/sipearl.com\/fr\/dermot-odriscoll#breadcrumb","itemListElement":[{"@type":"ListItem","position":1,"name":"Accueil","item":"https:\/\/sipearl.com\/fr"},{"@type":"ListItem","position":2,"name":"Dermot O&rsquo;Driscoll"}]},{"@type":"WebSite","@id":"https:\/\/sipearl.com\/fr#website","url":"https:\/\/sipearl.com\/fr","name":"SiPearl","description":"le microprocesseur europ\u00e9en","publisher":{"@id":"https:\/\/sipearl.com\/fr#organization"},"potentialAction":[{"@type":"SearchAction","target":{"@type":"EntryPoint","urlTemplate":"https:\/\/sipearl.com\/fr?s={search_term_string}"},"query-input":{"@type":"PropertyValueSpecification","valueRequired":true,"valueName":"search_term_string"}}],"inLanguage":"fr-FR"},{"@type":"Organization","@id":"https:\/\/sipearl.com\/fr#organization","name":"SiPearl","url":"https:\/\/sipearl.com\/fr","logo":{"@type":"ImageObject","inLanguage":"fr-FR","@id":"https:\/\/sipearl.com\/fr#\/schema\/logo\/image\/","url":"https:\/\/sipearl.com\/wp-content\/uploads\/2021\/08\/logo_SIPEARL.png","contentUrl":"https:\/\/sipearl.com\/wp-content\/uploads\/2021\/08\/logo_SIPEARL.png","width":1146,"height":396,"caption":"SiPearl"},"image":{"@id":"https:\/\/sipearl.com\/fr#\/schema\/logo\/image\/"},"sameAs":["https:\/\/x.com\/SIPEARL_SAS","https:\/\/www.linkedin.com\/company\/sipearl\/"]}]}},"jetpack_sharing_enabled":true,"_links":{"self":[{"href":"https:\/\/sipearl.com\/fr\/wp-json\/wp\/v2\/pages\/18860","targetHints":{"allow":["GET"]}}],"collection":[{"href":"https:\/\/sipearl.com\/fr\/wp-json\/wp\/v2\/pages"}],"about":[{"href":"https:\/\/sipearl.com\/fr\/wp-json\/wp\/v2\/types\/page"}],"author":[{"embeddable":true,"href":"https:\/\/sipearl.com\/fr\/wp-json\/wp\/v2\/users\/1"}],"replies":[{"embeddable":true,"href":"https:\/\/sipearl.com\/fr\/wp-json\/wp\/v2\/comments?post=18860"}],"version-history":[{"count":8,"href":"https:\/\/sipearl.com\/fr\/wp-json\/wp\/v2\/pages\/18860\/revisions"}],"predecessor-version":[{"id":23181,"href":"https:\/\/sipearl.com\/fr\/wp-json\/wp\/v2\/pages\/18860\/revisions\/23181"}],"wp:attachment":[{"href":"https:\/\/sipearl.com\/fr\/wp-json\/wp\/v2\/media?parent=18860"}],"curies":[{"name":"wp","href":"https:\/\/api.w.org\/{rel}","templated":true}]}}