{"id":16794,"date":"2024-04-22T10:57:14","date_gmt":"2024-04-22T09:57:14","guid":{"rendered":"https:\/\/sipearl.com\/?page_id=16794"},"modified":"2025-09-26T10:39:18","modified_gmt":"2025-09-26T09:39:18","slug":"jean-luc_gilbert-sipearl-cfo-groupe","status":"publish","type":"page","link":"https:\/\/sipearl.com\/fr\/jean-luc_gilbert-sipearl-cfo-groupe","title":{"rendered":"Jean-Luc Gilbert Group CFO &#038; IR"},"content":{"rendered":"<section class=\"l-section wpb_row height_medium color_footer-top with_img\"><div class=\"l-section-img\" role=\"img\" aria-label=\"Image\" data-img-width=\"1920\" data-img-height=\"680\" style=\"background-image: url(https:\/\/i0.wp.com\/sipearl.com\/wp-content\/uploads\/2024\/08\/fond-degrade.jpg?fit=1920%2C680&#038;ssl=1);background-position: bottom left;background-repeat: no-repeat;\"><\/div><div class=\"l-section-h i-cf\"><div class=\"g-cols vc_row via_flex valign_top type_default stacking_default\"><div class=\"vc_col-sm-12 wpb_column vc_column_container\"><div class=\"vc_column-inner\"><div class=\"wpb_wrapper\"><div class=\"g-cols wpb_row via_flex valign_top type_default stacking_default\"><div class=\"vc_col-sm-12 vc_col-md-offset-3 vc_col-md-6 wpb_column vc_column_container\"><div class=\"vc_column-inner\"><div class=\"wpb_wrapper\"><div class=\"w-separator size_custom\" style=\"height:2rem\"><\/div><\/div><\/div><\/div><\/div><div class=\"g-cols wpb_row via_flex valign_top type_default stacking_default\"><div class=\"vc_col-sm-4 wpb_column vc_column_container\"><div class=\"vc_column-inner us_custom_eaba8efb us_animate_this\"><div class=\"wpb_wrapper\"><div class=\"w-image align_center\"><div class=\"w-image-h\"><img decoding=\"async\" width=\"300\" height=\"300\" src=\"https:\/\/i0.wp.com\/sipearl.com\/wp-content\/uploads\/2025\/03\/Jean-Luc_Gilbert_Group_CFO_IR_mars2025.jpg?fit=300%2C300&amp;ssl=1\" class=\"attachment-full size-full\" alt=\"Jean-Luc Gilbert Group CFO et IR\" loading=\"lazy\" srcset=\"https:\/\/i0.wp.com\/sipearl.com\/wp-content\/uploads\/2025\/03\/Jean-Luc_Gilbert_Group_CFO_IR_mars2025.jpg?w=300&amp;ssl=1 300w, https:\/\/i0.wp.com\/sipearl.com\/wp-content\/uploads\/2025\/03\/Jean-Luc_Gilbert_Group_CFO_IR_mars2025.jpg?resize=150%2C150&amp;ssl=1 150w\" sizes=\"auto, (max-width: 300px) 100vw, 300px\" \/><\/div><\/div><div class=\"w-separator size_custom\" style=\"height:2rem\"><\/div><div class=\"w-image align_center\"><a target=\"_blank\" rel=\"nofollow\" href=\"https:\/\/www.linkedin.com\/in\/jeanlucgilbert\/\" aria-label=\"icone_Linkedin_SiPearl\" class=\"w-image-h\"><img decoding=\"async\" width=\"48\" height=\"48\" src=\"https:\/\/i0.wp.com\/sipearl.com\/wp-content\/uploads\/2025\/09\/icons8-linkedin-48.png?fit=48%2C48&amp;ssl=1\" class=\"attachment-full size-full\" alt=\"\" loading=\"lazy\" \/><\/a><\/div><div class=\"w-separator size_custom\" style=\"height:1.5rem\"><\/div><\/div><\/div><\/div><div class=\"vc_col-sm-8 wpb_column vc_column_container\"><div class=\"vc_column-inner us_custom_03ba1afd us_animate_this\"><div class=\"wpb_wrapper\"><div class=\"wpb_text_column\"><div class=\"wpb_wrapper\"><h3><strong>Jean-Luc Gilbert<\/strong><\/h3>\n<h4>Group CFO<br \/>\n&amp; Investor Relations<\/h4>\n<p>Fort de son expertise dans la gestion et le financement d&rsquo;entreprises internationales de toute taille, dans le secteur des semiconducteurs notamment, Jean-Luc Gilbert a pour mission d&rsquo;accompagner la structuration et le d\u00e9veloppement de la soci\u00e9t\u00e9 qui est en phase de lancement de l&rsquo;industrialisation de son premier produit et de conception des g\u00e9n\u00e9rations suivantes. Il est \u00e9galement en charge des relations investisseurs.<\/p>\n<p>Avant de rejoindre SiPearl, Jean-Luc \u00e9tait Directeur\u00a0 Administratif et Financier d&rsquo;Aledia, start-up de plus de 200 salari\u00e9s sp\u00e9cialis\u00e9e dans les technologies microLED o\u00f9 il s&rsquo;est notamment illustr\u00e9 dans le montage de financements institutionnels et d&rsquo;\u00e9tablissements bancaires. Il avait auparavant occup\u00e9 diff\u00e9rents postes de responsable du contr\u00f4le financier et du contr\u00f4le de gestion au sein du groupe britannique cot\u00e9 Britvic Soft Drink et du leader franco-italien des semiconducteurs STMicroelectronics.<\/p>\n<p>Il est membre du Comit\u00e9 Ex\u00e9cutif.<\/p>\n<p>Jean-Luc est titulaire du DESCF.<\/p>\n<\/div><\/div><div class=\"w-separator size_custom\" style=\"height:1.8rem\"><\/div><div class=\"w-btn-wrapper align_left\"><a class=\"w-btn us-btn-style_29\" href=\"https:\/\/sipearl.com\/fr\/direction-sipearl\"><span class=\"w-btn-label\">Revenir page \u00e9quipe<\/span><\/a><\/div><\/div><\/div><\/div><\/div><\/div><\/div><\/div><\/div><\/div><\/section>\n","protected":false},"excerpt":{"rendered":"Jean-Luc Gilbert Group CFO &amp; Investor Relations Fort de son expertise dans la gestion et le financement d&rsquo;entreprises internationales de toute taille, dans le secteur des semiconducteurs notamment, Jean-Luc Gilbert a pour mission d&rsquo;accompagner la structuration et le d\u00e9veloppement de la soci\u00e9t\u00e9 qui est en phase de lancement de l&rsquo;industrialisation de son premier produit et...","protected":false},"author":1,"featured_media":0,"parent":0,"menu_order":0,"comment_status":"closed","ping_status":"closed","template":"","meta":{"footnotes":""},"class_list":["post-16794","page","type-page","status-publish","hentry"],"yoast_head":"<!-- This site is optimized with the Yoast SEO plugin v27.4 - https:\/\/yoast.com\/product\/yoast-seo-wordpress\/ -->\n<title>Jean-Luc Gilbert Group CFO &amp; IR - SiPearl<\/title>\n<meta name=\"description\" content=\"Jean-Luc Gilbert est Directeur Financier Groupe et Relations Investisseurs de SiPearl. Il est membre du Comit\u00e9 ex\u00e9cutif.\" \/>\n<meta name=\"robots\" content=\"index, follow, max-snippet:-1, max-image-preview:large, max-video-preview:-1\" \/>\n<link rel=\"canonical\" href=\"https:\/\/sipearl.com\/fr\/jean-luc_gilbert-sipearl-cfo-groupe\" \/>\n<meta property=\"og:locale\" content=\"fr_FR\" \/>\n<meta property=\"og:type\" content=\"article\" \/>\n<meta property=\"og:title\" content=\"Jean-Luc Gilbert Group CFO &amp; IR - SiPearl\" \/>\n<meta property=\"og:description\" content=\"Jean-Luc Gilbert est Directeur Financier Groupe et Relations Investisseurs de SiPearl. Il est membre du Comit\u00e9 ex\u00e9cutif.\" \/>\n<meta property=\"og:url\" content=\"https:\/\/sipearl.com\/fr\/jean-luc_gilbert-sipearl-cfo-groupe\" \/>\n<meta property=\"og:site_name\" content=\"SiPearl\" \/>\n<meta property=\"article:modified_time\" content=\"2025-09-26T09:39:18+00:00\" \/>\n<meta name=\"twitter:card\" content=\"summary_large_image\" \/>\n<meta name=\"twitter:site\" content=\"@SIPEARL_SAS\" \/>\n<meta name=\"twitter:label1\" content=\"Dur\u00e9e de lecture estim\u00e9e\" \/>\n\t<meta name=\"twitter:data1\" content=\"2 minutes\" \/>\n<script type=\"application\/ld+json\" class=\"yoast-schema-graph\">{\"@context\":\"https:\\\/\\\/schema.org\",\"@graph\":[{\"@type\":\"WebPage\",\"@id\":\"https:\\\/\\\/sipearl.com\\\/fr\\\/jean-luc_gilbert-sipearl-cfo-groupe\",\"url\":\"https:\\\/\\\/sipearl.com\\\/fr\\\/jean-luc_gilbert-sipearl-cfo-groupe\",\"name\":\"Jean-Luc Gilbert Group CFO & IR - SiPearl\",\"isPartOf\":{\"@id\":\"https:\\\/\\\/sipearl.com\\\/fr#website\"},\"datePublished\":\"2024-04-22T09:57:14+00:00\",\"dateModified\":\"2025-09-26T09:39:18+00:00\",\"description\":\"Jean-Luc Gilbert est Directeur Financier Groupe et Relations Investisseurs de SiPearl. Il est membre du Comit\u00e9 ex\u00e9cutif.\",\"breadcrumb\":{\"@id\":\"https:\\\/\\\/sipearl.com\\\/fr\\\/jean-luc_gilbert-sipearl-cfo-groupe#breadcrumb\"},\"inLanguage\":\"fr-FR\",\"potentialAction\":[{\"@type\":\"ReadAction\",\"target\":[\"https:\\\/\\\/sipearl.com\\\/fr\\\/jean-luc_gilbert-sipearl-cfo-groupe\"]}]},{\"@type\":\"BreadcrumbList\",\"@id\":\"https:\\\/\\\/sipearl.com\\\/fr\\\/jean-luc_gilbert-sipearl-cfo-groupe#breadcrumb\",\"itemListElement\":[{\"@type\":\"ListItem\",\"position\":1,\"name\":\"Accueil\",\"item\":\"https:\\\/\\\/sipearl.com\\\/fr\"},{\"@type\":\"ListItem\",\"position\":2,\"name\":\"Jean-Luc Gilbert Group CFO &#038; IR\"}]},{\"@type\":\"WebSite\",\"@id\":\"https:\\\/\\\/sipearl.com\\\/fr#website\",\"url\":\"https:\\\/\\\/sipearl.com\\\/fr\",\"name\":\"SiPearl\",\"description\":\"le microprocesseur europ\u00e9en\",\"publisher\":{\"@id\":\"https:\\\/\\\/sipearl.com\\\/fr#organization\"},\"potentialAction\":[{\"@type\":\"SearchAction\",\"target\":{\"@type\":\"EntryPoint\",\"urlTemplate\":\"https:\\\/\\\/sipearl.com\\\/fr?s={search_term_string}\"},\"query-input\":{\"@type\":\"PropertyValueSpecification\",\"valueRequired\":true,\"valueName\":\"search_term_string\"}}],\"inLanguage\":\"fr-FR\"},{\"@type\":\"Organization\",\"@id\":\"https:\\\/\\\/sipearl.com\\\/fr#organization\",\"name\":\"SiPearl\",\"url\":\"https:\\\/\\\/sipearl.com\\\/fr\",\"logo\":{\"@type\":\"ImageObject\",\"inLanguage\":\"fr-FR\",\"@id\":\"https:\\\/\\\/sipearl.com\\\/fr#\\\/schema\\\/logo\\\/image\\\/\",\"url\":\"https:\\\/\\\/sipearl.com\\\/wp-content\\\/uploads\\\/2021\\\/08\\\/logo_SIPEARL.png\",\"contentUrl\":\"https:\\\/\\\/sipearl.com\\\/wp-content\\\/uploads\\\/2021\\\/08\\\/logo_SIPEARL.png\",\"width\":1146,\"height\":396,\"caption\":\"SiPearl\"},\"image\":{\"@id\":\"https:\\\/\\\/sipearl.com\\\/fr#\\\/schema\\\/logo\\\/image\\\/\"},\"sameAs\":[\"https:\\\/\\\/x.com\\\/SIPEARL_SAS\",\"https:\\\/\\\/www.linkedin.com\\\/company\\\/sipearl\\\/\"]}]}<\/script>\n<!-- \/ Yoast SEO plugin. -->","yoast_head_json":{"title":"Jean-Luc Gilbert Group CFO & IR - SiPearl","description":"Jean-Luc Gilbert est Directeur Financier Groupe et Relations Investisseurs de SiPearl. Il est membre du Comit\u00e9 ex\u00e9cutif.","robots":{"index":"index","follow":"follow","max-snippet":"max-snippet:-1","max-image-preview":"max-image-preview:large","max-video-preview":"max-video-preview:-1"},"canonical":"https:\/\/sipearl.com\/fr\/jean-luc_gilbert-sipearl-cfo-groupe","og_locale":"fr_FR","og_type":"article","og_title":"Jean-Luc Gilbert Group CFO & IR - SiPearl","og_description":"Jean-Luc Gilbert est Directeur Financier Groupe et Relations Investisseurs de SiPearl. Il est membre du Comit\u00e9 ex\u00e9cutif.","og_url":"https:\/\/sipearl.com\/fr\/jean-luc_gilbert-sipearl-cfo-groupe","og_site_name":"SiPearl","article_modified_time":"2025-09-26T09:39:18+00:00","twitter_card":"summary_large_image","twitter_site":"@SIPEARL_SAS","twitter_misc":{"Dur\u00e9e de lecture estim\u00e9e":"2 minutes"},"schema":{"@context":"https:\/\/schema.org","@graph":[{"@type":"WebPage","@id":"https:\/\/sipearl.com\/fr\/jean-luc_gilbert-sipearl-cfo-groupe","url":"https:\/\/sipearl.com\/fr\/jean-luc_gilbert-sipearl-cfo-groupe","name":"Jean-Luc Gilbert Group CFO & IR - SiPearl","isPartOf":{"@id":"https:\/\/sipearl.com\/fr#website"},"datePublished":"2024-04-22T09:57:14+00:00","dateModified":"2025-09-26T09:39:18+00:00","description":"Jean-Luc Gilbert est Directeur Financier Groupe et Relations Investisseurs de SiPearl. Il est membre du Comit\u00e9 ex\u00e9cutif.","breadcrumb":{"@id":"https:\/\/sipearl.com\/fr\/jean-luc_gilbert-sipearl-cfo-groupe#breadcrumb"},"inLanguage":"fr-FR","potentialAction":[{"@type":"ReadAction","target":["https:\/\/sipearl.com\/fr\/jean-luc_gilbert-sipearl-cfo-groupe"]}]},{"@type":"BreadcrumbList","@id":"https:\/\/sipearl.com\/fr\/jean-luc_gilbert-sipearl-cfo-groupe#breadcrumb","itemListElement":[{"@type":"ListItem","position":1,"name":"Accueil","item":"https:\/\/sipearl.com\/fr"},{"@type":"ListItem","position":2,"name":"Jean-Luc Gilbert Group CFO &#038; IR"}]},{"@type":"WebSite","@id":"https:\/\/sipearl.com\/fr#website","url":"https:\/\/sipearl.com\/fr","name":"SiPearl","description":"le microprocesseur europ\u00e9en","publisher":{"@id":"https:\/\/sipearl.com\/fr#organization"},"potentialAction":[{"@type":"SearchAction","target":{"@type":"EntryPoint","urlTemplate":"https:\/\/sipearl.com\/fr?s={search_term_string}"},"query-input":{"@type":"PropertyValueSpecification","valueRequired":true,"valueName":"search_term_string"}}],"inLanguage":"fr-FR"},{"@type":"Organization","@id":"https:\/\/sipearl.com\/fr#organization","name":"SiPearl","url":"https:\/\/sipearl.com\/fr","logo":{"@type":"ImageObject","inLanguage":"fr-FR","@id":"https:\/\/sipearl.com\/fr#\/schema\/logo\/image\/","url":"https:\/\/sipearl.com\/wp-content\/uploads\/2021\/08\/logo_SIPEARL.png","contentUrl":"https:\/\/sipearl.com\/wp-content\/uploads\/2021\/08\/logo_SIPEARL.png","width":1146,"height":396,"caption":"SiPearl"},"image":{"@id":"https:\/\/sipearl.com\/fr#\/schema\/logo\/image\/"},"sameAs":["https:\/\/x.com\/SIPEARL_SAS","https:\/\/www.linkedin.com\/company\/sipearl\/"]}]}},"jetpack_sharing_enabled":true,"_links":{"self":[{"href":"https:\/\/sipearl.com\/fr\/wp-json\/wp\/v2\/pages\/16794","targetHints":{"allow":["GET"]}}],"collection":[{"href":"https:\/\/sipearl.com\/fr\/wp-json\/wp\/v2\/pages"}],"about":[{"href":"https:\/\/sipearl.com\/fr\/wp-json\/wp\/v2\/types\/page"}],"author":[{"embeddable":true,"href":"https:\/\/sipearl.com\/fr\/wp-json\/wp\/v2\/users\/1"}],"replies":[{"embeddable":true,"href":"https:\/\/sipearl.com\/fr\/wp-json\/wp\/v2\/comments?post=16794"}],"version-history":[{"count":12,"href":"https:\/\/sipearl.com\/fr\/wp-json\/wp\/v2\/pages\/16794\/revisions"}],"predecessor-version":[{"id":22286,"href":"https:\/\/sipearl.com\/fr\/wp-json\/wp\/v2\/pages\/16794\/revisions\/22286"}],"wp:attachment":[{"href":"https:\/\/sipearl.com\/fr\/wp-json\/wp\/v2\/media?parent=16794"}],"curies":[{"name":"wp","href":"https:\/\/api.w.org\/{rel}","templated":true}]}}