{"id":16153,"date":"2024-02-06T11:55:41","date_gmt":"2024-02-06T10:55:41","guid":{"rendered":"https:\/\/sipearl.com\/?page_id=16153"},"modified":"2025-09-26T10:27:54","modified_gmt":"2025-09-26T09:27:54","slug":"cornelia-emmerlich","status":"publish","type":"page","link":"https:\/\/sipearl.com\/fr\/cornelia-emmerlich","title":{"rendered":"Cornelia Emmerlich"},"content":{"rendered":"<section class=\"l-section wpb_row height_medium color_footer-top with_img\"><div class=\"l-section-img\" role=\"img\" aria-label=\"Image\" data-img-width=\"1920\" data-img-height=\"680\" style=\"background-image: url(https:\/\/i0.wp.com\/sipearl.com\/wp-content\/uploads\/2024\/08\/fond-degrade.jpg?fit=1920%2C680&#038;ssl=1);background-position: bottom left;background-repeat: no-repeat;\"><\/div><div class=\"l-section-h i-cf\"><div class=\"g-cols vc_row via_flex valign_top type_default stacking_default\"><div class=\"vc_col-sm-12 wpb_column vc_column_container\"><div class=\"vc_column-inner\"><div class=\"wpb_wrapper\"><div class=\"g-cols wpb_row via_flex valign_top type_default stacking_default\"><div class=\"vc_col-sm-12 vc_col-md-offset-3 vc_col-md-6 wpb_column vc_column_container\"><div class=\"vc_column-inner\"><div class=\"wpb_wrapper\"><div class=\"w-separator size_custom\" style=\"height:2rem\"><\/div><\/div><\/div><\/div><\/div><div class=\"g-cols wpb_row via_flex valign_top type_default stacking_default\"><div class=\"vc_col-sm-4 wpb_column vc_column_container\"><div class=\"vc_column-inner us_custom_eaba8efb us_animate_this\"><div class=\"wpb_wrapper\"><div class=\"w-image align_center\"><div class=\"w-image-h\"><img decoding=\"async\" width=\"300\" height=\"300\" src=\"https:\/\/i0.wp.com\/sipearl.com\/wp-content\/uploads\/2024\/02\/Cornelia_Emmerlich_SiPearl_2024.jpg?fit=300%2C300&amp;ssl=1\" class=\"attachment-medium size-medium\" alt=\"Cornelia Emmerlich\" loading=\"lazy\" srcset=\"https:\/\/i0.wp.com\/sipearl.com\/wp-content\/uploads\/2024\/02\/Cornelia_Emmerlich_SiPearl_2024.jpg?w=450&amp;ssl=1 450w, https:\/\/i0.wp.com\/sipearl.com\/wp-content\/uploads\/2024\/02\/Cornelia_Emmerlich_SiPearl_2024.jpg?resize=300%2C300&amp;ssl=1 300w, https:\/\/i0.wp.com\/sipearl.com\/wp-content\/uploads\/2024\/02\/Cornelia_Emmerlich_SiPearl_2024.jpg?resize=150%2C150&amp;ssl=1 150w\" sizes=\"auto, (max-width: 300px) 100vw, 300px\" \/><\/div><\/div><div class=\"w-separator size_custom\" style=\"height:2rem\"><\/div><div class=\"w-image align_center\"><a target=\"_blank\" rel=\"nofollow\" href=\"https:\/\/www.linkedin.com\/in\/cornelia-emmerlich-directeur-juridique-international\/\" aria-label=\"icone_Linkedin_SiPearl\" class=\"w-image-h\"><img decoding=\"async\" width=\"48\" height=\"48\" src=\"https:\/\/i0.wp.com\/sipearl.com\/wp-content\/uploads\/2025\/09\/icons8-linkedin-48.png?fit=48%2C48&amp;ssl=1\" class=\"attachment-full size-full\" alt=\"\" loading=\"lazy\" \/><\/a><\/div><div class=\"w-separator size_custom\" style=\"height:1.5rem\"><\/div><\/div><\/div><\/div><div class=\"vc_col-sm-8 wpb_column vc_column_container\"><div class=\"vc_column-inner us_custom_03ba1afd us_animate_this\"><div class=\"wpb_wrapper\"><div class=\"wpb_text_column\"><div class=\"wpb_wrapper\"><h3><strong>Cornelia Emmerlich<\/strong><\/h3>\n<h4>Group General Counsel<\/h4>\n<p>Forte d\u2019une expertise reconnue en droit des affaires fran\u00e7ais et international, notamment en mati\u00e8re de gouvernance d\u2019entreprise et de fusions-acquisitions, Cornelia Emmerlich intervient sur les aspects juridiques \u00e0 la fois en amont, dans le cadre de la strat\u00e9gie initi\u00e9e par le CEO et les investisseurs de SiPearl, et en aval, pour l\u2019ensemble des activit\u00e9s op\u00e9rationnelles. A ce titre, Cornelia repr\u00e9sente le Groupe aupr\u00e8s de ses partenaires (clients, sous-traitants, investisseurs, membres de consortiums, avocats, auditeurs, etc\u2026) et des autorit\u00e9s publiques. Elle a \u00e9galement la charge du pilotage juridique des prochains tours de financement et de la conformit\u00e9.<\/p>\n<p>Avant de rejoindre SiPearl, Cornelia \u00e9tait Directrice Juridique International\/M&amp;A chez Emeria (anciennement Foncia).<\/p>\n<p>Elle est membre du Comit\u00e9 de Direction.<\/p>\n<p>De nationalit\u00e9 allemande, Cornelia est avocate au Barreau de Paris ainsi que titulaire d&rsquo;un DEA en droit anglais et nord-am\u00e9ricain des affaires et d&rsquo;une double ma\u00eetrise en droit fran\u00e7ais et allemand.<\/p>\n<\/div><\/div><div class=\"w-separator size_custom\" style=\"height:1.8rem\"><\/div><div class=\"w-btn-wrapper align_left\"><a class=\"w-btn us-btn-style_29 icon_atright\" href=\"https:\/\/sipearl.com\/fr\/direction-sipearl\"><span class=\"w-btn-label\">Revenir page \u00e9quipe<\/span><i class=\"fas fa-caret-down\"><\/i><\/a><\/div><\/div><\/div><\/div><\/div><\/div><\/div><\/div><\/div><\/div><\/section>\n","protected":false},"excerpt":{"rendered":"Cornelia Emmerlich Group General Counsel Forte d\u2019une expertise reconnue en droit des affaires fran\u00e7ais et international, notamment en mati\u00e8re de gouvernance d\u2019entreprise et de fusions-acquisitions, Cornelia Emmerlich intervient sur les aspects juridiques \u00e0 la fois en amont, dans le cadre de la strat\u00e9gie initi\u00e9e par le CEO et les investisseurs de SiPearl, et en aval,...","protected":false},"author":1,"featured_media":0,"parent":0,"menu_order":0,"comment_status":"closed","ping_status":"closed","template":"","meta":{"footnotes":""},"class_list":["post-16153","page","type-page","status-publish","hentry"],"yoast_head":"<!-- This site is optimized with the Yoast SEO plugin v27.3 - https:\/\/yoast.com\/product\/yoast-seo-wordpress\/ -->\n<title>Cornelia Emmerlich - SiPearl<\/title>\n<meta name=\"description\" content=\"Cornelia Emmerlich est Directrice Juridique Groupe de SiPearl. Elle \u00e9tait pr\u00e9c\u00e9demment Directrice Juridique Internal\/M&amp;A chez Emeria (ex-Foncia).\" \/>\n<meta name=\"robots\" content=\"index, follow, max-snippet:-1, max-image-preview:large, max-video-preview:-1\" \/>\n<link rel=\"canonical\" href=\"https:\/\/sipearl.com\/fr\/cornelia-emmerlich\" \/>\n<meta property=\"og:locale\" content=\"fr_FR\" \/>\n<meta property=\"og:type\" content=\"article\" \/>\n<meta property=\"og:title\" content=\"Cornelia Emmerlich - SiPearl\" \/>\n<meta property=\"og:description\" content=\"Cornelia Emmerlich est Directrice Juridique Groupe de SiPearl. Elle \u00e9tait pr\u00e9c\u00e9demment Directrice Juridique Internal\/M&amp;A chez Emeria (ex-Foncia).\" \/>\n<meta property=\"og:url\" content=\"https:\/\/sipearl.com\/fr\/cornelia-emmerlich\" \/>\n<meta property=\"og:site_name\" content=\"SiPearl\" \/>\n<meta property=\"article:modified_time\" content=\"2025-09-26T09:27:54+00:00\" \/>\n<meta name=\"twitter:card\" content=\"summary_large_image\" \/>\n<meta name=\"twitter:site\" content=\"@SIPEARL_SAS\" \/>\n<meta name=\"twitter:label1\" content=\"Dur\u00e9e de lecture estim\u00e9e\" \/>\n\t<meta name=\"twitter:data1\" content=\"2 minutes\" \/>\n<script type=\"application\/ld+json\" class=\"yoast-schema-graph\">{\"@context\":\"https:\\\/\\\/schema.org\",\"@graph\":[{\"@type\":\"WebPage\",\"@id\":\"https:\\\/\\\/sipearl.com\\\/fr\\\/cornelia-emmerlich\",\"url\":\"https:\\\/\\\/sipearl.com\\\/fr\\\/cornelia-emmerlich\",\"name\":\"Cornelia Emmerlich - SiPearl\",\"isPartOf\":{\"@id\":\"https:\\\/\\\/sipearl.com\\\/fr#website\"},\"datePublished\":\"2024-02-06T10:55:41+00:00\",\"dateModified\":\"2025-09-26T09:27:54+00:00\",\"description\":\"Cornelia Emmerlich est Directrice Juridique Groupe de SiPearl. Elle \u00e9tait pr\u00e9c\u00e9demment Directrice Juridique Internal\\\/M&A chez Emeria (ex-Foncia).\",\"breadcrumb\":{\"@id\":\"https:\\\/\\\/sipearl.com\\\/fr\\\/cornelia-emmerlich#breadcrumb\"},\"inLanguage\":\"fr-FR\",\"potentialAction\":[{\"@type\":\"ReadAction\",\"target\":[\"https:\\\/\\\/sipearl.com\\\/fr\\\/cornelia-emmerlich\"]}]},{\"@type\":\"BreadcrumbList\",\"@id\":\"https:\\\/\\\/sipearl.com\\\/fr\\\/cornelia-emmerlich#breadcrumb\",\"itemListElement\":[{\"@type\":\"ListItem\",\"position\":1,\"name\":\"Accueil\",\"item\":\"https:\\\/\\\/sipearl.com\\\/fr\"},{\"@type\":\"ListItem\",\"position\":2,\"name\":\"Cornelia Emmerlich\"}]},{\"@type\":\"WebSite\",\"@id\":\"https:\\\/\\\/sipearl.com\\\/fr#website\",\"url\":\"https:\\\/\\\/sipearl.com\\\/fr\",\"name\":\"SiPearl\",\"description\":\"le microprocesseur europ\u00e9en\",\"publisher\":{\"@id\":\"https:\\\/\\\/sipearl.com\\\/fr#organization\"},\"potentialAction\":[{\"@type\":\"SearchAction\",\"target\":{\"@type\":\"EntryPoint\",\"urlTemplate\":\"https:\\\/\\\/sipearl.com\\\/fr?s={search_term_string}\"},\"query-input\":{\"@type\":\"PropertyValueSpecification\",\"valueRequired\":true,\"valueName\":\"search_term_string\"}}],\"inLanguage\":\"fr-FR\"},{\"@type\":\"Organization\",\"@id\":\"https:\\\/\\\/sipearl.com\\\/fr#organization\",\"name\":\"SiPearl\",\"url\":\"https:\\\/\\\/sipearl.com\\\/fr\",\"logo\":{\"@type\":\"ImageObject\",\"inLanguage\":\"fr-FR\",\"@id\":\"https:\\\/\\\/sipearl.com\\\/fr#\\\/schema\\\/logo\\\/image\\\/\",\"url\":\"https:\\\/\\\/sipearl.com\\\/wp-content\\\/uploads\\\/2021\\\/08\\\/logo_SIPEARL.png\",\"contentUrl\":\"https:\\\/\\\/sipearl.com\\\/wp-content\\\/uploads\\\/2021\\\/08\\\/logo_SIPEARL.png\",\"width\":1146,\"height\":396,\"caption\":\"SiPearl\"},\"image\":{\"@id\":\"https:\\\/\\\/sipearl.com\\\/fr#\\\/schema\\\/logo\\\/image\\\/\"},\"sameAs\":[\"https:\\\/\\\/x.com\\\/SIPEARL_SAS\",\"https:\\\/\\\/www.linkedin.com\\\/company\\\/sipearl\\\/\"]}]}<\/script>\n<!-- \/ Yoast SEO plugin. -->","yoast_head_json":{"title":"Cornelia Emmerlich - SiPearl","description":"Cornelia Emmerlich est Directrice Juridique Groupe de SiPearl. Elle \u00e9tait pr\u00e9c\u00e9demment Directrice Juridique Internal\/M&A chez Emeria (ex-Foncia).","robots":{"index":"index","follow":"follow","max-snippet":"max-snippet:-1","max-image-preview":"max-image-preview:large","max-video-preview":"max-video-preview:-1"},"canonical":"https:\/\/sipearl.com\/fr\/cornelia-emmerlich","og_locale":"fr_FR","og_type":"article","og_title":"Cornelia Emmerlich - SiPearl","og_description":"Cornelia Emmerlich est Directrice Juridique Groupe de SiPearl. Elle \u00e9tait pr\u00e9c\u00e9demment Directrice Juridique Internal\/M&A chez Emeria (ex-Foncia).","og_url":"https:\/\/sipearl.com\/fr\/cornelia-emmerlich","og_site_name":"SiPearl","article_modified_time":"2025-09-26T09:27:54+00:00","twitter_card":"summary_large_image","twitter_site":"@SIPEARL_SAS","twitter_misc":{"Dur\u00e9e de lecture estim\u00e9e":"2 minutes"},"schema":{"@context":"https:\/\/schema.org","@graph":[{"@type":"WebPage","@id":"https:\/\/sipearl.com\/fr\/cornelia-emmerlich","url":"https:\/\/sipearl.com\/fr\/cornelia-emmerlich","name":"Cornelia Emmerlich - SiPearl","isPartOf":{"@id":"https:\/\/sipearl.com\/fr#website"},"datePublished":"2024-02-06T10:55:41+00:00","dateModified":"2025-09-26T09:27:54+00:00","description":"Cornelia Emmerlich est Directrice Juridique Groupe de SiPearl. Elle \u00e9tait pr\u00e9c\u00e9demment Directrice Juridique Internal\/M&A chez Emeria (ex-Foncia).","breadcrumb":{"@id":"https:\/\/sipearl.com\/fr\/cornelia-emmerlich#breadcrumb"},"inLanguage":"fr-FR","potentialAction":[{"@type":"ReadAction","target":["https:\/\/sipearl.com\/fr\/cornelia-emmerlich"]}]},{"@type":"BreadcrumbList","@id":"https:\/\/sipearl.com\/fr\/cornelia-emmerlich#breadcrumb","itemListElement":[{"@type":"ListItem","position":1,"name":"Accueil","item":"https:\/\/sipearl.com\/fr"},{"@type":"ListItem","position":2,"name":"Cornelia Emmerlich"}]},{"@type":"WebSite","@id":"https:\/\/sipearl.com\/fr#website","url":"https:\/\/sipearl.com\/fr","name":"SiPearl","description":"le microprocesseur europ\u00e9en","publisher":{"@id":"https:\/\/sipearl.com\/fr#organization"},"potentialAction":[{"@type":"SearchAction","target":{"@type":"EntryPoint","urlTemplate":"https:\/\/sipearl.com\/fr?s={search_term_string}"},"query-input":{"@type":"PropertyValueSpecification","valueRequired":true,"valueName":"search_term_string"}}],"inLanguage":"fr-FR"},{"@type":"Organization","@id":"https:\/\/sipearl.com\/fr#organization","name":"SiPearl","url":"https:\/\/sipearl.com\/fr","logo":{"@type":"ImageObject","inLanguage":"fr-FR","@id":"https:\/\/sipearl.com\/fr#\/schema\/logo\/image\/","url":"https:\/\/sipearl.com\/wp-content\/uploads\/2021\/08\/logo_SIPEARL.png","contentUrl":"https:\/\/sipearl.com\/wp-content\/uploads\/2021\/08\/logo_SIPEARL.png","width":1146,"height":396,"caption":"SiPearl"},"image":{"@id":"https:\/\/sipearl.com\/fr#\/schema\/logo\/image\/"},"sameAs":["https:\/\/x.com\/SIPEARL_SAS","https:\/\/www.linkedin.com\/company\/sipearl\/"]}]}},"jetpack_sharing_enabled":true,"_links":{"self":[{"href":"https:\/\/sipearl.com\/fr\/wp-json\/wp\/v2\/pages\/16153","targetHints":{"allow":["GET"]}}],"collection":[{"href":"https:\/\/sipearl.com\/fr\/wp-json\/wp\/v2\/pages"}],"about":[{"href":"https:\/\/sipearl.com\/fr\/wp-json\/wp\/v2\/types\/page"}],"author":[{"embeddable":true,"href":"https:\/\/sipearl.com\/fr\/wp-json\/wp\/v2\/users\/1"}],"replies":[{"embeddable":true,"href":"https:\/\/sipearl.com\/fr\/wp-json\/wp\/v2\/comments?post=16153"}],"version-history":[{"count":14,"href":"https:\/\/sipearl.com\/fr\/wp-json\/wp\/v2\/pages\/16153\/revisions"}],"predecessor-version":[{"id":22277,"href":"https:\/\/sipearl.com\/fr\/wp-json\/wp\/v2\/pages\/16153\/revisions\/22277"}],"wp:attachment":[{"href":"https:\/\/sipearl.com\/fr\/wp-json\/wp\/v2\/media?parent=16153"}],"curies":[{"name":"wp","href":"https:\/\/api.w.org\/{rel}","templated":true}]}}