{"id":14610,"date":"2023-08-16T14:12:26","date_gmt":"2023-08-16T13:12:26","guid":{"rendered":"https:\/\/sipearl.com\/?page_id=14610"},"modified":"2025-10-24T16:37:28","modified_gmt":"2025-10-24T15:37:28","slug":"maxime-pawlowski","status":"publish","type":"page","link":"https:\/\/sipearl.com\/fr\/maxime-pawlowski","title":{"rendered":"Maxime Pawlowski"},"content":{"rendered":"<section class=\"l-section wpb_row height_medium color_footer-top with_img\"><div class=\"l-section-img\" role=\"img\" aria-label=\"Image\" data-img-width=\"1920\" data-img-height=\"680\" style=\"background-image: url(https:\/\/i0.wp.com\/sipearl.com\/wp-content\/uploads\/2024\/08\/fond-degrade.jpg?fit=1920%2C680&#038;ssl=1);background-position: bottom left;background-repeat: no-repeat;\"><\/div><div class=\"l-section-h i-cf\"><div class=\"g-cols vc_row via_flex valign_top type_default stacking_default\"><div class=\"vc_col-sm-12 wpb_column vc_column_container\"><div class=\"vc_column-inner\"><div class=\"wpb_wrapper\"><div class=\"g-cols wpb_row via_flex valign_top type_default stacking_default\"><div class=\"vc_col-sm-12 vc_col-md-offset-3 vc_col-md-6 wpb_column vc_column_container\"><div class=\"vc_column-inner\"><div class=\"wpb_wrapper\"><div class=\"w-separator size_custom\" style=\"height:2rem\"><\/div><\/div><\/div><\/div><\/div><div class=\"g-cols wpb_row via_flex valign_top type_default stacking_default\"><div class=\"vc_col-sm-4 wpb_column vc_column_container\"><div class=\"vc_column-inner us_custom_eaba8efb us_animate_this\"><div class=\"wpb_wrapper\"><div class=\"w-image align_center\"><div class=\"w-image-h\"><img decoding=\"async\" width=\"300\" height=\"300\" src=\"https:\/\/i0.wp.com\/sipearl.com\/wp-content\/uploads\/2023\/11\/Maxime_Pawlowski_SiPearl_eic.jpg?fit=300%2C300&amp;ssl=1\" class=\"attachment-medium size-medium\" alt=\"\" loading=\"lazy\" srcset=\"https:\/\/i0.wp.com\/sipearl.com\/wp-content\/uploads\/2023\/11\/Maxime_Pawlowski_SiPearl_eic.jpg?w=450&amp;ssl=1 450w, https:\/\/i0.wp.com\/sipearl.com\/wp-content\/uploads\/2023\/11\/Maxime_Pawlowski_SiPearl_eic.jpg?resize=300%2C300&amp;ssl=1 300w, https:\/\/i0.wp.com\/sipearl.com\/wp-content\/uploads\/2023\/11\/Maxime_Pawlowski_SiPearl_eic.jpg?resize=150%2C150&amp;ssl=1 150w\" sizes=\"auto, (max-width: 300px) 100vw, 300px\" \/><\/div><\/div><div class=\"w-separator size_custom\" style=\"height:2rem\"><\/div><div class=\"w-image align_center\"><a target=\"_blank\" rel=\"nofollow\" href=\"https:\/\/www.linkedin.com\/in\/maxime-pawlowski-18659123\/?originalSubdomain=se\" aria-label=\"icone_Linkedin_SiPearl\" class=\"w-image-h\"><img decoding=\"async\" width=\"48\" height=\"48\" src=\"https:\/\/i0.wp.com\/sipearl.com\/wp-content\/uploads\/2025\/09\/icons8-linkedin-48.png?fit=48%2C48&amp;ssl=1\" class=\"attachment-full size-full\" alt=\"\" loading=\"lazy\" \/><\/a><\/div><div class=\"w-separator size_custom\" style=\"height:1.5rem\"><\/div><\/div><\/div><\/div><div class=\"vc_col-sm-8 wpb_column vc_column_container\"><div class=\"vc_column-inner us_custom_03ba1afd us_animate_this\"><div class=\"wpb_wrapper\"><div class=\"wpb_text_column\"><div class=\"wpb_wrapper\"><h3><strong>Maxime Pawlowski<\/strong><\/h3>\n<h4>Observateur &#8211; Repr\u00e9sentant de la BEI<\/h4>\n<p>Maxime Pawlowski est conseiller en capital risque pour l&rsquo;EIC Fund au sein de la Banque Europ\u00e9enne d&rsquo;Investissement (BEI). Il a conseill\u00e9 l&rsquo;EIC Fund sur plus de 30 investissements en fonds propres dans des entreprises de l&rsquo;Union Europ\u00e9enne.<\/p>\n<p>Maxime a commenc\u00e9 sa carri\u00e8re chez Cr\u00e9dit Agricole CIB \u00e0 Stockholm avant de rejoindre le d\u00e9partement Corporate Finance de KPMG en Su\u00e8de en tant qu&rsquo;analyste senior, puis la division venture debt de la BEI en tant que Directeur des investissements. Il a \u00e9galement travaill\u00e9 comme Directeur des investissements chez Armada Credit Partners, gestionnaire de fonds de dette priv\u00e9e bas\u00e9 dans les pays nordiques.<\/p>\n<p>Maxime Pawlowski est dipl\u00f4m\u00e9 d&rsquo;HEC Paris.<\/p>\n<\/div><\/div><div class=\"w-separator size_custom\" style=\"height:1.8rem\"><\/div><div class=\"w-btn-wrapper align_left\"><a class=\"w-btn us-btn-style_29\" title=\"Conseil d\u2019administration\" href=\"https:\/\/sipearl.com\/fr\/conseil-administration\"><span class=\"w-btn-label\">Revenir page Conseil d&rsquo;administration<\/span><\/a><\/div><\/div><\/div><\/div><\/div><\/div><\/div><\/div><\/div><\/div><\/section>\n","protected":false},"excerpt":{"rendered":"Maxime Pawlowski Observateur &#8211; Repr\u00e9sentant de la BEI Maxime Pawlowski est conseiller en capital risque pour l&rsquo;EIC Fund au sein de la Banque Europ\u00e9enne d&rsquo;Investissement (BEI). Il a conseill\u00e9 l&rsquo;EIC Fund sur plus de 30 investissements en fonds propres dans des entreprises de l&rsquo;Union Europ\u00e9enne. Maxime a commenc\u00e9 sa carri\u00e8re chez Cr\u00e9dit Agricole CIB \u00e0...","protected":false},"author":12,"featured_media":0,"parent":0,"menu_order":0,"comment_status":"closed","ping_status":"closed","template":"","meta":{"footnotes":""},"class_list":["post-14610","page","type-page","status-publish","hentry"],"yoast_head":"<!-- This site is optimized with the Yoast SEO plugin v27.4 - https:\/\/yoast.com\/product\/yoast-seo-wordpress\/ -->\n<title>Maxime Pawlowski - Observateur au Conseil d&#039;administration de SiPearl<\/title>\n<meta name=\"description\" content=\"Maxime Pawlowski, repr\u00e9sentant de la Banque Europ\u00e9enne d&#039;Investissement, est observateur au Conseil d&#039;administration de SiPearl.\" \/>\n<meta name=\"robots\" content=\"index, follow, max-snippet:-1, max-image-preview:large, max-video-preview:-1\" \/>\n<link rel=\"canonical\" href=\"https:\/\/sipearl.com\/fr\/maxime-pawlowski\" \/>\n<meta property=\"og:locale\" content=\"fr_FR\" \/>\n<meta property=\"og:type\" content=\"article\" \/>\n<meta property=\"og:title\" content=\"Maxime Pawlowski - Observateur au Conseil d&#039;administration de SiPearl\" \/>\n<meta property=\"og:description\" content=\"Maxime Pawlowski, repr\u00e9sentant de la Banque Europ\u00e9enne d&#039;Investissement, est observateur au Conseil d&#039;administration de SiPearl.\" \/>\n<meta property=\"og:url\" content=\"https:\/\/sipearl.com\/fr\/maxime-pawlowski\" \/>\n<meta property=\"og:site_name\" content=\"SiPearl\" \/>\n<meta property=\"article:modified_time\" content=\"2025-10-24T15:37:28+00:00\" \/>\n<meta name=\"twitter:card\" content=\"summary_large_image\" \/>\n<meta name=\"twitter:site\" content=\"@SIPEARL_SAS\" \/>\n<meta name=\"twitter:label1\" content=\"Dur\u00e9e de lecture estim\u00e9e\" \/>\n\t<meta name=\"twitter:data1\" content=\"2 minutes\" \/>\n<script type=\"application\/ld+json\" class=\"yoast-schema-graph\">{\"@context\":\"https:\\\/\\\/schema.org\",\"@graph\":[{\"@type\":\"WebPage\",\"@id\":\"https:\\\/\\\/sipearl.com\\\/fr\\\/maxime-pawlowski\",\"url\":\"https:\\\/\\\/sipearl.com\\\/fr\\\/maxime-pawlowski\",\"name\":\"Maxime Pawlowski - Observateur au Conseil d'administration de SiPearl\",\"isPartOf\":{\"@id\":\"https:\\\/\\\/sipearl.com\\\/fr#website\"},\"datePublished\":\"2023-08-16T13:12:26+00:00\",\"dateModified\":\"2025-10-24T15:37:28+00:00\",\"description\":\"Maxime Pawlowski, repr\u00e9sentant de la Banque Europ\u00e9enne d'Investissement, est observateur au Conseil d'administration de SiPearl.\",\"breadcrumb\":{\"@id\":\"https:\\\/\\\/sipearl.com\\\/fr\\\/maxime-pawlowski#breadcrumb\"},\"inLanguage\":\"fr-FR\",\"potentialAction\":[{\"@type\":\"ReadAction\",\"target\":[\"https:\\\/\\\/sipearl.com\\\/fr\\\/maxime-pawlowski\"]}]},{\"@type\":\"BreadcrumbList\",\"@id\":\"https:\\\/\\\/sipearl.com\\\/fr\\\/maxime-pawlowski#breadcrumb\",\"itemListElement\":[{\"@type\":\"ListItem\",\"position\":1,\"name\":\"Accueil\",\"item\":\"https:\\\/\\\/sipearl.com\\\/fr\"},{\"@type\":\"ListItem\",\"position\":2,\"name\":\"Maxime Pawlowski\"}]},{\"@type\":\"WebSite\",\"@id\":\"https:\\\/\\\/sipearl.com\\\/fr#website\",\"url\":\"https:\\\/\\\/sipearl.com\\\/fr\",\"name\":\"SiPearl\",\"description\":\"le microprocesseur europ\u00e9en\",\"publisher\":{\"@id\":\"https:\\\/\\\/sipearl.com\\\/fr#organization\"},\"potentialAction\":[{\"@type\":\"SearchAction\",\"target\":{\"@type\":\"EntryPoint\",\"urlTemplate\":\"https:\\\/\\\/sipearl.com\\\/fr?s={search_term_string}\"},\"query-input\":{\"@type\":\"PropertyValueSpecification\",\"valueRequired\":true,\"valueName\":\"search_term_string\"}}],\"inLanguage\":\"fr-FR\"},{\"@type\":\"Organization\",\"@id\":\"https:\\\/\\\/sipearl.com\\\/fr#organization\",\"name\":\"SiPearl\",\"url\":\"https:\\\/\\\/sipearl.com\\\/fr\",\"logo\":{\"@type\":\"ImageObject\",\"inLanguage\":\"fr-FR\",\"@id\":\"https:\\\/\\\/sipearl.com\\\/fr#\\\/schema\\\/logo\\\/image\\\/\",\"url\":\"https:\\\/\\\/sipearl.com\\\/wp-content\\\/uploads\\\/2021\\\/08\\\/logo_SIPEARL.png\",\"contentUrl\":\"https:\\\/\\\/sipearl.com\\\/wp-content\\\/uploads\\\/2021\\\/08\\\/logo_SIPEARL.png\",\"width\":1146,\"height\":396,\"caption\":\"SiPearl\"},\"image\":{\"@id\":\"https:\\\/\\\/sipearl.com\\\/fr#\\\/schema\\\/logo\\\/image\\\/\"},\"sameAs\":[\"https:\\\/\\\/x.com\\\/SIPEARL_SAS\",\"https:\\\/\\\/www.linkedin.com\\\/company\\\/sipearl\\\/\"]}]}<\/script>\n<!-- \/ Yoast SEO plugin. -->","yoast_head_json":{"title":"Maxime Pawlowski - Observateur au Conseil d'administration de SiPearl","description":"Maxime Pawlowski, repr\u00e9sentant de la Banque Europ\u00e9enne d'Investissement, est observateur au Conseil d'administration de SiPearl.","robots":{"index":"index","follow":"follow","max-snippet":"max-snippet:-1","max-image-preview":"max-image-preview:large","max-video-preview":"max-video-preview:-1"},"canonical":"https:\/\/sipearl.com\/fr\/maxime-pawlowski","og_locale":"fr_FR","og_type":"article","og_title":"Maxime Pawlowski - Observateur au Conseil d'administration de SiPearl","og_description":"Maxime Pawlowski, repr\u00e9sentant de la Banque Europ\u00e9enne d'Investissement, est observateur au Conseil d'administration de SiPearl.","og_url":"https:\/\/sipearl.com\/fr\/maxime-pawlowski","og_site_name":"SiPearl","article_modified_time":"2025-10-24T15:37:28+00:00","twitter_card":"summary_large_image","twitter_site":"@SIPEARL_SAS","twitter_misc":{"Dur\u00e9e de lecture estim\u00e9e":"2 minutes"},"schema":{"@context":"https:\/\/schema.org","@graph":[{"@type":"WebPage","@id":"https:\/\/sipearl.com\/fr\/maxime-pawlowski","url":"https:\/\/sipearl.com\/fr\/maxime-pawlowski","name":"Maxime Pawlowski - Observateur au Conseil d'administration de SiPearl","isPartOf":{"@id":"https:\/\/sipearl.com\/fr#website"},"datePublished":"2023-08-16T13:12:26+00:00","dateModified":"2025-10-24T15:37:28+00:00","description":"Maxime Pawlowski, repr\u00e9sentant de la Banque Europ\u00e9enne d'Investissement, est observateur au Conseil d'administration de SiPearl.","breadcrumb":{"@id":"https:\/\/sipearl.com\/fr\/maxime-pawlowski#breadcrumb"},"inLanguage":"fr-FR","potentialAction":[{"@type":"ReadAction","target":["https:\/\/sipearl.com\/fr\/maxime-pawlowski"]}]},{"@type":"BreadcrumbList","@id":"https:\/\/sipearl.com\/fr\/maxime-pawlowski#breadcrumb","itemListElement":[{"@type":"ListItem","position":1,"name":"Accueil","item":"https:\/\/sipearl.com\/fr"},{"@type":"ListItem","position":2,"name":"Maxime Pawlowski"}]},{"@type":"WebSite","@id":"https:\/\/sipearl.com\/fr#website","url":"https:\/\/sipearl.com\/fr","name":"SiPearl","description":"le microprocesseur europ\u00e9en","publisher":{"@id":"https:\/\/sipearl.com\/fr#organization"},"potentialAction":[{"@type":"SearchAction","target":{"@type":"EntryPoint","urlTemplate":"https:\/\/sipearl.com\/fr?s={search_term_string}"},"query-input":{"@type":"PropertyValueSpecification","valueRequired":true,"valueName":"search_term_string"}}],"inLanguage":"fr-FR"},{"@type":"Organization","@id":"https:\/\/sipearl.com\/fr#organization","name":"SiPearl","url":"https:\/\/sipearl.com\/fr","logo":{"@type":"ImageObject","inLanguage":"fr-FR","@id":"https:\/\/sipearl.com\/fr#\/schema\/logo\/image\/","url":"https:\/\/sipearl.com\/wp-content\/uploads\/2021\/08\/logo_SIPEARL.png","contentUrl":"https:\/\/sipearl.com\/wp-content\/uploads\/2021\/08\/logo_SIPEARL.png","width":1146,"height":396,"caption":"SiPearl"},"image":{"@id":"https:\/\/sipearl.com\/fr#\/schema\/logo\/image\/"},"sameAs":["https:\/\/x.com\/SIPEARL_SAS","https:\/\/www.linkedin.com\/company\/sipearl\/"]}]}},"jetpack_sharing_enabled":true,"_links":{"self":[{"href":"https:\/\/sipearl.com\/fr\/wp-json\/wp\/v2\/pages\/14610","targetHints":{"allow":["GET"]}}],"collection":[{"href":"https:\/\/sipearl.com\/fr\/wp-json\/wp\/v2\/pages"}],"about":[{"href":"https:\/\/sipearl.com\/fr\/wp-json\/wp\/v2\/types\/page"}],"author":[{"embeddable":true,"href":"https:\/\/sipearl.com\/fr\/wp-json\/wp\/v2\/users\/12"}],"replies":[{"embeddable":true,"href":"https:\/\/sipearl.com\/fr\/wp-json\/wp\/v2\/comments?post=14610"}],"version-history":[{"count":15,"href":"https:\/\/sipearl.com\/fr\/wp-json\/wp\/v2\/pages\/14610\/revisions"}],"predecessor-version":[{"id":23183,"href":"https:\/\/sipearl.com\/fr\/wp-json\/wp\/v2\/pages\/14610\/revisions\/23183"}],"wp:attachment":[{"href":"https:\/\/sipearl.com\/fr\/wp-json\/wp\/v2\/media?parent=14610"}],"curies":[{"name":"wp","href":"https:\/\/api.w.org\/{rel}","templated":true}]}}