{"id":14608,"date":"2023-08-16T14:06:48","date_gmt":"2023-08-16T13:06:48","guid":{"rendered":"https:\/\/sipearl.com\/?page_id=14608"},"modified":"2025-09-26T10:54:48","modified_gmt":"2025-09-26T09:54:48","slug":"wayne-liang","status":"publish","type":"page","link":"https:\/\/sipearl.com\/fr\/wayne-liang","title":{"rendered":"Wayne Liang"},"content":{"rendered":"<section class=\"l-section wpb_row height_medium color_footer-top with_img\"><div class=\"l-section-img\" role=\"img\" aria-label=\"Image\" data-img-width=\"1920\" data-img-height=\"680\" style=\"background-image: url(https:\/\/i0.wp.com\/sipearl.com\/wp-content\/uploads\/2024\/08\/fond-degrade.jpg?fit=1920%2C680&#038;ssl=1);background-position: bottom left;background-repeat: no-repeat;\"><\/div><div class=\"l-section-h i-cf\"><div class=\"g-cols vc_row via_flex valign_top type_default stacking_default\"><div class=\"vc_col-sm-12 wpb_column vc_column_container\"><div class=\"vc_column-inner\"><div class=\"wpb_wrapper\"><div class=\"g-cols wpb_row via_flex valign_top type_default stacking_default\"><div class=\"vc_col-sm-12 vc_col-md-offset-3 vc_col-md-6 wpb_column vc_column_container\"><div class=\"vc_column-inner\"><div class=\"wpb_wrapper\"><div class=\"w-separator size_custom\" style=\"height:2rem\"><\/div><\/div><\/div><\/div><\/div><div class=\"g-cols wpb_row via_flex valign_top type_default stacking_default\"><div class=\"vc_col-sm-4 wpb_column vc_column_container\"><div class=\"vc_column-inner us_custom_eaba8efb us_animate_this\"><div class=\"wpb_wrapper\"><div class=\"w-image align_center\"><div class=\"w-image-h\"><img decoding=\"async\" width=\"300\" height=\"300\" src=\"https:\/\/i0.wp.com\/sipearl.com\/wp-content\/uploads\/2023\/08\/Wayne_Liang_SiPearl.jpg?fit=300%2C300&amp;ssl=1\" class=\"attachment-medium size-medium\" alt=\"\" loading=\"lazy\" srcset=\"https:\/\/i0.wp.com\/sipearl.com\/wp-content\/uploads\/2023\/08\/Wayne_Liang_SiPearl.jpg?w=450&amp;ssl=1 450w, https:\/\/i0.wp.com\/sipearl.com\/wp-content\/uploads\/2023\/08\/Wayne_Liang_SiPearl.jpg?resize=300%2C300&amp;ssl=1 300w, https:\/\/i0.wp.com\/sipearl.com\/wp-content\/uploads\/2023\/08\/Wayne_Liang_SiPearl.jpg?resize=150%2C150&amp;ssl=1 150w\" sizes=\"auto, (max-width: 300px) 100vw, 300px\" \/><\/div><\/div><div class=\"w-separator size_custom\" style=\"height:2rem\"><\/div><div class=\"w-separator size_custom\" style=\"height:1.5rem\"><\/div><\/div><\/div><\/div><div class=\"vc_col-sm-8 wpb_column vc_column_container\"><div class=\"vc_column-inner us_custom_03ba1afd us_animate_this\"><div class=\"wpb_wrapper\"><div class=\"wpb_text_column\"><div class=\"wpb_wrapper\"><h3><strong>Wayne Liang<\/strong><\/h3>\n<h4>Administrateur ind\u00e9pendant<\/h4>\n<p>Wayne Liang a co-fond\u00e9 MStar Semiconductor, une soci\u00e9t\u00e9 sp\u00e9cialis\u00e9e dans la conception de microprocesseurs leader sur le march\u00e9 des t\u00e9l\u00e9viseurs, des d\u00e9codeurs et des \u00e9crans, qui a \u00e9t\u00e9 fusionn\u00e9e avec Mediatek. Il en a \u00e9t\u00e9 Pr\u00e9sident et CEO.<\/p>\n<p>Wayne a commenc\u00e9 sa carri\u00e8re chez IMP, une startup de la Silicon Valley. De retour \u00e0 Ta\u00efwan, il a notamment travaill\u00e9 chez Winbond, WSMC et TSMC, o\u00f9 il a occup\u00e9 diff\u00e9rents postes de manager et de dirigeant. Wayne poss\u00e8de une vaste exp\u00e9rience de la fonderie de semiconducteurs et de la conception de microprocesseurs. Il poss\u00e8de \u00e9galement a une connaissance approfondie des principaux acteurs du secteur.<\/p>\n<p>Wayne Liang est titulaire d&rsquo;une ma\u00eetrise en g\u00e9nie chimique de l&rsquo;Universit\u00e9 de Stanford.<\/p>\n<\/div><\/div><div class=\"w-separator size_custom\" style=\"height:1.8rem\"><\/div><div class=\"w-btn-wrapper align_left\"><a class=\"w-btn us-btn-style_29\" title=\"Conseil d\u2019administration\" href=\"https:\/\/sipearl.com\/fr\/conseil-administration-de-sipearl\"><span class=\"w-btn-label\">Revenir page Conseil d&rsquo;administration<\/span><\/a><\/div><\/div><\/div><\/div><\/div><\/div><\/div><\/div><\/div><\/div><\/section>\n","protected":false},"excerpt":{"rendered":"Wayne Liang Administrateur ind\u00e9pendant Wayne Liang a co-fond\u00e9 MStar Semiconductor, une soci\u00e9t\u00e9 sp\u00e9cialis\u00e9e dans la conception de microprocesseurs leader sur le march\u00e9 des t\u00e9l\u00e9viseurs, des d\u00e9codeurs et des \u00e9crans, qui a \u00e9t\u00e9 fusionn\u00e9e avec Mediatek. Il en a \u00e9t\u00e9 Pr\u00e9sident et CEO. Wayne a commenc\u00e9 sa carri\u00e8re chez IMP, une startup de la Silicon Valley....","protected":false},"author":12,"featured_media":0,"parent":0,"menu_order":0,"comment_status":"closed","ping_status":"closed","template":"","meta":{"footnotes":""},"class_list":["post-14608","page","type-page","status-publish","hentry"],"yoast_head":"<!-- This site is optimized with the Yoast SEO plugin v27.3 - https:\/\/yoast.com\/product\/yoast-seo-wordpress\/ -->\n<title>Wayne Liang - Administrateur ind\u00e9pendant de SiPearl<\/title>\n<meta name=\"description\" content=\"Wayne Liang, cofondateur et ancien CEO et Pr\u00e9sident de MStar Semiconductor, est administrateur ind\u00e9pendant de SiPearl.\" \/>\n<meta name=\"robots\" content=\"index, follow, max-snippet:-1, max-image-preview:large, max-video-preview:-1\" \/>\n<link rel=\"canonical\" href=\"https:\/\/sipearl.com\/fr\/wayne-liang\" \/>\n<meta property=\"og:locale\" content=\"fr_FR\" \/>\n<meta property=\"og:type\" content=\"article\" \/>\n<meta property=\"og:title\" content=\"Wayne Liang - Administrateur ind\u00e9pendant de SiPearl\" \/>\n<meta property=\"og:description\" content=\"Wayne Liang, cofondateur et ancien CEO et Pr\u00e9sident de MStar Semiconductor, est administrateur ind\u00e9pendant de SiPearl.\" \/>\n<meta property=\"og:url\" content=\"https:\/\/sipearl.com\/fr\/wayne-liang\" \/>\n<meta property=\"og:site_name\" content=\"SiPearl\" \/>\n<meta property=\"article:modified_time\" content=\"2025-09-26T09:54:48+00:00\" \/>\n<meta name=\"twitter:card\" content=\"summary_large_image\" \/>\n<meta name=\"twitter:site\" content=\"@SIPEARL_SAS\" \/>\n<meta name=\"twitter:label1\" content=\"Dur\u00e9e de lecture estim\u00e9e\" \/>\n\t<meta name=\"twitter:data1\" content=\"2 minutes\" \/>\n<script type=\"application\/ld+json\" class=\"yoast-schema-graph\">{\"@context\":\"https:\\\/\\\/schema.org\",\"@graph\":[{\"@type\":\"WebPage\",\"@id\":\"https:\\\/\\\/sipearl.com\\\/fr\\\/wayne-liang\",\"url\":\"https:\\\/\\\/sipearl.com\\\/fr\\\/wayne-liang\",\"name\":\"Wayne Liang - Administrateur ind\u00e9pendant de SiPearl\",\"isPartOf\":{\"@id\":\"https:\\\/\\\/sipearl.com\\\/fr#website\"},\"datePublished\":\"2023-08-16T13:06:48+00:00\",\"dateModified\":\"2025-09-26T09:54:48+00:00\",\"description\":\"Wayne Liang, cofondateur et ancien CEO et Pr\u00e9sident de MStar Semiconductor, est administrateur ind\u00e9pendant de SiPearl.\",\"breadcrumb\":{\"@id\":\"https:\\\/\\\/sipearl.com\\\/fr\\\/wayne-liang#breadcrumb\"},\"inLanguage\":\"fr-FR\",\"potentialAction\":[{\"@type\":\"ReadAction\",\"target\":[\"https:\\\/\\\/sipearl.com\\\/fr\\\/wayne-liang\"]}]},{\"@type\":\"BreadcrumbList\",\"@id\":\"https:\\\/\\\/sipearl.com\\\/fr\\\/wayne-liang#breadcrumb\",\"itemListElement\":[{\"@type\":\"ListItem\",\"position\":1,\"name\":\"Accueil\",\"item\":\"https:\\\/\\\/sipearl.com\\\/fr\"},{\"@type\":\"ListItem\",\"position\":2,\"name\":\"Wayne Liang\"}]},{\"@type\":\"WebSite\",\"@id\":\"https:\\\/\\\/sipearl.com\\\/fr#website\",\"url\":\"https:\\\/\\\/sipearl.com\\\/fr\",\"name\":\"SiPearl\",\"description\":\"le microprocesseur europ\u00e9en\",\"publisher\":{\"@id\":\"https:\\\/\\\/sipearl.com\\\/fr#organization\"},\"potentialAction\":[{\"@type\":\"SearchAction\",\"target\":{\"@type\":\"EntryPoint\",\"urlTemplate\":\"https:\\\/\\\/sipearl.com\\\/fr?s={search_term_string}\"},\"query-input\":{\"@type\":\"PropertyValueSpecification\",\"valueRequired\":true,\"valueName\":\"search_term_string\"}}],\"inLanguage\":\"fr-FR\"},{\"@type\":\"Organization\",\"@id\":\"https:\\\/\\\/sipearl.com\\\/fr#organization\",\"name\":\"SiPearl\",\"url\":\"https:\\\/\\\/sipearl.com\\\/fr\",\"logo\":{\"@type\":\"ImageObject\",\"inLanguage\":\"fr-FR\",\"@id\":\"https:\\\/\\\/sipearl.com\\\/fr#\\\/schema\\\/logo\\\/image\\\/\",\"url\":\"https:\\\/\\\/sipearl.com\\\/wp-content\\\/uploads\\\/2021\\\/08\\\/logo_SIPEARL.png\",\"contentUrl\":\"https:\\\/\\\/sipearl.com\\\/wp-content\\\/uploads\\\/2021\\\/08\\\/logo_SIPEARL.png\",\"width\":1146,\"height\":396,\"caption\":\"SiPearl\"},\"image\":{\"@id\":\"https:\\\/\\\/sipearl.com\\\/fr#\\\/schema\\\/logo\\\/image\\\/\"},\"sameAs\":[\"https:\\\/\\\/x.com\\\/SIPEARL_SAS\",\"https:\\\/\\\/www.linkedin.com\\\/company\\\/sipearl\\\/\"]}]}<\/script>\n<!-- \/ Yoast SEO plugin. -->","yoast_head_json":{"title":"Wayne Liang - Administrateur ind\u00e9pendant de SiPearl","description":"Wayne Liang, cofondateur et ancien CEO et Pr\u00e9sident de MStar Semiconductor, est administrateur ind\u00e9pendant de SiPearl.","robots":{"index":"index","follow":"follow","max-snippet":"max-snippet:-1","max-image-preview":"max-image-preview:large","max-video-preview":"max-video-preview:-1"},"canonical":"https:\/\/sipearl.com\/fr\/wayne-liang","og_locale":"fr_FR","og_type":"article","og_title":"Wayne Liang - Administrateur ind\u00e9pendant de SiPearl","og_description":"Wayne Liang, cofondateur et ancien CEO et Pr\u00e9sident de MStar Semiconductor, est administrateur ind\u00e9pendant de SiPearl.","og_url":"https:\/\/sipearl.com\/fr\/wayne-liang","og_site_name":"SiPearl","article_modified_time":"2025-09-26T09:54:48+00:00","twitter_card":"summary_large_image","twitter_site":"@SIPEARL_SAS","twitter_misc":{"Dur\u00e9e de lecture estim\u00e9e":"2 minutes"},"schema":{"@context":"https:\/\/schema.org","@graph":[{"@type":"WebPage","@id":"https:\/\/sipearl.com\/fr\/wayne-liang","url":"https:\/\/sipearl.com\/fr\/wayne-liang","name":"Wayne Liang - Administrateur ind\u00e9pendant de SiPearl","isPartOf":{"@id":"https:\/\/sipearl.com\/fr#website"},"datePublished":"2023-08-16T13:06:48+00:00","dateModified":"2025-09-26T09:54:48+00:00","description":"Wayne Liang, cofondateur et ancien CEO et Pr\u00e9sident de MStar Semiconductor, est administrateur ind\u00e9pendant de SiPearl.","breadcrumb":{"@id":"https:\/\/sipearl.com\/fr\/wayne-liang#breadcrumb"},"inLanguage":"fr-FR","potentialAction":[{"@type":"ReadAction","target":["https:\/\/sipearl.com\/fr\/wayne-liang"]}]},{"@type":"BreadcrumbList","@id":"https:\/\/sipearl.com\/fr\/wayne-liang#breadcrumb","itemListElement":[{"@type":"ListItem","position":1,"name":"Accueil","item":"https:\/\/sipearl.com\/fr"},{"@type":"ListItem","position":2,"name":"Wayne Liang"}]},{"@type":"WebSite","@id":"https:\/\/sipearl.com\/fr#website","url":"https:\/\/sipearl.com\/fr","name":"SiPearl","description":"le microprocesseur europ\u00e9en","publisher":{"@id":"https:\/\/sipearl.com\/fr#organization"},"potentialAction":[{"@type":"SearchAction","target":{"@type":"EntryPoint","urlTemplate":"https:\/\/sipearl.com\/fr?s={search_term_string}"},"query-input":{"@type":"PropertyValueSpecification","valueRequired":true,"valueName":"search_term_string"}}],"inLanguage":"fr-FR"},{"@type":"Organization","@id":"https:\/\/sipearl.com\/fr#organization","name":"SiPearl","url":"https:\/\/sipearl.com\/fr","logo":{"@type":"ImageObject","inLanguage":"fr-FR","@id":"https:\/\/sipearl.com\/fr#\/schema\/logo\/image\/","url":"https:\/\/sipearl.com\/wp-content\/uploads\/2021\/08\/logo_SIPEARL.png","contentUrl":"https:\/\/sipearl.com\/wp-content\/uploads\/2021\/08\/logo_SIPEARL.png","width":1146,"height":396,"caption":"SiPearl"},"image":{"@id":"https:\/\/sipearl.com\/fr#\/schema\/logo\/image\/"},"sameAs":["https:\/\/x.com\/SIPEARL_SAS","https:\/\/www.linkedin.com\/company\/sipearl\/"]}]}},"jetpack_sharing_enabled":true,"_links":{"self":[{"href":"https:\/\/sipearl.com\/fr\/wp-json\/wp\/v2\/pages\/14608","targetHints":{"allow":["GET"]}}],"collection":[{"href":"https:\/\/sipearl.com\/fr\/wp-json\/wp\/v2\/pages"}],"about":[{"href":"https:\/\/sipearl.com\/fr\/wp-json\/wp\/v2\/types\/page"}],"author":[{"embeddable":true,"href":"https:\/\/sipearl.com\/fr\/wp-json\/wp\/v2\/users\/12"}],"replies":[{"embeddable":true,"href":"https:\/\/sipearl.com\/fr\/wp-json\/wp\/v2\/comments?post=14608"}],"version-history":[{"count":9,"href":"https:\/\/sipearl.com\/fr\/wp-json\/wp\/v2\/pages\/14608\/revisions"}],"predecessor-version":[{"id":22296,"href":"https:\/\/sipearl.com\/fr\/wp-json\/wp\/v2\/pages\/14608\/revisions\/22296"}],"wp:attachment":[{"href":"https:\/\/sipearl.com\/fr\/wp-json\/wp\/v2\/media?parent=14608"}],"curies":[{"name":"wp","href":"https:\/\/api.w.org\/{rel}","templated":true}]}}