{"id":14606,"date":"2023-08-16T14:03:57","date_gmt":"2023-08-16T13:03:57","guid":{"rendered":"https:\/\/sipearl.com\/?page_id=14606"},"modified":"2025-09-26T10:33:52","modified_gmt":"2025-09-26T09:33:52","slug":"emmanuel-le-roux","status":"publish","type":"page","link":"https:\/\/sipearl.com\/fr\/emmanuel-le-roux","title":{"rendered":"Emmanuel Le Roux"},"content":{"rendered":"<section class=\"l-section wpb_row height_medium color_footer-top with_img\"><div class=\"l-section-img\" role=\"img\" aria-label=\"Image\" data-img-width=\"1920\" data-img-height=\"680\" style=\"background-image: url(https:\/\/i0.wp.com\/sipearl.com\/wp-content\/uploads\/2024\/08\/fond-degrade.jpg?fit=1920%2C680&#038;ssl=1);background-position: bottom left;background-repeat: no-repeat;\"><\/div><div class=\"l-section-h i-cf\"><div class=\"g-cols vc_row via_flex valign_top type_default stacking_default\"><div class=\"vc_col-sm-12 wpb_column vc_column_container\"><div class=\"vc_column-inner\"><div class=\"wpb_wrapper\"><div class=\"g-cols wpb_row via_flex valign_top type_default stacking_default\"><div class=\"vc_col-sm-12 vc_col-md-offset-3 vc_col-md-6 wpb_column vc_column_container\"><div class=\"vc_column-inner\"><div class=\"wpb_wrapper\"><div class=\"w-separator size_custom\" style=\"height:2rem\"><\/div><\/div><\/div><\/div><\/div><div class=\"g-cols wpb_row via_flex valign_top type_default stacking_default\"><div class=\"vc_col-sm-4 wpb_column vc_column_container\"><div class=\"vc_column-inner us_custom_eaba8efb us_animate_this\"><div class=\"wpb_wrapper\"><div class=\"w-image align_center\"><div class=\"w-image-h\"><img decoding=\"async\" width=\"300\" height=\"300\" src=\"https:\/\/i0.wp.com\/sipearl.com\/wp-content\/uploads\/2023\/08\/Emmanuel_Le_Roux_Eviden_Sipearl-1.jpg?fit=300%2C300&amp;ssl=1\" class=\"attachment-medium size-medium\" alt=\"Emmanuel Le Roux administrateur repr\u00e9sentant d&#039;Eviden\" loading=\"lazy\" srcset=\"https:\/\/i0.wp.com\/sipearl.com\/wp-content\/uploads\/2023\/08\/Emmanuel_Le_Roux_Eviden_Sipearl-1.jpg?w=450&amp;ssl=1 450w, https:\/\/i0.wp.com\/sipearl.com\/wp-content\/uploads\/2023\/08\/Emmanuel_Le_Roux_Eviden_Sipearl-1.jpg?resize=300%2C300&amp;ssl=1 300w, https:\/\/i0.wp.com\/sipearl.com\/wp-content\/uploads\/2023\/08\/Emmanuel_Le_Roux_Eviden_Sipearl-1.jpg?resize=150%2C150&amp;ssl=1 150w\" sizes=\"auto, (max-width: 300px) 100vw, 300px\" \/><\/div><\/div><div class=\"w-separator size_custom\" style=\"height:2rem\"><\/div><div class=\"w-image align_center\"><a target=\"_blank\" rel=\"nofollow\" href=\"https:\/\/www.linkedin.com\/in\/emmanuelleroux\/\" aria-label=\"icone_Linkedin_SiPearl\" class=\"w-image-h\"><img decoding=\"async\" width=\"48\" height=\"48\" src=\"https:\/\/i0.wp.com\/sipearl.com\/wp-content\/uploads\/2025\/09\/icons8-linkedin-48.png?fit=48%2C48&amp;ssl=1\" class=\"attachment-full size-full\" alt=\"\" loading=\"lazy\" \/><\/a><\/div><div class=\"w-separator size_custom\" style=\"height:1.5rem\"><\/div><\/div><\/div><\/div><div class=\"vc_col-sm-8 wpb_column vc_column_container\"><div class=\"vc_column-inner us_custom_03ba1afd us_animate_this\"><div class=\"wpb_wrapper\"><div class=\"wpb_text_column\"><div class=\"wpb_wrapper\"><h3><strong>Emmanuel Le Roux<\/strong><\/h3>\n<h4>Administrateur repr\u00e9sentant d&rsquo;Eviden<\/h4>\n<p>Depuis avril 2022, Emmanuel Le Roux est Group Senior Vice President, Head of Advanced Computing, HPC, Quantum, AI Solutions d&rsquo;Eviden (groupe Atos). A ce titre, Emmanuel est responsable de l&rsquo;ensemble du portefeuille d&rsquo;infrastructures Big Data. Il dirige le d\u00e9veloppement de solutions innovantes d&rsquo;analyse de Big Data, d&rsquo;apprentissage automatique et d&rsquo;intelligence artificielle pour le march\u00e9 des entreprises. Le portefeuille global comprend les serveurs d&rsquo;entreprise Eviden (x86, Mainframe), les applications SAP Hana, Oracle, Hadoop, AI et Analytics ainsi que les \u00e9quipes Big Data Software et Services.<\/p>\n<p>Emmanuel a de nombreuses ann\u00e9es d&rsquo;exp\u00e9rience dans l&rsquo;industrie de l&rsquo;informatique et des t\u00e9l\u00e9communications o\u00f9 il a notamment travaill\u00e9 dans la gestion de produits, le d\u00e9veloppement commercial, le marketing et les ventes ainsi que la R&amp;D, l&rsquo;architecture, la strat\u00e9gie et la gestion de programmes. Il est expert en solutions Big Data (Hadoop, Analytics, ML et AI), en infrastructure informatiques (serveurs, stockage, r\u00e9seau), en virtualisation de serveurs, en cloud computing, en OS, en base de donn\u00e9es, en middleware, en OSS\/BSS et en technologies de voix sur IP.<\/p>\n<\/div><\/div><div class=\"w-separator size_custom\" style=\"height:1.8rem\"><\/div><div class=\"w-btn-wrapper align_left\"><a class=\"w-btn us-btn-style_29\" title=\"Conseil d\u2019administration\" href=\"https:\/\/sipearl.com\/fr\/conseil-administration\"><span class=\"w-btn-label\">Revenir page Conseil d&rsquo;administration<\/span><\/a><\/div><\/div><\/div><\/div><\/div><\/div><\/div><\/div><\/div><\/div><\/section>\n","protected":false},"excerpt":{"rendered":"Emmanuel Le Roux Administrateur repr\u00e9sentant d&rsquo;Eviden Depuis avril 2022, Emmanuel Le Roux est Group Senior Vice President, Head of Advanced Computing, HPC, Quantum, AI Solutions d&rsquo;Eviden (groupe Atos). A ce titre, Emmanuel est responsable de l&rsquo;ensemble du portefeuille d&rsquo;infrastructures Big Data. Il dirige le d\u00e9veloppement de solutions innovantes d&rsquo;analyse de Big Data, d&rsquo;apprentissage automatique et...","protected":false},"author":12,"featured_media":0,"parent":0,"menu_order":0,"comment_status":"closed","ping_status":"closed","template":"","meta":{"footnotes":""},"class_list":["post-14606","page","type-page","status-publish","hentry"],"yoast_head":"<!-- This site is optimized with the Yoast SEO plugin v27.4 - https:\/\/yoast.com\/product\/yoast-seo-wordpress\/ -->\n<title>Emmanuel Le Roux - administrateur de SiPearl repr\u00e9sentant d&#039;Eviden<\/title>\n<meta name=\"description\" content=\"Emmanuel Le Roux est membre du Conseil d&#039;administration de SiPearl en tant que repr\u00e9sentant d&#039;Eviden (groupe Atos).\" \/>\n<meta name=\"robots\" content=\"index, follow, max-snippet:-1, max-image-preview:large, max-video-preview:-1\" \/>\n<link rel=\"canonical\" href=\"https:\/\/sipearl.com\/fr\/emmanuel-le-roux\" \/>\n<meta property=\"og:locale\" content=\"fr_FR\" \/>\n<meta property=\"og:type\" content=\"article\" \/>\n<meta property=\"og:title\" content=\"Emmanuel Le Roux - administrateur de SiPearl repr\u00e9sentant d&#039;Eviden\" \/>\n<meta property=\"og:description\" content=\"Emmanuel Le Roux est membre du Conseil d&#039;administration de SiPearl en tant que repr\u00e9sentant d&#039;Eviden (groupe Atos).\" \/>\n<meta property=\"og:url\" content=\"https:\/\/sipearl.com\/fr\/emmanuel-le-roux\" \/>\n<meta property=\"og:site_name\" content=\"SiPearl\" \/>\n<meta property=\"article:modified_time\" content=\"2025-09-26T09:33:52+00:00\" \/>\n<meta name=\"twitter:card\" content=\"summary_large_image\" \/>\n<meta name=\"twitter:site\" content=\"@SIPEARL_SAS\" \/>\n<meta name=\"twitter:label1\" content=\"Dur\u00e9e de lecture estim\u00e9e\" \/>\n\t<meta name=\"twitter:data1\" content=\"2 minutes\" \/>\n<script type=\"application\/ld+json\" class=\"yoast-schema-graph\">{\"@context\":\"https:\\\/\\\/schema.org\",\"@graph\":[{\"@type\":\"WebPage\",\"@id\":\"https:\\\/\\\/sipearl.com\\\/fr\\\/emmanuel-le-roux\",\"url\":\"https:\\\/\\\/sipearl.com\\\/fr\\\/emmanuel-le-roux\",\"name\":\"Emmanuel Le Roux - administrateur de SiPearl repr\u00e9sentant d'Eviden\",\"isPartOf\":{\"@id\":\"https:\\\/\\\/sipearl.com\\\/fr#website\"},\"datePublished\":\"2023-08-16T13:03:57+00:00\",\"dateModified\":\"2025-09-26T09:33:52+00:00\",\"description\":\"Emmanuel Le Roux est membre du Conseil d'administration de SiPearl en tant que repr\u00e9sentant d'Eviden (groupe Atos).\",\"breadcrumb\":{\"@id\":\"https:\\\/\\\/sipearl.com\\\/fr\\\/emmanuel-le-roux#breadcrumb\"},\"inLanguage\":\"fr-FR\",\"potentialAction\":[{\"@type\":\"ReadAction\",\"target\":[\"https:\\\/\\\/sipearl.com\\\/fr\\\/emmanuel-le-roux\"]}]},{\"@type\":\"BreadcrumbList\",\"@id\":\"https:\\\/\\\/sipearl.com\\\/fr\\\/emmanuel-le-roux#breadcrumb\",\"itemListElement\":[{\"@type\":\"ListItem\",\"position\":1,\"name\":\"Accueil\",\"item\":\"https:\\\/\\\/sipearl.com\\\/fr\"},{\"@type\":\"ListItem\",\"position\":2,\"name\":\"Emmanuel Le Roux\"}]},{\"@type\":\"WebSite\",\"@id\":\"https:\\\/\\\/sipearl.com\\\/fr#website\",\"url\":\"https:\\\/\\\/sipearl.com\\\/fr\",\"name\":\"SiPearl\",\"description\":\"le microprocesseur europ\u00e9en\",\"publisher\":{\"@id\":\"https:\\\/\\\/sipearl.com\\\/fr#organization\"},\"potentialAction\":[{\"@type\":\"SearchAction\",\"target\":{\"@type\":\"EntryPoint\",\"urlTemplate\":\"https:\\\/\\\/sipearl.com\\\/fr?s={search_term_string}\"},\"query-input\":{\"@type\":\"PropertyValueSpecification\",\"valueRequired\":true,\"valueName\":\"search_term_string\"}}],\"inLanguage\":\"fr-FR\"},{\"@type\":\"Organization\",\"@id\":\"https:\\\/\\\/sipearl.com\\\/fr#organization\",\"name\":\"SiPearl\",\"url\":\"https:\\\/\\\/sipearl.com\\\/fr\",\"logo\":{\"@type\":\"ImageObject\",\"inLanguage\":\"fr-FR\",\"@id\":\"https:\\\/\\\/sipearl.com\\\/fr#\\\/schema\\\/logo\\\/image\\\/\",\"url\":\"https:\\\/\\\/sipearl.com\\\/wp-content\\\/uploads\\\/2021\\\/08\\\/logo_SIPEARL.png\",\"contentUrl\":\"https:\\\/\\\/sipearl.com\\\/wp-content\\\/uploads\\\/2021\\\/08\\\/logo_SIPEARL.png\",\"width\":1146,\"height\":396,\"caption\":\"SiPearl\"},\"image\":{\"@id\":\"https:\\\/\\\/sipearl.com\\\/fr#\\\/schema\\\/logo\\\/image\\\/\"},\"sameAs\":[\"https:\\\/\\\/x.com\\\/SIPEARL_SAS\",\"https:\\\/\\\/www.linkedin.com\\\/company\\\/sipearl\\\/\"]}]}<\/script>\n<!-- \/ Yoast SEO plugin. -->","yoast_head_json":{"title":"Emmanuel Le Roux - administrateur de SiPearl repr\u00e9sentant d'Eviden","description":"Emmanuel Le Roux est membre du Conseil d'administration de SiPearl en tant que repr\u00e9sentant d'Eviden (groupe Atos).","robots":{"index":"index","follow":"follow","max-snippet":"max-snippet:-1","max-image-preview":"max-image-preview:large","max-video-preview":"max-video-preview:-1"},"canonical":"https:\/\/sipearl.com\/fr\/emmanuel-le-roux","og_locale":"fr_FR","og_type":"article","og_title":"Emmanuel Le Roux - administrateur de SiPearl repr\u00e9sentant d'Eviden","og_description":"Emmanuel Le Roux est membre du Conseil d'administration de SiPearl en tant que repr\u00e9sentant d'Eviden (groupe Atos).","og_url":"https:\/\/sipearl.com\/fr\/emmanuel-le-roux","og_site_name":"SiPearl","article_modified_time":"2025-09-26T09:33:52+00:00","twitter_card":"summary_large_image","twitter_site":"@SIPEARL_SAS","twitter_misc":{"Dur\u00e9e de lecture estim\u00e9e":"2 minutes"},"schema":{"@context":"https:\/\/schema.org","@graph":[{"@type":"WebPage","@id":"https:\/\/sipearl.com\/fr\/emmanuel-le-roux","url":"https:\/\/sipearl.com\/fr\/emmanuel-le-roux","name":"Emmanuel Le Roux - administrateur de SiPearl repr\u00e9sentant d'Eviden","isPartOf":{"@id":"https:\/\/sipearl.com\/fr#website"},"datePublished":"2023-08-16T13:03:57+00:00","dateModified":"2025-09-26T09:33:52+00:00","description":"Emmanuel Le Roux est membre du Conseil d'administration de SiPearl en tant que repr\u00e9sentant d'Eviden (groupe Atos).","breadcrumb":{"@id":"https:\/\/sipearl.com\/fr\/emmanuel-le-roux#breadcrumb"},"inLanguage":"fr-FR","potentialAction":[{"@type":"ReadAction","target":["https:\/\/sipearl.com\/fr\/emmanuel-le-roux"]}]},{"@type":"BreadcrumbList","@id":"https:\/\/sipearl.com\/fr\/emmanuel-le-roux#breadcrumb","itemListElement":[{"@type":"ListItem","position":1,"name":"Accueil","item":"https:\/\/sipearl.com\/fr"},{"@type":"ListItem","position":2,"name":"Emmanuel Le Roux"}]},{"@type":"WebSite","@id":"https:\/\/sipearl.com\/fr#website","url":"https:\/\/sipearl.com\/fr","name":"SiPearl","description":"le microprocesseur europ\u00e9en","publisher":{"@id":"https:\/\/sipearl.com\/fr#organization"},"potentialAction":[{"@type":"SearchAction","target":{"@type":"EntryPoint","urlTemplate":"https:\/\/sipearl.com\/fr?s={search_term_string}"},"query-input":{"@type":"PropertyValueSpecification","valueRequired":true,"valueName":"search_term_string"}}],"inLanguage":"fr-FR"},{"@type":"Organization","@id":"https:\/\/sipearl.com\/fr#organization","name":"SiPearl","url":"https:\/\/sipearl.com\/fr","logo":{"@type":"ImageObject","inLanguage":"fr-FR","@id":"https:\/\/sipearl.com\/fr#\/schema\/logo\/image\/","url":"https:\/\/sipearl.com\/wp-content\/uploads\/2021\/08\/logo_SIPEARL.png","contentUrl":"https:\/\/sipearl.com\/wp-content\/uploads\/2021\/08\/logo_SIPEARL.png","width":1146,"height":396,"caption":"SiPearl"},"image":{"@id":"https:\/\/sipearl.com\/fr#\/schema\/logo\/image\/"},"sameAs":["https:\/\/x.com\/SIPEARL_SAS","https:\/\/www.linkedin.com\/company\/sipearl\/"]}]}},"jetpack_sharing_enabled":true,"_links":{"self":[{"href":"https:\/\/sipearl.com\/fr\/wp-json\/wp\/v2\/pages\/14606","targetHints":{"allow":["GET"]}}],"collection":[{"href":"https:\/\/sipearl.com\/fr\/wp-json\/wp\/v2\/pages"}],"about":[{"href":"https:\/\/sipearl.com\/fr\/wp-json\/wp\/v2\/types\/page"}],"author":[{"embeddable":true,"href":"https:\/\/sipearl.com\/fr\/wp-json\/wp\/v2\/users\/12"}],"replies":[{"embeddable":true,"href":"https:\/\/sipearl.com\/fr\/wp-json\/wp\/v2\/comments?post=14606"}],"version-history":[{"count":10,"href":"https:\/\/sipearl.com\/fr\/wp-json\/wp\/v2\/pages\/14606\/revisions"}],"predecessor-version":[{"id":22282,"href":"https:\/\/sipearl.com\/fr\/wp-json\/wp\/v2\/pages\/14606\/revisions\/22282"}],"wp:attachment":[{"href":"https:\/\/sipearl.com\/fr\/wp-json\/wp\/v2\/media?parent=14606"}],"curies":[{"name":"wp","href":"https:\/\/api.w.org\/{rel}","templated":true}]}}