{"id":14599,"date":"2023-08-16T12:33:07","date_gmt":"2023-08-16T11:33:07","guid":{"rendered":"https:\/\/sipearl.com\/?page_id=14599"},"modified":"2025-09-26T10:47:51","modified_gmt":"2025-09-26T09:47:51","slug":"nicolas-berdou","status":"publish","type":"page","link":"https:\/\/sipearl.com\/fr\/nicolas-berdou","title":{"rendered":"Nicolas Berdou"},"content":{"rendered":"<section class=\"l-section wpb_row height_medium color_footer-top with_img\"><div class=\"l-section-img\" role=\"img\" aria-label=\"Image\" data-img-width=\"1920\" data-img-height=\"680\" style=\"background-image: url(https:\/\/i0.wp.com\/sipearl.com\/wp-content\/uploads\/2024\/08\/fond-degrade.jpg?fit=1920%2C680&#038;ssl=1);background-position: bottom left;background-repeat: no-repeat;\"><\/div><div class=\"l-section-h i-cf\"><div class=\"g-cols vc_row via_flex valign_top type_default stacking_default\"><div class=\"vc_col-sm-12 wpb_column vc_column_container\"><div class=\"vc_column-inner\"><div class=\"wpb_wrapper\"><div class=\"g-cols wpb_row via_flex valign_top type_default stacking_default\"><div class=\"vc_col-sm-12 vc_col-md-offset-3 vc_col-md-6 wpb_column vc_column_container\"><div class=\"vc_column-inner\"><div class=\"wpb_wrapper\"><div class=\"w-separator size_custom\" style=\"height:2rem\"><\/div><\/div><\/div><\/div><\/div><div class=\"g-cols wpb_row via_flex valign_top type_default stacking_default\"><div class=\"vc_col-sm-4 wpb_column vc_column_container\"><div class=\"vc_column-inner us_custom_eaba8efb us_animate_this\"><div class=\"wpb_wrapper\"><div class=\"w-image align_center\"><div class=\"w-image-h\"><img decoding=\"async\" width=\"300\" height=\"300\" src=\"https:\/\/i0.wp.com\/sipearl.com\/wp-content\/uploads\/2023\/08\/Nicolas_Berdou_bpifrance_SiPearl.jpg?fit=300%2C300&amp;ssl=1\" class=\"attachment-medium size-medium\" alt=\"Nicolas Berdou repr\u00e9sentant de French Tech Souverainet\u00e9\" loading=\"lazy\" srcset=\"https:\/\/i0.wp.com\/sipearl.com\/wp-content\/uploads\/2023\/08\/Nicolas_Berdou_bpifrance_SiPearl.jpg?w=450&amp;ssl=1 450w, https:\/\/i0.wp.com\/sipearl.com\/wp-content\/uploads\/2023\/08\/Nicolas_Berdou_bpifrance_SiPearl.jpg?resize=300%2C300&amp;ssl=1 300w, https:\/\/i0.wp.com\/sipearl.com\/wp-content\/uploads\/2023\/08\/Nicolas_Berdou_bpifrance_SiPearl.jpg?resize=150%2C150&amp;ssl=1 150w\" sizes=\"auto, (max-width: 300px) 100vw, 300px\" \/><\/div><\/div><div class=\"w-separator size_custom\" style=\"height:2rem\"><\/div><div class=\"w-image align_center\"><a target=\"_blank\" rel=\"nofollow\" href=\"https:\/\/www.linkedin.com\/in\/nicolas-berdou-7924901a0\/\" aria-label=\"icone_Linkedin_SiPearl\" class=\"w-image-h\"><img decoding=\"async\" width=\"48\" height=\"48\" src=\"https:\/\/i0.wp.com\/sipearl.com\/wp-content\/uploads\/2025\/09\/icons8-linkedin-48.png?fit=48%2C48&amp;ssl=1\" class=\"attachment-full size-full\" alt=\"\" loading=\"lazy\" \/><\/a><\/div><div class=\"w-separator size_custom\" style=\"height:1.5rem\"><\/div><\/div><\/div><\/div><div class=\"vc_col-sm-8 wpb_column vc_column_container\"><div class=\"vc_column-inner us_custom_03ba1afd us_animate_this\"><div class=\"wpb_wrapper\"><div class=\"wpb_text_column\"><div class=\"wpb_wrapper\"><h3><strong>Nicolas Berdou<\/strong><\/h3>\n<h4>Administrateur repr\u00e9sentant de Bpifrance Investissement<\/h4>\n<p>Ing\u00e9nieur en chef de l&rsquo;armement, Nicolas Berdou a effectu\u00e9 une premi\u00e8re partie de carri\u00e8re \u00e0 la Direction G\u00e9n\u00e9rale de l&rsquo;Armement \u00e0 des postes techniques, d&rsquo;encadrement et de gestion des programmes a\u00e9ronautiques (avion de chasse Rafale).<\/p>\n<p>Nicolas a int\u00e9gr\u00e9 Bpifrance en 2017 lors de la cr\u00e9ation du fonds Definvest souscrit par le minist\u00e8re des Arm\u00e9es et g\u00e9r\u00e9 par Bpifrance, rejoint en 2021 par le Fonds Innovation D\u00e9fense. Au-del\u00e0 de son exp\u00e9rience sectorielle dans la D\u00e9fense, Nicolas est investisseur en venture capital sp\u00e9cialis\u00e9 dans les entreprises deeptech. Il est \u00e0 ce titre membre du conseil d\u2019administration d\u2019une dizaine d\u2019entreprises du portefeuille de Bpifrance telles que Pasqal, Unseenlabs, Exotrail, Preligens ou encore Cailabs.<\/p>\n<p>Nicolas Berdou est titulaire d\u2019un dipl\u00f4me d\u2019ing\u00e9nieur de l\u2019Institut Sup\u00e9rieur de l\u2019A\u00e9ronautique et de l\u2019Espace de Toulouse.<\/p>\n<\/div><\/div><div class=\"w-separator size_custom\" style=\"height:1.8rem\"><\/div><div class=\"w-btn-wrapper align_left\"><a class=\"w-btn us-btn-style_29\" title=\"Conseil d\u2019administration\" href=\"https:\/\/sipearl.com\/fr\/conseil-administration\"><span class=\"w-btn-label\">Revenir page Conseil d&rsquo;administration<\/span><\/a><\/div><\/div><\/div><\/div><\/div><\/div><\/div><\/div><\/div><\/div><\/section>\n","protected":false},"excerpt":{"rendered":"Nicolas Berdou Administrateur repr\u00e9sentant de Bpifrance Investissement Ing\u00e9nieur en chef de l&rsquo;armement, Nicolas Berdou a effectu\u00e9 une premi\u00e8re partie de carri\u00e8re \u00e0 la Direction G\u00e9n\u00e9rale de l&rsquo;Armement \u00e0 des postes techniques, d&rsquo;encadrement et de gestion des programmes a\u00e9ronautiques (avion de chasse Rafale). Nicolas a int\u00e9gr\u00e9 Bpifrance en 2017 lors de la cr\u00e9ation du fonds Definvest...","protected":false},"author":12,"featured_media":0,"parent":0,"menu_order":0,"comment_status":"closed","ping_status":"closed","template":"","meta":{"footnotes":""},"class_list":["post-14599","page","type-page","status-publish","hentry"],"yoast_head":"<!-- This site is optimized with the Yoast SEO plugin v27.3 - https:\/\/yoast.com\/product\/yoast-seo-wordpress\/ -->\n<title>Nicolas Berdou - administrateur de SiPearl repr\u00e9sentant de Bpifrance Invest.<\/title>\n<meta name=\"description\" content=\"Nicolas Berdou est membre du Conseil d&#039;administration de SiPearl en tant que repr\u00e9sentant de Bpifrance Investissement.\" \/>\n<meta name=\"robots\" content=\"index, follow, max-snippet:-1, max-image-preview:large, max-video-preview:-1\" \/>\n<link rel=\"canonical\" href=\"https:\/\/sipearl.com\/fr\/nicolas-berdou\" \/>\n<meta property=\"og:locale\" content=\"fr_FR\" \/>\n<meta property=\"og:type\" content=\"article\" \/>\n<meta property=\"og:title\" content=\"Nicolas Berdou - administrateur de SiPearl repr\u00e9sentant de Bpifrance Invest.\" \/>\n<meta property=\"og:description\" content=\"Nicolas Berdou est membre du Conseil d&#039;administration de SiPearl en tant que repr\u00e9sentant de Bpifrance Investissement.\" \/>\n<meta property=\"og:url\" content=\"https:\/\/sipearl.com\/fr\/nicolas-berdou\" \/>\n<meta property=\"og:site_name\" content=\"SiPearl\" \/>\n<meta property=\"article:modified_time\" content=\"2025-09-26T09:47:51+00:00\" \/>\n<meta name=\"twitter:card\" content=\"summary_large_image\" \/>\n<meta name=\"twitter:site\" content=\"@SIPEARL_SAS\" \/>\n<meta name=\"twitter:label1\" content=\"Dur\u00e9e de lecture estim\u00e9e\" \/>\n\t<meta name=\"twitter:data1\" content=\"2 minutes\" \/>\n<script type=\"application\/ld+json\" class=\"yoast-schema-graph\">{\"@context\":\"https:\\\/\\\/schema.org\",\"@graph\":[{\"@type\":\"WebPage\",\"@id\":\"https:\\\/\\\/sipearl.com\\\/fr\\\/nicolas-berdou\",\"url\":\"https:\\\/\\\/sipearl.com\\\/fr\\\/nicolas-berdou\",\"name\":\"Nicolas Berdou - administrateur de SiPearl repr\u00e9sentant de Bpifrance Invest.\",\"isPartOf\":{\"@id\":\"https:\\\/\\\/sipearl.com\\\/fr#website\"},\"datePublished\":\"2023-08-16T11:33:07+00:00\",\"dateModified\":\"2025-09-26T09:47:51+00:00\",\"description\":\"Nicolas Berdou est membre du Conseil d'administration de SiPearl en tant que repr\u00e9sentant de Bpifrance Investissement.\",\"breadcrumb\":{\"@id\":\"https:\\\/\\\/sipearl.com\\\/fr\\\/nicolas-berdou#breadcrumb\"},\"inLanguage\":\"fr-FR\",\"potentialAction\":[{\"@type\":\"ReadAction\",\"target\":[\"https:\\\/\\\/sipearl.com\\\/fr\\\/nicolas-berdou\"]}]},{\"@type\":\"BreadcrumbList\",\"@id\":\"https:\\\/\\\/sipearl.com\\\/fr\\\/nicolas-berdou#breadcrumb\",\"itemListElement\":[{\"@type\":\"ListItem\",\"position\":1,\"name\":\"Accueil\",\"item\":\"https:\\\/\\\/sipearl.com\\\/fr\"},{\"@type\":\"ListItem\",\"position\":2,\"name\":\"Nicolas Berdou\"}]},{\"@type\":\"WebSite\",\"@id\":\"https:\\\/\\\/sipearl.com\\\/fr#website\",\"url\":\"https:\\\/\\\/sipearl.com\\\/fr\",\"name\":\"SiPearl\",\"description\":\"le microprocesseur europ\u00e9en\",\"publisher\":{\"@id\":\"https:\\\/\\\/sipearl.com\\\/fr#organization\"},\"potentialAction\":[{\"@type\":\"SearchAction\",\"target\":{\"@type\":\"EntryPoint\",\"urlTemplate\":\"https:\\\/\\\/sipearl.com\\\/fr?s={search_term_string}\"},\"query-input\":{\"@type\":\"PropertyValueSpecification\",\"valueRequired\":true,\"valueName\":\"search_term_string\"}}],\"inLanguage\":\"fr-FR\"},{\"@type\":\"Organization\",\"@id\":\"https:\\\/\\\/sipearl.com\\\/fr#organization\",\"name\":\"SiPearl\",\"url\":\"https:\\\/\\\/sipearl.com\\\/fr\",\"logo\":{\"@type\":\"ImageObject\",\"inLanguage\":\"fr-FR\",\"@id\":\"https:\\\/\\\/sipearl.com\\\/fr#\\\/schema\\\/logo\\\/image\\\/\",\"url\":\"https:\\\/\\\/sipearl.com\\\/wp-content\\\/uploads\\\/2021\\\/08\\\/logo_SIPEARL.png\",\"contentUrl\":\"https:\\\/\\\/sipearl.com\\\/wp-content\\\/uploads\\\/2021\\\/08\\\/logo_SIPEARL.png\",\"width\":1146,\"height\":396,\"caption\":\"SiPearl\"},\"image\":{\"@id\":\"https:\\\/\\\/sipearl.com\\\/fr#\\\/schema\\\/logo\\\/image\\\/\"},\"sameAs\":[\"https:\\\/\\\/x.com\\\/SIPEARL_SAS\",\"https:\\\/\\\/www.linkedin.com\\\/company\\\/sipearl\\\/\"]}]}<\/script>\n<!-- \/ Yoast SEO plugin. -->","yoast_head_json":{"title":"Nicolas Berdou - administrateur de SiPearl repr\u00e9sentant de Bpifrance Invest.","description":"Nicolas Berdou est membre du Conseil d'administration de SiPearl en tant que repr\u00e9sentant de Bpifrance Investissement.","robots":{"index":"index","follow":"follow","max-snippet":"max-snippet:-1","max-image-preview":"max-image-preview:large","max-video-preview":"max-video-preview:-1"},"canonical":"https:\/\/sipearl.com\/fr\/nicolas-berdou","og_locale":"fr_FR","og_type":"article","og_title":"Nicolas Berdou - administrateur de SiPearl repr\u00e9sentant de Bpifrance Invest.","og_description":"Nicolas Berdou est membre du Conseil d'administration de SiPearl en tant que repr\u00e9sentant de Bpifrance Investissement.","og_url":"https:\/\/sipearl.com\/fr\/nicolas-berdou","og_site_name":"SiPearl","article_modified_time":"2025-09-26T09:47:51+00:00","twitter_card":"summary_large_image","twitter_site":"@SIPEARL_SAS","twitter_misc":{"Dur\u00e9e de lecture estim\u00e9e":"2 minutes"},"schema":{"@context":"https:\/\/schema.org","@graph":[{"@type":"WebPage","@id":"https:\/\/sipearl.com\/fr\/nicolas-berdou","url":"https:\/\/sipearl.com\/fr\/nicolas-berdou","name":"Nicolas Berdou - administrateur de SiPearl repr\u00e9sentant de Bpifrance Invest.","isPartOf":{"@id":"https:\/\/sipearl.com\/fr#website"},"datePublished":"2023-08-16T11:33:07+00:00","dateModified":"2025-09-26T09:47:51+00:00","description":"Nicolas Berdou est membre du Conseil d'administration de SiPearl en tant que repr\u00e9sentant de Bpifrance Investissement.","breadcrumb":{"@id":"https:\/\/sipearl.com\/fr\/nicolas-berdou#breadcrumb"},"inLanguage":"fr-FR","potentialAction":[{"@type":"ReadAction","target":["https:\/\/sipearl.com\/fr\/nicolas-berdou"]}]},{"@type":"BreadcrumbList","@id":"https:\/\/sipearl.com\/fr\/nicolas-berdou#breadcrumb","itemListElement":[{"@type":"ListItem","position":1,"name":"Accueil","item":"https:\/\/sipearl.com\/fr"},{"@type":"ListItem","position":2,"name":"Nicolas Berdou"}]},{"@type":"WebSite","@id":"https:\/\/sipearl.com\/fr#website","url":"https:\/\/sipearl.com\/fr","name":"SiPearl","description":"le microprocesseur europ\u00e9en","publisher":{"@id":"https:\/\/sipearl.com\/fr#organization"},"potentialAction":[{"@type":"SearchAction","target":{"@type":"EntryPoint","urlTemplate":"https:\/\/sipearl.com\/fr?s={search_term_string}"},"query-input":{"@type":"PropertyValueSpecification","valueRequired":true,"valueName":"search_term_string"}}],"inLanguage":"fr-FR"},{"@type":"Organization","@id":"https:\/\/sipearl.com\/fr#organization","name":"SiPearl","url":"https:\/\/sipearl.com\/fr","logo":{"@type":"ImageObject","inLanguage":"fr-FR","@id":"https:\/\/sipearl.com\/fr#\/schema\/logo\/image\/","url":"https:\/\/sipearl.com\/wp-content\/uploads\/2021\/08\/logo_SIPEARL.png","contentUrl":"https:\/\/sipearl.com\/wp-content\/uploads\/2021\/08\/logo_SIPEARL.png","width":1146,"height":396,"caption":"SiPearl"},"image":{"@id":"https:\/\/sipearl.com\/fr#\/schema\/logo\/image\/"},"sameAs":["https:\/\/x.com\/SIPEARL_SAS","https:\/\/www.linkedin.com\/company\/sipearl\/"]}]}},"jetpack_sharing_enabled":true,"_links":{"self":[{"href":"https:\/\/sipearl.com\/fr\/wp-json\/wp\/v2\/pages\/14599","targetHints":{"allow":["GET"]}}],"collection":[{"href":"https:\/\/sipearl.com\/fr\/wp-json\/wp\/v2\/pages"}],"about":[{"href":"https:\/\/sipearl.com\/fr\/wp-json\/wp\/v2\/types\/page"}],"author":[{"embeddable":true,"href":"https:\/\/sipearl.com\/fr\/wp-json\/wp\/v2\/users\/12"}],"replies":[{"embeddable":true,"href":"https:\/\/sipearl.com\/fr\/wp-json\/wp\/v2\/comments?post=14599"}],"version-history":[{"count":10,"href":"https:\/\/sipearl.com\/fr\/wp-json\/wp\/v2\/pages\/14599\/revisions"}],"predecessor-version":[{"id":22292,"href":"https:\/\/sipearl.com\/fr\/wp-json\/wp\/v2\/pages\/14599\/revisions\/22292"}],"wp:attachment":[{"href":"https:\/\/sipearl.com\/fr\/wp-json\/wp\/v2\/media?parent=14599"}],"curies":[{"name":"wp","href":"https:\/\/api.w.org\/{rel}","templated":true}]}}