{"id":14588,"date":"2023-08-16T10:42:11","date_gmt":"2023-08-16T09:42:11","guid":{"rendered":"https:\/\/sipearl.com\/?page_id=14588"},"modified":"2025-09-26T10:37:25","modified_gmt":"2025-09-26T09:37:25","slug":"ian-jenks","status":"publish","type":"page","link":"https:\/\/sipearl.com\/fr\/ian-jenks","title":{"rendered":"Ian Jenks"},"content":{"rendered":"<section class=\"l-section wpb_row height_medium color_footer-top with_img\"><div class=\"l-section-img\" role=\"img\" aria-label=\"Image\" data-img-width=\"1920\" data-img-height=\"680\" style=\"background-image: url(https:\/\/i0.wp.com\/sipearl.com\/wp-content\/uploads\/2024\/08\/fond-degrade.jpg?fit=1920%2C680&#038;ssl=1);background-position: bottom left;background-repeat: no-repeat;\"><\/div><div class=\"l-section-h i-cf\"><div class=\"g-cols vc_row via_flex valign_top type_default stacking_default\"><div class=\"vc_col-sm-12 wpb_column vc_column_container\"><div class=\"vc_column-inner\"><div class=\"wpb_wrapper\"><div class=\"g-cols wpb_row via_flex valign_top type_default stacking_default\"><div class=\"vc_col-sm-12 vc_col-md-offset-3 vc_col-md-6 wpb_column vc_column_container\"><div class=\"vc_column-inner\"><div class=\"wpb_wrapper\"><div class=\"w-separator size_custom\" style=\"height:2rem\"><\/div><\/div><\/div><\/div><\/div><div class=\"g-cols wpb_row via_flex valign_top type_default stacking_default\"><div class=\"vc_col-sm-4 wpb_column vc_column_container\"><div class=\"vc_column-inner us_custom_eaba8efb us_animate_this\"><div class=\"wpb_wrapper\"><div class=\"w-image align_center\"><div class=\"w-image-h\"><img decoding=\"async\" width=\"300\" height=\"300\" src=\"https:\/\/i0.wp.com\/sipearl.com\/wp-content\/uploads\/2023\/09\/Ian_Jenks_chairman_Board_SiPearl_2.jpg?fit=300%2C300&amp;ssl=1\" class=\"attachment-medium size-medium\" alt=\"Ian Jenks - Chairman SiPearl\" loading=\"lazy\" srcset=\"https:\/\/i0.wp.com\/sipearl.com\/wp-content\/uploads\/2023\/09\/Ian_Jenks_chairman_Board_SiPearl_2.jpg?w=450&amp;ssl=1 450w, https:\/\/i0.wp.com\/sipearl.com\/wp-content\/uploads\/2023\/09\/Ian_Jenks_chairman_Board_SiPearl_2.jpg?resize=300%2C300&amp;ssl=1 300w, https:\/\/i0.wp.com\/sipearl.com\/wp-content\/uploads\/2023\/09\/Ian_Jenks_chairman_Board_SiPearl_2.jpg?resize=150%2C150&amp;ssl=1 150w\" sizes=\"auto, (max-width: 300px) 100vw, 300px\" \/><\/div><\/div><div class=\"w-separator size_custom\" style=\"height:2rem\"><\/div><div class=\"w-image align_center\"><a target=\"_blank\" rel=\"nofollow\" href=\"https:\/\/www.linkedin.com\/in\/ian-jenks-88315218\/\" aria-label=\"icone_Linkedin_SiPearl\" class=\"w-image-h\"><img decoding=\"async\" width=\"48\" height=\"48\" src=\"https:\/\/i0.wp.com\/sipearl.com\/wp-content\/uploads\/2025\/09\/icons8-linkedin-48.png?fit=48%2C48&amp;ssl=1\" class=\"attachment-full size-full\" alt=\"\" loading=\"lazy\" \/><\/a><\/div><div class=\"w-separator size_custom\" style=\"height:1.5rem\"><\/div><\/div><\/div><\/div><div class=\"vc_col-sm-8 wpb_column vc_column_container\"><div class=\"vc_column-inner us_custom_03ba1afd us_animate_this\"><div class=\"wpb_wrapper\"><div class=\"wpb_text_column\"><div class=\"wpb_wrapper\"><h3><strong>Ian Jenks<\/strong><\/h3>\n<h4>Pr\u00e9sident du Conseil d&rsquo;administration<\/h4>\n<p>Ian Jenks a plus de 30 ans d&rsquo;exp\u00e9rience au sein de conseils d&rsquo;administration de soci\u00e9t\u00e9s technologiques industrielles et a occup\u00e9 le poste de CEO d&rsquo;entreprises op\u00e9rant aux \u00c9tats-Unis et en Europe. Ian \u00e9tait auparavant Pr\u00e9sident d&rsquo;Uniphase Inc. et Pr\u00e9sident d&rsquo;Oplink Communications Inc. qu&rsquo;il a introduite sur le Nasdaq. Associ\u00e9 pendant sept ans de Crescendo Ventures llp, il a notamment investi dans Arteris Inc., eSilicon Inc., Spanslogic Inc. et CoreOptics GmbH.<\/p>\n<p>Ian a \u00e9galement \u00e9t\u00e9 administrateur de Techstep ASA, un fournisseur de services mobiles g\u00e9r\u00e9s dans les pays nordiques, de Paysafe plc, un fournisseur international de services de traitement des paiements ainsi que de Brady plc, un sp\u00e9cialiste des logiciels de n\u00e9gociation de mati\u00e8res premi\u00e8res. Il a \u00e9galement \u00e9t\u00e9 et continue d&rsquo;\u00eatre administrateur d&rsquo;un certain nombre de soci\u00e9t\u00e9s non cot\u00e9es.<\/p>\n<p>Ian est actuellement Pr\u00e9sident et CEO de la soci\u00e9t\u00e9 cot\u00e9e aux Etats-Unis, SmartKem, Inc.<\/p>\n<p>Ian Jenks est titulaire d&rsquo;une licence en ing\u00e9nierie a\u00e9ronautique de l&rsquo;Universit\u00e9 de Bristol.<\/p>\n<\/div><\/div><div class=\"w-separator size_custom\" style=\"height:1.8rem\"><\/div><div class=\"w-btn-wrapper align_left\"><a class=\"w-btn us-btn-style_29\" title=\"Conseil d\u2019administration\" href=\"https:\/\/sipearl.com\/fr\/conseil-administration\"><span class=\"w-btn-label\">Revenir page Conseil d&rsquo;aministration<\/span><\/a><\/div><\/div><\/div><\/div><\/div><\/div><\/div><\/div><\/div><\/div><\/section>\n","protected":false},"excerpt":{"rendered":"Ian Jenks Pr\u00e9sident du Conseil d&rsquo;administration Ian Jenks a plus de 30 ans d&rsquo;exp\u00e9rience au sein de conseils d&rsquo;administration de soci\u00e9t\u00e9s technologiques industrielles et a occup\u00e9 le poste de CEO d&rsquo;entreprises op\u00e9rant aux \u00c9tats-Unis et en Europe. Ian \u00e9tait auparavant Pr\u00e9sident d&rsquo;Uniphase Inc. et Pr\u00e9sident d&rsquo;Oplink Communications Inc. qu&rsquo;il a introduite sur le Nasdaq. Associ\u00e9...","protected":false},"author":12,"featured_media":0,"parent":0,"menu_order":0,"comment_status":"closed","ping_status":"closed","template":"","meta":{"footnotes":""},"class_list":["post-14588","page","type-page","status-publish","hentry"],"yoast_head":"<!-- This site is optimized with the Yoast SEO plugin v27.4 - https:\/\/yoast.com\/product\/yoast-seo-wordpress\/ -->\n<title>Ian Jenks - Pr\u00e9sident du Conseil d&#039;administration de SiPearl<\/title>\n<meta name=\"description\" content=\"Ian Jenks, qui a plus de 30 ans d&#039;exp\u00e9rience au sein de conseils d&#039;administration de soci\u00e9t\u00e9s technologiques, est Pr\u00e9sident de SiPearl.\" \/>\n<meta name=\"robots\" content=\"index, follow, max-snippet:-1, max-image-preview:large, max-video-preview:-1\" \/>\n<link rel=\"canonical\" href=\"https:\/\/sipearl.com\/fr\/ian-jenks\" \/>\n<meta property=\"og:locale\" content=\"fr_FR\" \/>\n<meta property=\"og:type\" content=\"article\" \/>\n<meta property=\"og:title\" content=\"Ian Jenks - Pr\u00e9sident du Conseil d&#039;administration de SiPearl\" \/>\n<meta property=\"og:description\" content=\"Ian Jenks, qui a plus de 30 ans d&#039;exp\u00e9rience au sein de conseils d&#039;administration de soci\u00e9t\u00e9s technologiques, est Pr\u00e9sident de SiPearl.\" \/>\n<meta property=\"og:url\" content=\"https:\/\/sipearl.com\/fr\/ian-jenks\" \/>\n<meta property=\"og:site_name\" content=\"SiPearl\" \/>\n<meta property=\"article:modified_time\" content=\"2025-09-26T09:37:25+00:00\" \/>\n<meta name=\"twitter:card\" content=\"summary_large_image\" \/>\n<meta name=\"twitter:site\" content=\"@SIPEARL_SAS\" \/>\n<meta name=\"twitter:label1\" content=\"Dur\u00e9e de lecture estim\u00e9e\" \/>\n\t<meta name=\"twitter:data1\" content=\"2 minutes\" \/>\n<script type=\"application\/ld+json\" class=\"yoast-schema-graph\">{\"@context\":\"https:\\\/\\\/schema.org\",\"@graph\":[{\"@type\":\"WebPage\",\"@id\":\"https:\\\/\\\/sipearl.com\\\/fr\\\/ian-jenks\",\"url\":\"https:\\\/\\\/sipearl.com\\\/fr\\\/ian-jenks\",\"name\":\"Ian Jenks - Pr\u00e9sident du Conseil d'administration de SiPearl\",\"isPartOf\":{\"@id\":\"https:\\\/\\\/sipearl.com\\\/fr#website\"},\"datePublished\":\"2023-08-16T09:42:11+00:00\",\"dateModified\":\"2025-09-26T09:37:25+00:00\",\"description\":\"Ian Jenks, qui a plus de 30 ans d'exp\u00e9rience au sein de conseils d'administration de soci\u00e9t\u00e9s technologiques, est Pr\u00e9sident de SiPearl.\",\"breadcrumb\":{\"@id\":\"https:\\\/\\\/sipearl.com\\\/fr\\\/ian-jenks#breadcrumb\"},\"inLanguage\":\"fr-FR\",\"potentialAction\":[{\"@type\":\"ReadAction\",\"target\":[\"https:\\\/\\\/sipearl.com\\\/fr\\\/ian-jenks\"]}]},{\"@type\":\"BreadcrumbList\",\"@id\":\"https:\\\/\\\/sipearl.com\\\/fr\\\/ian-jenks#breadcrumb\",\"itemListElement\":[{\"@type\":\"ListItem\",\"position\":1,\"name\":\"Accueil\",\"item\":\"https:\\\/\\\/sipearl.com\\\/fr\"},{\"@type\":\"ListItem\",\"position\":2,\"name\":\"Ian Jenks\"}]},{\"@type\":\"WebSite\",\"@id\":\"https:\\\/\\\/sipearl.com\\\/fr#website\",\"url\":\"https:\\\/\\\/sipearl.com\\\/fr\",\"name\":\"SiPearl\",\"description\":\"le microprocesseur europ\u00e9en\",\"publisher\":{\"@id\":\"https:\\\/\\\/sipearl.com\\\/fr#organization\"},\"potentialAction\":[{\"@type\":\"SearchAction\",\"target\":{\"@type\":\"EntryPoint\",\"urlTemplate\":\"https:\\\/\\\/sipearl.com\\\/fr?s={search_term_string}\"},\"query-input\":{\"@type\":\"PropertyValueSpecification\",\"valueRequired\":true,\"valueName\":\"search_term_string\"}}],\"inLanguage\":\"fr-FR\"},{\"@type\":\"Organization\",\"@id\":\"https:\\\/\\\/sipearl.com\\\/fr#organization\",\"name\":\"SiPearl\",\"url\":\"https:\\\/\\\/sipearl.com\\\/fr\",\"logo\":{\"@type\":\"ImageObject\",\"inLanguage\":\"fr-FR\",\"@id\":\"https:\\\/\\\/sipearl.com\\\/fr#\\\/schema\\\/logo\\\/image\\\/\",\"url\":\"https:\\\/\\\/sipearl.com\\\/wp-content\\\/uploads\\\/2021\\\/08\\\/logo_SIPEARL.png\",\"contentUrl\":\"https:\\\/\\\/sipearl.com\\\/wp-content\\\/uploads\\\/2021\\\/08\\\/logo_SIPEARL.png\",\"width\":1146,\"height\":396,\"caption\":\"SiPearl\"},\"image\":{\"@id\":\"https:\\\/\\\/sipearl.com\\\/fr#\\\/schema\\\/logo\\\/image\\\/\"},\"sameAs\":[\"https:\\\/\\\/x.com\\\/SIPEARL_SAS\",\"https:\\\/\\\/www.linkedin.com\\\/company\\\/sipearl\\\/\"]}]}<\/script>\n<!-- \/ Yoast SEO plugin. -->","yoast_head_json":{"title":"Ian Jenks - Pr\u00e9sident du Conseil d'administration de SiPearl","description":"Ian Jenks, qui a plus de 30 ans d'exp\u00e9rience au sein de conseils d'administration de soci\u00e9t\u00e9s technologiques, est Pr\u00e9sident de SiPearl.","robots":{"index":"index","follow":"follow","max-snippet":"max-snippet:-1","max-image-preview":"max-image-preview:large","max-video-preview":"max-video-preview:-1"},"canonical":"https:\/\/sipearl.com\/fr\/ian-jenks","og_locale":"fr_FR","og_type":"article","og_title":"Ian Jenks - Pr\u00e9sident du Conseil d'administration de SiPearl","og_description":"Ian Jenks, qui a plus de 30 ans d'exp\u00e9rience au sein de conseils d'administration de soci\u00e9t\u00e9s technologiques, est Pr\u00e9sident de SiPearl.","og_url":"https:\/\/sipearl.com\/fr\/ian-jenks","og_site_name":"SiPearl","article_modified_time":"2025-09-26T09:37:25+00:00","twitter_card":"summary_large_image","twitter_site":"@SIPEARL_SAS","twitter_misc":{"Dur\u00e9e de lecture estim\u00e9e":"2 minutes"},"schema":{"@context":"https:\/\/schema.org","@graph":[{"@type":"WebPage","@id":"https:\/\/sipearl.com\/fr\/ian-jenks","url":"https:\/\/sipearl.com\/fr\/ian-jenks","name":"Ian Jenks - Pr\u00e9sident du Conseil d'administration de SiPearl","isPartOf":{"@id":"https:\/\/sipearl.com\/fr#website"},"datePublished":"2023-08-16T09:42:11+00:00","dateModified":"2025-09-26T09:37:25+00:00","description":"Ian Jenks, qui a plus de 30 ans d'exp\u00e9rience au sein de conseils d'administration de soci\u00e9t\u00e9s technologiques, est Pr\u00e9sident de SiPearl.","breadcrumb":{"@id":"https:\/\/sipearl.com\/fr\/ian-jenks#breadcrumb"},"inLanguage":"fr-FR","potentialAction":[{"@type":"ReadAction","target":["https:\/\/sipearl.com\/fr\/ian-jenks"]}]},{"@type":"BreadcrumbList","@id":"https:\/\/sipearl.com\/fr\/ian-jenks#breadcrumb","itemListElement":[{"@type":"ListItem","position":1,"name":"Accueil","item":"https:\/\/sipearl.com\/fr"},{"@type":"ListItem","position":2,"name":"Ian Jenks"}]},{"@type":"WebSite","@id":"https:\/\/sipearl.com\/fr#website","url":"https:\/\/sipearl.com\/fr","name":"SiPearl","description":"le microprocesseur europ\u00e9en","publisher":{"@id":"https:\/\/sipearl.com\/fr#organization"},"potentialAction":[{"@type":"SearchAction","target":{"@type":"EntryPoint","urlTemplate":"https:\/\/sipearl.com\/fr?s={search_term_string}"},"query-input":{"@type":"PropertyValueSpecification","valueRequired":true,"valueName":"search_term_string"}}],"inLanguage":"fr-FR"},{"@type":"Organization","@id":"https:\/\/sipearl.com\/fr#organization","name":"SiPearl","url":"https:\/\/sipearl.com\/fr","logo":{"@type":"ImageObject","inLanguage":"fr-FR","@id":"https:\/\/sipearl.com\/fr#\/schema\/logo\/image\/","url":"https:\/\/sipearl.com\/wp-content\/uploads\/2021\/08\/logo_SIPEARL.png","contentUrl":"https:\/\/sipearl.com\/wp-content\/uploads\/2021\/08\/logo_SIPEARL.png","width":1146,"height":396,"caption":"SiPearl"},"image":{"@id":"https:\/\/sipearl.com\/fr#\/schema\/logo\/image\/"},"sameAs":["https:\/\/x.com\/SIPEARL_SAS","https:\/\/www.linkedin.com\/company\/sipearl\/"]}]}},"jetpack_sharing_enabled":true,"_links":{"self":[{"href":"https:\/\/sipearl.com\/fr\/wp-json\/wp\/v2\/pages\/14588","targetHints":{"allow":["GET"]}}],"collection":[{"href":"https:\/\/sipearl.com\/fr\/wp-json\/wp\/v2\/pages"}],"about":[{"href":"https:\/\/sipearl.com\/fr\/wp-json\/wp\/v2\/types\/page"}],"author":[{"embeddable":true,"href":"https:\/\/sipearl.com\/fr\/wp-json\/wp\/v2\/users\/12"}],"replies":[{"embeddable":true,"href":"https:\/\/sipearl.com\/fr\/wp-json\/wp\/v2\/comments?post=14588"}],"version-history":[{"count":20,"href":"https:\/\/sipearl.com\/fr\/wp-json\/wp\/v2\/pages\/14588\/revisions"}],"predecessor-version":[{"id":22285,"href":"https:\/\/sipearl.com\/fr\/wp-json\/wp\/v2\/pages\/14588\/revisions\/22285"}],"wp:attachment":[{"href":"https:\/\/sipearl.com\/fr\/wp-json\/wp\/v2\/media?parent=14588"}],"curies":[{"name":"wp","href":"https:\/\/api.w.org\/{rel}","templated":true}]}}